{"id":6520,"date":"2025-11-26T00:51:14","date_gmt":"2025-11-25T23:51:14","guid":{"rendered":"https:\/\/vzklaboratory.com\/our-products\/\u043d\u0435\u043a\u0430\u0442\u0435\u0433\u043e\u0440\u0438\u0437\u043e\u0432\u0430\u043d\u043e\/ahabha-piling-koncentrat-2\/"},"modified":"2025-12-15T11:24:51","modified_gmt":"2025-12-15T10:24:51","slug":"ahabha-piling-koncentrat","status":"publish","type":"product","link":"https:\/\/vzklaboratory.com\/sr\/na\u0161i-proizvodi\/nega-koze\/nega-lica\/ahabha-piling-koncentrat\/","title":{"rendered":"AHA+BHA PILING KONCENTRAT"},"content":{"rendered":"","protected":false},"excerpt":{"rendered":"","protected":false},"featured_media":6506,"comment_status":"open","ping_status":"closed","template":"","meta":{"_acf_changed":false,"_seopress_robots_primary_cat":"none","_seopress_titles_title":"AHA+BHA PILING KONCENTRAT - VZK","_seopress_titles_desc":"Piling serum za ko\u017eu sklonu aknama, koji se ispira, sa AHA i BHA kiselinama. Ovaj serum efikasno uklanja nakupljene mrtve \u0107elije ko\u017ee, zagla\u0111uje teksturu ko\u017ee, ujedna\u010dava ton i pove\u0107ava sjaj.","_seopress_robots_index":""},"product_brand":[],"product_cat":[132,135,149,150,104,138,102,139],"product_tag":[],"class_list":{"0":"post-6520","1":"product","2":"type-product","3":"status-publish","4":"has-post-thumbnail","6":"product_cat-nega-koze","7":"product_cat-nega-lica","8":"product_cat-tip-koze","9":"product_cat-koza-sklona-aknama","10":"product_cat-vzk-problematic-skin","11":"product_cat-potrebe-koze","12":"product_cat-linije-proizvoda","13":"product_cat-kontrola-akni","15":"first","16":"instock","17":"shipping-taxable","18":"product-type-simple"},"acf":[],"_links":{"self":[{"href":"https:\/\/vzklaboratory.com\/sr\/wp-json\/wp\/v2\/product\/6520","targetHints":{"allow":["GET"]}}],"collection":[{"href":"https:\/\/vzklaboratory.com\/sr\/wp-json\/wp\/v2\/product"}],"about":[{"href":"https:\/\/vzklaboratory.com\/sr\/wp-json\/wp\/v2\/types\/product"}],"replies":[{"embeddable":true,"href":"https:\/\/vzklaboratory.com\/sr\/wp-json\/wp\/v2\/comments?post=6520"}],"wp:featuredmedia":[{"embeddable":true,"href":"https:\/\/vzklaboratory.com\/sr\/wp-json\/wp\/v2\/media\/6506"}],"wp:attachment":[{"href":"https:\/\/vzklaboratory.com\/sr\/wp-json\/wp\/v2\/media?parent=6520"}],"wp:term":[{"taxonomy":"product_brand","embeddable":true,"href":"https:\/\/vzklaboratory.com\/sr\/wp-json\/wp\/v2\/product_brand?post=6520"},{"taxonomy":"product_cat","embeddable":true,"href":"https:\/\/vzklaboratory.com\/sr\/wp-json\/wp\/v2\/product_cat?post=6520"},{"taxonomy":"product_tag","embeddable":true,"href":"https:\/\/vzklaboratory.com\/sr\/wp-json\/wp\/v2\/product_tag?post=6520"}],"curies":[{"name":"wp","href":"https:\/\/api.w.org\/{rel}","templated":true}]}}