{"id":4569,"date":"2025-10-19T23:11:11","date_gmt":"2025-10-19T21:11:11","guid":{"rendered":"https:\/\/vzk.cubesdev.rs\/our-products\/uncategorized\/age-reset-krema-za-podrucje-oko-ociju-15ml\/"},"modified":"2025-10-19T23:11:15","modified_gmt":"2025-10-19T21:11:15","slug":"age-reset-krema-za-podrucje-oko-ociju-15ml","status":"publish","type":"product","link":"https:\/\/vzklaboratory.com\/sr\/na\u0161i-proizvodi\/linije-proizvoda\/age-reset\/age-reset-krema-za-podrucje-oko-ociju-15ml\/","title":{"rendered":"AGE reSET KREMA ZA PODRU\u010cJE OKO O\u010cIJU 15ML"},"content":{"rendered":"<p>Krema za negu ko\u017ee oko o\u010diju i o\u010dnih kapaka revolucionarno je re\u0161enje koje poma\u017ee kod usporavanja procesa glikacije, bore\u0107i se protiv znakova starenja ko\u017ee. Napredna formulacija koja sadr\u017ei AmelioxTM, posebno namenjenim za borbu protiv glikacije, gubitka elasti\u010dnosti i za\u0161titu ko\u017ee od negativnih spoljnih uticaja. Niacinamid ubla\u017eava izgled tamnih krugova, dok kofein ubla\u017eava izgled ote\u010denih podo\u010dnjaka.<\/p>\n","protected":false},"excerpt":{"rendered":"<p>Krema za negu ko\u017ee oko o\u010diju i o\u010dnih kapaka revolucionarno je re\u0161enje koje poma\u017ee kod usporavanja procesa glikacije, bore\u0107i se protiv znakova starenja ko\u017ee. Napredna formulacija koja sadr\u017ei AmelioxTM, posebno namenjenim za borbu protiv glikacije, gubitka elasti\u010dnosti i za\u0161titu ko\u017ee od negativnih spoljnih uticaja. Niacinamid ubla\u017eava izgled tamnih krugova, dok kofein ubla\u017eava izgled ote\u010denih podo\u010dnjaka.<\/p>\n","protected":false},"featured_media":4568,"comment_status":"open","ping_status":"closed","template":"","meta":{"_acf_changed":false,"_seopress_robots_primary_cat":"","_seopress_titles_title":"","_seopress_titles_desc":"","_seopress_robots_index":""},"product_brand":[],"product_cat":[394,154,132,135,142,149,138,102,151],"product_tag":[],"class_list":{"0":"post-4569","1":"product","2":"type-product","3":"status-publish","4":"has-post-thumbnail","6":"product_cat-age-reset","7":"product_cat-normalna-koza","8":"product_cat-nega-koze","9":"product_cat-nega-lica","10":"product_cat-protiv-bora","11":"product_cat-tip-koze","12":"product_cat-potrebe-koze","13":"product_cat-linije-proizvoda","14":"product_cat-svi-tipovi-koze","16":"first","17":"instock","18":"shipping-taxable","19":"purchasable","20":"product-type-simple"},"acf":[],"_links":{"self":[{"href":"https:\/\/vzklaboratory.com\/sr\/wp-json\/wp\/v2\/product\/4569","targetHints":{"allow":["GET"]}}],"collection":[{"href":"https:\/\/vzklaboratory.com\/sr\/wp-json\/wp\/v2\/product"}],"about":[{"href":"https:\/\/vzklaboratory.com\/sr\/wp-json\/wp\/v2\/types\/product"}],"replies":[{"embeddable":true,"href":"https:\/\/vzklaboratory.com\/sr\/wp-json\/wp\/v2\/comments?post=4569"}],"wp:featuredmedia":[{"embeddable":true,"href":"https:\/\/vzklaboratory.com\/sr\/wp-json\/wp\/v2\/media\/4568"}],"wp:attachment":[{"href":"https:\/\/vzklaboratory.com\/sr\/wp-json\/wp\/v2\/media?parent=4569"}],"wp:term":[{"taxonomy":"product_brand","embeddable":true,"href":"https:\/\/vzklaboratory.com\/sr\/wp-json\/wp\/v2\/product_brand?post=4569"},{"taxonomy":"product_cat","embeddable":true,"href":"https:\/\/vzklaboratory.com\/sr\/wp-json\/wp\/v2\/product_cat?post=4569"},{"taxonomy":"product_tag","embeddable":true,"href":"https:\/\/vzklaboratory.com\/sr\/wp-json\/wp\/v2\/product_tag?post=4569"}],"curies":[{"name":"wp","href":"https:\/\/api.w.org\/{rel}","templated":true}]}}