{"id":4558,"date":"2025-10-19T23:11:07","date_gmt":"2025-10-19T21:11:07","guid":{"rendered":"https:\/\/vzk.cubesdev.rs\/our-products\/uncategorized\/age-reset-koncentrat-za-vrat-i-dekolte-50ml\/"},"modified":"2025-12-02T23:36:23","modified_gmt":"2025-12-02T22:36:23","slug":"age-reset-koncentrat-za-vrat-i-dekolte-40ml","status":"publish","type":"product","link":"https:\/\/vzklaboratory.com\/sr\/na\u0161i-proizvodi\/linije-proizvoda\/age-reset\/age-reset-koncentrat-za-vrat-i-dekolte-40ml\/","title":{"rendered":"AGE reSET KONCENTRAT ZA VRAT I DEKOLTE 40ML"},"content":{"rendered":"<p>Krema za podru\u010dje vrata i dekoltea, sa kompleksom visokokvalitetnih anti-age sastojaka, pru\u017ea ko\u017ei potrebnu podr\u0161ku u borbi protiv prvih znakova starenja. Zahvaljuju\u0107i pa\u017eljivo odabranim sastojcima namenjenim borbi protiv glikacije &#8211; jednom od uzroka stvaranja bora i gubitka elasti\u010dnosti ko\u017ee, krema pobolj\u0161ava izgled ko\u017ee vrata i dekoltea i ubla\u017eava izgled postoje\u0107ih bora. Ko\u017ea izgleda \u010dvr\u0161\u0107e i zategnutije, dok je ujedno negovana, ne\u017ena i glatka.<\/p>\n","protected":false},"excerpt":{"rendered":"<p>Krema za podru\u010dje vrata i dekoltea, sa kompleksom visokokvalitetnih anti-age sastojaka, pru\u017ea ko\u017ei potrebnu podr\u0161ku u borbi protiv prvih znakova starenja. Zahvaljuju\u0107i pa\u017eljivo odabranim sastojcima namenjenim borbi protiv glikacije &#8211; jednom od uzroka stvaranja bora i gubitka elasti\u010dnosti ko\u017ee, krema pobolj\u0161ava izgled ko\u017ee vrata i dekoltea i ubla\u017eava izgled postoje\u0107ih bora. Ko\u017ea izgleda \u010dvr\u0161\u0107e i [&hellip;]<\/p>\n","protected":false},"featured_media":4557,"comment_status":"open","ping_status":"closed","template":"","meta":{"_acf_changed":false,"_seopress_robots_primary_cat":"none","_seopress_titles_title":"","_seopress_titles_desc":"","_seopress_robots_index":""},"product_brand":[],"product_cat":[394,132,135,142,154,149,138,102,151],"product_tag":[],"class_list":{"0":"post-4558","1":"product","2":"type-product","3":"status-publish","4":"has-post-thumbnail","6":"product_cat-age-reset","7":"product_cat-nega-koze","8":"product_cat-nega-lica","9":"product_cat-protiv-bora","10":"product_cat-normalna-koza","11":"product_cat-tip-koze","12":"product_cat-potrebe-koze","13":"product_cat-linije-proizvoda","14":"product_cat-svi-tipovi-koze","16":"first","17":"instock","18":"shipping-taxable","19":"purchasable","20":"product-type-simple"},"acf":[],"_links":{"self":[{"href":"https:\/\/vzklaboratory.com\/sr\/wp-json\/wp\/v2\/product\/4558","targetHints":{"allow":["GET"]}}],"collection":[{"href":"https:\/\/vzklaboratory.com\/sr\/wp-json\/wp\/v2\/product"}],"about":[{"href":"https:\/\/vzklaboratory.com\/sr\/wp-json\/wp\/v2\/types\/product"}],"replies":[{"embeddable":true,"href":"https:\/\/vzklaboratory.com\/sr\/wp-json\/wp\/v2\/comments?post=4558"}],"wp:featuredmedia":[{"embeddable":true,"href":"https:\/\/vzklaboratory.com\/sr\/wp-json\/wp\/v2\/media\/4557"}],"wp:attachment":[{"href":"https:\/\/vzklaboratory.com\/sr\/wp-json\/wp\/v2\/media?parent=4558"}],"wp:term":[{"taxonomy":"product_brand","embeddable":true,"href":"https:\/\/vzklaboratory.com\/sr\/wp-json\/wp\/v2\/product_brand?post=4558"},{"taxonomy":"product_cat","embeddable":true,"href":"https:\/\/vzklaboratory.com\/sr\/wp-json\/wp\/v2\/product_cat?post=4558"},{"taxonomy":"product_tag","embeddable":true,"href":"https:\/\/vzklaboratory.com\/sr\/wp-json\/wp\/v2\/product_tag?post=4558"}],"curies":[{"name":"wp","href":"https:\/\/api.w.org\/{rel}","templated":true}]}}