{"id":4547,"date":"2025-10-19T23:11:01","date_gmt":"2025-10-19T21:11:01","guid":{"rendered":"https:\/\/vzk.cubesdev.rs\/our-products\/uncategorized\/age-reset-serum-za-lice-30ml\/"},"modified":"2025-10-19T23:11:05","modified_gmt":"2025-10-19T21:11:05","slug":"age-reset-serum-za-lice-30ml","status":"publish","type":"product","link":"https:\/\/vzklaboratory.com\/sr\/na\u0161i-proizvodi\/linije-proizvoda\/age-reset\/age-reset-serum-za-lice-30ml\/","title":{"rendered":"AGE reSET SERUM ZA LICE 30ML"},"content":{"rendered":"<p>Serum za lice sa posebnom kombinacijom anti-age kompleksa i peptida, koji ubla\u017eavaju izgled postoje\u0107ih bora i pru\u017eaju neophodnu negu i za\u0161titu ko\u017ei lica. Namenjen je usporavanju procesa glikacije, gubitka elasti\u010dnosti, ubla\u017eava izgled protiv bora i bori se protiv prvih znakova starenja ko\u017ee. Sadr\u017ei peptide zahvaljuju\u0107i kojima ko\u017ea izgleda \u010dvr\u0161\u0107e i zategnutije, dok je zahvaljuju\u0107i glicerinu ko\u017ea hidrirana, meka i ne\u017ena.<\/p>\n","protected":false},"excerpt":{"rendered":"<p>Serum za lice sa posebnom kombinacijom anti-age kompleksa i peptida, koji ubla\u017eavaju izgled postoje\u0107ih bora i pru\u017eaju neophodnu negu i za\u0161titu ko\u017ei lica. Namenjen je usporavanju procesa glikacije, gubitka elasti\u010dnosti, ubla\u017eava izgled protiv bora i bori se protiv prvih znakova starenja ko\u017ee. Sadr\u017ei peptide zahvaljuju\u0107i kojima ko\u017ea izgleda \u010dvr\u0161\u0107e i zategnutije, dok je zahvaljuju\u0107i glicerinu [&hellip;]<\/p>\n","protected":false},"featured_media":4546,"comment_status":"open","ping_status":"closed","template":"","meta":{"_acf_changed":false,"_seopress_robots_primary_cat":"","_seopress_titles_title":"","_seopress_titles_desc":"","_seopress_robots_index":""},"product_brand":[],"product_cat":[394,132,135,142,154,149,138,102,151],"product_tag":[],"class_list":{"0":"post-4547","1":"product","2":"type-product","3":"status-publish","4":"has-post-thumbnail","6":"product_cat-age-reset","7":"product_cat-nega-koze","8":"product_cat-nega-lica","9":"product_cat-protiv-bora","10":"product_cat-normalna-koza","11":"product_cat-tip-koze","12":"product_cat-potrebe-koze","13":"product_cat-linije-proizvoda","14":"product_cat-svi-tipovi-koze","16":"first","17":"instock","18":"shipping-taxable","19":"purchasable","20":"product-type-simple"},"acf":[],"_links":{"self":[{"href":"https:\/\/vzklaboratory.com\/sr\/wp-json\/wp\/v2\/product\/4547","targetHints":{"allow":["GET"]}}],"collection":[{"href":"https:\/\/vzklaboratory.com\/sr\/wp-json\/wp\/v2\/product"}],"about":[{"href":"https:\/\/vzklaboratory.com\/sr\/wp-json\/wp\/v2\/types\/product"}],"replies":[{"embeddable":true,"href":"https:\/\/vzklaboratory.com\/sr\/wp-json\/wp\/v2\/comments?post=4547"}],"wp:featuredmedia":[{"embeddable":true,"href":"https:\/\/vzklaboratory.com\/sr\/wp-json\/wp\/v2\/media\/4546"}],"wp:attachment":[{"href":"https:\/\/vzklaboratory.com\/sr\/wp-json\/wp\/v2\/media?parent=4547"}],"wp:term":[{"taxonomy":"product_brand","embeddable":true,"href":"https:\/\/vzklaboratory.com\/sr\/wp-json\/wp\/v2\/product_brand?post=4547"},{"taxonomy":"product_cat","embeddable":true,"href":"https:\/\/vzklaboratory.com\/sr\/wp-json\/wp\/v2\/product_cat?post=4547"},{"taxonomy":"product_tag","embeddable":true,"href":"https:\/\/vzklaboratory.com\/sr\/wp-json\/wp\/v2\/product_tag?post=4547"}],"curies":[{"name":"wp","href":"https:\/\/api.w.org\/{rel}","templated":true}]}}