{"id":4525,"date":"2025-10-19T23:10:50","date_gmt":"2025-10-19T21:10:50","guid":{"rendered":"https:\/\/vzk.cubesdev.rs\/our-products\/uncategorized\/vzk-kremasta-kupka-sa-pantenolom-400ml\/"},"modified":"2025-10-19T23:10:55","modified_gmt":"2025-10-19T21:10:55","slug":"vzk-kremasta-kupka-sa-pantenolom-400ml","status":"publish","type":"product","link":"https:\/\/vzklaboratory.com\/sr\/na\u0161i-proizvodi\/linije-proizvoda\/basic-hydration\/vzk-kremasta-kupka-sa-pantenolom-400ml\/","title":{"rendered":"VZK KREMASTA KUPKA SA PANTENOLOM 400ML"},"content":{"rendered":"<p>Ne\u017ena kremasta formulacija sa pantenolom temeljno \u010disti ko\u017eu, efikasno uklanjaju\u0107i ne\u010disto\u0107e bez naru\u0161avanja njene prirodne za\u0161titne barijere. Istovremeno pru\u017ea intenzivnu negu i poma\u017ee u o\u010duvanju vla\u017enosti ko\u017ee, spre\u010davaju\u0107i ose\u0107aj suvo\u0107e i zatezanja nakon tu\u0161iranja. Namenjena je svakodnevnoj nezi svih tipova ko\u017ee.<\/p>\n","protected":false},"excerpt":{"rendered":"<p>Ne\u017ena kremasta formulacija sa pantenolom temeljno \u010disti ko\u017eu, efikasno uklanjaju\u0107i ne\u010disto\u0107e bez naru\u0161avanja njene prirodne za\u0161titne barijere. Istovremeno pru\u017ea intenzivnu negu i poma\u017ee u o\u010duvanju vla\u017enosti ko\u017ee, spre\u010davaju\u0107i ose\u0107aj suvo\u0107e i zatezanja nakon tu\u0161iranja. Namenjena je svakodnevnoj nezi svih tipova ko\u017ee.<\/p>\n","protected":false},"featured_media":4524,"comment_status":"open","ping_status":"closed","template":"","meta":{"_acf_changed":false,"_seopress_robots_primary_cat":"","_seopress_titles_title":"","_seopress_titles_desc":"","_seopress_robots_index":""},"product_brand":[],"product_cat":[336,132,149,134,138,102,143],"product_tag":[],"class_list":{"0":"post-4525","1":"product","2":"type-product","3":"status-publish","4":"has-post-thumbnail","6":"product_cat-basic-hydration","7":"product_cat-nega-koze","8":"product_cat-tip-koze","9":"product_cat-nega-tela","10":"product_cat-potrebe-koze","11":"product_cat-linije-proizvoda","12":"product_cat-osnovna-nega","14":"first","15":"instock","16":"shipping-taxable","17":"purchasable","18":"product-type-simple"},"acf":[],"_links":{"self":[{"href":"https:\/\/vzklaboratory.com\/sr\/wp-json\/wp\/v2\/product\/4525","targetHints":{"allow":["GET"]}}],"collection":[{"href":"https:\/\/vzklaboratory.com\/sr\/wp-json\/wp\/v2\/product"}],"about":[{"href":"https:\/\/vzklaboratory.com\/sr\/wp-json\/wp\/v2\/types\/product"}],"replies":[{"embeddable":true,"href":"https:\/\/vzklaboratory.com\/sr\/wp-json\/wp\/v2\/comments?post=4525"}],"wp:featuredmedia":[{"embeddable":true,"href":"https:\/\/vzklaboratory.com\/sr\/wp-json\/wp\/v2\/media\/4524"}],"wp:attachment":[{"href":"https:\/\/vzklaboratory.com\/sr\/wp-json\/wp\/v2\/media?parent=4525"}],"wp:term":[{"taxonomy":"product_brand","embeddable":true,"href":"https:\/\/vzklaboratory.com\/sr\/wp-json\/wp\/v2\/product_brand?post=4525"},{"taxonomy":"product_cat","embeddable":true,"href":"https:\/\/vzklaboratory.com\/sr\/wp-json\/wp\/v2\/product_cat?post=4525"},{"taxonomy":"product_tag","embeddable":true,"href":"https:\/\/vzklaboratory.com\/sr\/wp-json\/wp\/v2\/product_tag?post=4525"}],"curies":[{"name":"wp","href":"https:\/\/api.w.org\/{rel}","templated":true}]}}