{"id":4515,"date":"2025-10-19T23:10:45","date_gmt":"2025-10-19T21:10:45","guid":{"rendered":"https:\/\/vzk.cubesdev.rs\/our-products\/uncategorized\/after-sun-losion-200ml\/"},"modified":"2025-10-19T23:10:49","modified_gmt":"2025-10-19T21:10:49","slug":"after-sun-losion-200ml","status":"publish","type":"product","link":"https:\/\/vzklaboratory.com\/sr\/na\u0161i-proizvodi\/linije-proizvoda\/sun-care-program\/after-sun-losion-200ml\/","title":{"rendered":"AFTER SUN LOSION 200ML"},"content":{"rendered":"<p>Formulacija bazirana na pozitivnom dejstvu Defensila, niacinamida i ulja jojobe, koji umanjuju nelagodnost, osve\u017eavaju i umiruju ko\u017eu nakon du\u017eeg izlaganja suncu i poma\u017eu kod njenog oporavka. Preporu\u010duje se svim tipovima ko\u017ee.<\/p>\n","protected":false},"excerpt":{"rendered":"<p>Formulacija bazirana na pozitivnom dejstvu Defensila, niacinamida i ulja jojobe, koji umanjuju nelagodnost, osve\u017eavaju i umiruju ko\u017eu nakon du\u017eeg izlaganja suncu i poma\u017eu kod njenog oporavka. Preporu\u010duje se svim tipovima ko\u017ee.<\/p>\n","protected":false},"featured_media":4514,"comment_status":"open","ping_status":"closed","template":"","meta":{"_acf_changed":false,"_seopress_robots_primary_cat":"","_seopress_titles_title":"","_seopress_titles_desc":"","_seopress_robots_index":""},"product_brand":[],"product_cat":[392,132,154,148,149,138,102,137,151],"product_tag":[],"class_list":{"0":"post-4515","1":"product","2":"type-product","3":"status-publish","4":"has-post-thumbnail","6":"product_cat-sun-care-program","7":"product_cat-nega-koze","8":"product_cat-normalna-koza","9":"product_cat-spf-zastita","10":"product_cat-tip-koze","11":"product_cat-potrebe-koze","12":"product_cat-linije-proizvoda","13":"product_cat-zastita-od-sunca","14":"product_cat-svi-tipovi-koze","16":"first","17":"instock","18":"shipping-taxable","19":"purchasable","20":"product-type-simple"},"acf":[],"_links":{"self":[{"href":"https:\/\/vzklaboratory.com\/sr\/wp-json\/wp\/v2\/product\/4515","targetHints":{"allow":["GET"]}}],"collection":[{"href":"https:\/\/vzklaboratory.com\/sr\/wp-json\/wp\/v2\/product"}],"about":[{"href":"https:\/\/vzklaboratory.com\/sr\/wp-json\/wp\/v2\/types\/product"}],"replies":[{"embeddable":true,"href":"https:\/\/vzklaboratory.com\/sr\/wp-json\/wp\/v2\/comments?post=4515"}],"wp:featuredmedia":[{"embeddable":true,"href":"https:\/\/vzklaboratory.com\/sr\/wp-json\/wp\/v2\/media\/4514"}],"wp:attachment":[{"href":"https:\/\/vzklaboratory.com\/sr\/wp-json\/wp\/v2\/media?parent=4515"}],"wp:term":[{"taxonomy":"product_brand","embeddable":true,"href":"https:\/\/vzklaboratory.com\/sr\/wp-json\/wp\/v2\/product_brand?post=4515"},{"taxonomy":"product_cat","embeddable":true,"href":"https:\/\/vzklaboratory.com\/sr\/wp-json\/wp\/v2\/product_cat?post=4515"},{"taxonomy":"product_tag","embeddable":true,"href":"https:\/\/vzklaboratory.com\/sr\/wp-json\/wp\/v2\/product_tag?post=4515"}],"curies":[{"name":"wp","href":"https:\/\/api.w.org\/{rel}","templated":true}]}}