{"id":4458,"date":"2025-10-19T23:10:04","date_gmt":"2025-10-19T21:10:04","guid":{"rendered":"https:\/\/vzk.cubesdev.rs\/our-products\/uncategorized\/vzk-vitamin-c-serum-za-lice-30ml\/"},"modified":"2025-12-02T14:57:23","modified_gmt":"2025-12-02T13:57:23","slug":"vzk-vitamin-c-serum-za-lice-30ml","status":"publish","type":"product","link":"https:\/\/vzklaboratory.com\/sr\/na\u0161i-proizvodi\/tip-koze\/normalna-koza\/vzk-vitamin-c-serum-za-lice-30ml\/","title":{"rendered":"VZK VITAMIN C SERUM ZA LICE 30ML"},"content":{"rendered":"<p>Serum za lice sa vitaminom C neguje ko\u017eu lica, daje joj sjaj i energiju. Zahvaljuju\u0107i antioksidativnom delovanju vitamina C, kao i hijaluronskoj kiselini i ulju \u0161argarepe, ubla\u017eava znakove umora i redukuje be\u017eivotni izgled ko\u017ee lica.<\/p>\n","protected":false},"excerpt":{"rendered":"<p>Serum za lice sa vitaminom C neguje ko\u017eu lica, daje joj sjaj i energiju. Zahvaljuju\u0107i antioksidativnom delovanju vitamina C, kao i hijaluronskoj kiselini i ulju \u0161argarepe, ubla\u017eava znakove umora i redukuje be\u017eivotni izgled ko\u017ee lica.<\/p>\n","protected":false},"featured_media":4445,"comment_status":"open","ping_status":"closed","template":"","meta":{"_acf_changed":false,"_seopress_robots_primary_cat":"none","_seopress_titles_title":"","_seopress_titles_desc":"","_seopress_robots_index":""},"product_brand":[],"product_cat":[154,132,135,149,138,147,102,106,145,151],"product_tag":[],"class_list":{"0":"post-4458","1":"product","2":"type-product","3":"status-publish","4":"has-post-thumbnail","6":"product_cat-normalna-koza","7":"product_cat-nega-koze","8":"product_cat-nega-lica","9":"product_cat-tip-koze","10":"product_cat-potrebe-koze","11":"product_cat-obnavaljanje-i-revitalizacija","12":"product_cat-linije-proizvoda","13":"product_cat-vzk-vitamins","14":"product_cat-ujednacavanje-tena-i-teksture","15":"product_cat-svi-tipovi-koze","17":"first","18":"instock","19":"shipping-taxable","20":"purchasable","21":"product-type-simple"},"acf":[],"_links":{"self":[{"href":"https:\/\/vzklaboratory.com\/sr\/wp-json\/wp\/v2\/product\/4458","targetHints":{"allow":["GET"]}}],"collection":[{"href":"https:\/\/vzklaboratory.com\/sr\/wp-json\/wp\/v2\/product"}],"about":[{"href":"https:\/\/vzklaboratory.com\/sr\/wp-json\/wp\/v2\/types\/product"}],"replies":[{"embeddable":true,"href":"https:\/\/vzklaboratory.com\/sr\/wp-json\/wp\/v2\/comments?post=4458"}],"wp:featuredmedia":[{"embeddable":true,"href":"https:\/\/vzklaboratory.com\/sr\/wp-json\/wp\/v2\/media\/4445"}],"wp:attachment":[{"href":"https:\/\/vzklaboratory.com\/sr\/wp-json\/wp\/v2\/media?parent=4458"}],"wp:term":[{"taxonomy":"product_brand","embeddable":true,"href":"https:\/\/vzklaboratory.com\/sr\/wp-json\/wp\/v2\/product_brand?post=4458"},{"taxonomy":"product_cat","embeddable":true,"href":"https:\/\/vzklaboratory.com\/sr\/wp-json\/wp\/v2\/product_cat?post=4458"},{"taxonomy":"product_tag","embeddable":true,"href":"https:\/\/vzklaboratory.com\/sr\/wp-json\/wp\/v2\/product_tag?post=4458"}],"curies":[{"name":"wp","href":"https:\/\/api.w.org\/{rel}","templated":true}]}}