{"id":4429,"date":"2025-10-19T23:09:55","date_gmt":"2025-10-19T21:09:55","guid":{"rendered":"https:\/\/vzk.cubesdev.rs\/our-products\/uncategorized\/vzk-vitamin-c-krema-za-lice-50ml\/"},"modified":"2025-10-19T23:10:03","modified_gmt":"2025-10-19T21:10:03","slug":"vzk-vitamin-c-krema-za-lice-50ml","status":"publish","type":"product","link":"https:\/\/vzklaboratory.com\/sr\/na\u0161i-proizvodi\/nega-koze\/nega-lica\/vzk-vitamin-c-krema-za-lice-50ml\/","title":{"rendered":"VZK VITAMIN C KREMA ZA LICE 50ML"},"content":{"rendered":"<p>Specijalno formulisana krema za lice sa vitaminom C je bazirana na pozitivnom antioksidantnom delovanju vitamina C, koji ubla\u017eava znake umora i uklanja be\u017eivotni izgled ko\u017ee. Zahvaljuju\u0107i glicerinu, ulju \u0161argarepe i \u0161i buteru osve\u017eava i neguje umornu ko\u017eu lica, daje joj sjaj i energiju i pru\u017ea dvadeset\u010detvoro\u010dasovnu hidrataciju.<\/p>\n","protected":false},"excerpt":{"rendered":"<p>Specijalno formulisana krema za lice sa vitaminom C je bazirana na pozitivnom antioksidantnom delovanju vitamina C, koji ubla\u017eava znake umora i uklanja be\u017eivotni izgled ko\u017ee. Zahvaljuju\u0107i glicerinu, ulju \u0161argarepe i \u0161i buteru osve\u017eava i neguje umornu ko\u017eu lica, daje joj sjaj i energiju i pru\u017ea dvadeset\u010detvoro\u010dasovnu hidrataciju.<\/p>\n","protected":false},"featured_media":4422,"comment_status":"open","ping_status":"closed","template":"","meta":{"_acf_changed":false,"_seopress_robots_primary_cat":"","_seopress_titles_title":"","_seopress_titles_desc":"","_seopress_robots_index":""},"product_brand":[],"product_cat":[132,135,154,149,138,147,102,106,145,151],"product_tag":[],"class_list":{"0":"post-4429","1":"product","2":"type-product","3":"status-publish","4":"has-post-thumbnail","6":"product_cat-nega-koze","7":"product_cat-nega-lica","8":"product_cat-normalna-koza","9":"product_cat-tip-koze","10":"product_cat-potrebe-koze","11":"product_cat-obnavaljanje-i-revitalizacija","12":"product_cat-linije-proizvoda","13":"product_cat-vzk-vitamins","14":"product_cat-ujednacavanje-tena-i-teksture","15":"product_cat-svi-tipovi-koze","17":"first","18":"instock","19":"shipping-taxable","20":"purchasable","21":"product-type-simple"},"acf":[],"_links":{"self":[{"href":"https:\/\/vzklaboratory.com\/sr\/wp-json\/wp\/v2\/product\/4429","targetHints":{"allow":["GET"]}}],"collection":[{"href":"https:\/\/vzklaboratory.com\/sr\/wp-json\/wp\/v2\/product"}],"about":[{"href":"https:\/\/vzklaboratory.com\/sr\/wp-json\/wp\/v2\/types\/product"}],"replies":[{"embeddable":true,"href":"https:\/\/vzklaboratory.com\/sr\/wp-json\/wp\/v2\/comments?post=4429"}],"wp:featuredmedia":[{"embeddable":true,"href":"https:\/\/vzklaboratory.com\/sr\/wp-json\/wp\/v2\/media\/4422"}],"wp:attachment":[{"href":"https:\/\/vzklaboratory.com\/sr\/wp-json\/wp\/v2\/media?parent=4429"}],"wp:term":[{"taxonomy":"product_brand","embeddable":true,"href":"https:\/\/vzklaboratory.com\/sr\/wp-json\/wp\/v2\/product_brand?post=4429"},{"taxonomy":"product_cat","embeddable":true,"href":"https:\/\/vzklaboratory.com\/sr\/wp-json\/wp\/v2\/product_cat?post=4429"},{"taxonomy":"product_tag","embeddable":true,"href":"https:\/\/vzklaboratory.com\/sr\/wp-json\/wp\/v2\/product_tag?post=4429"}],"curies":[{"name":"wp","href":"https:\/\/api.w.org\/{rel}","templated":true}]}}