{"id":4366,"date":"2025-10-19T23:09:23","date_gmt":"2025-10-19T21:09:23","guid":{"rendered":"https:\/\/vzk.cubesdev.rs\/our-products\/uncategorized\/vzk-vazelin-50ml\/"},"modified":"2025-10-19T23:09:29","modified_gmt":"2025-10-19T21:09:29","slug":"vzk-vazelin-50ml","status":"publish","type":"product","link":"https:\/\/vzklaboratory.com\/sr\/na\u0161i-proizvodi\/nega-koze\/kucna-apoteka\/vzk-vazelin-50ml\/","title":{"rendered":"VZK VAZELIN 50ml"},"content":{"rendered":"<p>Vazelin predstavlja optimalnu negu za zahtevnu, suvu i o\u0161te\u0107enu ko\u017eu. Mo\u017ee se koristiti za svakodnevnu negu i za\u0161titu ko\u017ee lica i tela &#8211; ruku, laktova, zanoktica, usana, peta, stopala, itd. Bez konzervansa, mirisa i boja. U doma\u0107instvima, vazelin ima \u0161iroku upotrebu, i mo\u017ee se koristiti za negu i za\u0161titu ko\u017enih i gumenih predmeta ili njihovih delova.<\/p>\n","protected":false},"excerpt":{"rendered":"<p>Vazelin predstavlja optimalnu negu za zahtevnu, suvu i o\u0161te\u0107enu ko\u017eu. Mo\u017ee se koristiti za svakodnevnu negu i za\u0161titu ko\u017ee lica i tela &#8211; ruku, laktova, zanoktica, usana, peta, stopala, itd. Bez konzervansa, mirisa i boja. U doma\u0107instvima, vazelin ima \u0161iroku upotrebu, i mo\u017ee se koristiti za negu i za\u0161titu ko\u017enih i gumenih predmeta ili njihovih [&hellip;]<\/p>\n","protected":false},"featured_media":4359,"comment_status":"open","ping_status":"closed","template":"","meta":{"_acf_changed":false,"_seopress_robots_primary_cat":"","_seopress_titles_title":"","_seopress_titles_desc":"","_seopress_robots_index":""},"product_brand":[],"product_cat":[334,132,149,138,102],"product_tag":[],"class_list":{"0":"post-4366","1":"product","2":"type-product","3":"status-publish","4":"has-post-thumbnail","6":"product_cat-kucna-apoteka","7":"product_cat-nega-koze","8":"product_cat-tip-koze","9":"product_cat-potrebe-koze","10":"product_cat-linije-proizvoda","12":"first","13":"instock","14":"shipping-taxable","15":"purchasable","16":"product-type-simple"},"acf":[],"_links":{"self":[{"href":"https:\/\/vzklaboratory.com\/sr\/wp-json\/wp\/v2\/product\/4366","targetHints":{"allow":["GET"]}}],"collection":[{"href":"https:\/\/vzklaboratory.com\/sr\/wp-json\/wp\/v2\/product"}],"about":[{"href":"https:\/\/vzklaboratory.com\/sr\/wp-json\/wp\/v2\/types\/product"}],"replies":[{"embeddable":true,"href":"https:\/\/vzklaboratory.com\/sr\/wp-json\/wp\/v2\/comments?post=4366"}],"wp:featuredmedia":[{"embeddable":true,"href":"https:\/\/vzklaboratory.com\/sr\/wp-json\/wp\/v2\/media\/4359"}],"wp:attachment":[{"href":"https:\/\/vzklaboratory.com\/sr\/wp-json\/wp\/v2\/media?parent=4366"}],"wp:term":[{"taxonomy":"product_brand","embeddable":true,"href":"https:\/\/vzklaboratory.com\/sr\/wp-json\/wp\/v2\/product_brand?post=4366"},{"taxonomy":"product_cat","embeddable":true,"href":"https:\/\/vzklaboratory.com\/sr\/wp-json\/wp\/v2\/product_cat?post=4366"},{"taxonomy":"product_tag","embeddable":true,"href":"https:\/\/vzklaboratory.com\/sr\/wp-json\/wp\/v2\/product_tag?post=4366"}],"curies":[{"name":"wp","href":"https:\/\/api.w.org\/{rel}","templated":true}]}}