{"id":4349,"date":"2025-10-19T23:09:17","date_gmt":"2025-10-19T21:09:17","guid":{"rendered":"https:\/\/vzk.cubesdev.rs\/our-products\/uncategorized\/vzk-univerzalna-krema-100ml\/"},"modified":"2025-10-19T23:09:22","modified_gmt":"2025-10-19T21:09:22","slug":"vzk-univerzalna-krema-100ml","status":"publish","type":"product","link":"https:\/\/vzklaboratory.com\/sr\/na\u0161i-proizvodi\/nega-koze\/kucna-apoteka\/vzk-univerzalna-krema-100ml\/","title":{"rendered":"VZK UNIVERZALNA KREMA 100ML"},"content":{"rendered":"<p>Krem za intenzivnu negu ko\u017ee lica i tela. Pogodan je za sve tipove ko\u017ee, sa izuzetkom izrazito masne i problemati\u010dne. Svakodnevnom primenom hidrira ko\u017eu lica i tela i pru\u017ea joj za\u0161titu od negativnih spolja\u0161njih uticaja.<\/p>\n","protected":false},"excerpt":{"rendered":"<p>Krem za intenzivnu negu ko\u017ee lica i tela. Pogodan je za sve tipove ko\u017ee, sa izuzetkom izrazito masne i problemati\u010dne. Svakodnevnom primenom hidrira ko\u017eu lica i tela i pru\u017ea joj za\u0161titu od negativnih spolja\u0161njih uticaja.<\/p>\n","protected":false},"featured_media":6472,"comment_status":"open","ping_status":"closed","template":"","meta":{"_acf_changed":false,"_seopress_robots_primary_cat":"","_seopress_titles_title":"","_seopress_titles_desc":"","_seopress_robots_index":""},"product_brand":[],"product_cat":[334,132,149,138,102],"product_tag":[],"class_list":{"0":"post-4349","1":"product","2":"type-product","3":"status-publish","4":"has-post-thumbnail","6":"product_cat-kucna-apoteka","7":"product_cat-nega-koze","8":"product_cat-tip-koze","9":"product_cat-potrebe-koze","10":"product_cat-linije-proizvoda","12":"first","13":"instock","14":"shipping-taxable","15":"purchasable","16":"product-type-simple"},"acf":[],"_links":{"self":[{"href":"https:\/\/vzklaboratory.com\/sr\/wp-json\/wp\/v2\/product\/4349","targetHints":{"allow":["GET"]}}],"collection":[{"href":"https:\/\/vzklaboratory.com\/sr\/wp-json\/wp\/v2\/product"}],"about":[{"href":"https:\/\/vzklaboratory.com\/sr\/wp-json\/wp\/v2\/types\/product"}],"replies":[{"embeddable":true,"href":"https:\/\/vzklaboratory.com\/sr\/wp-json\/wp\/v2\/comments?post=4349"}],"wp:featuredmedia":[{"embeddable":true,"href":"https:\/\/vzklaboratory.com\/sr\/wp-json\/wp\/v2\/media\/6472"}],"wp:attachment":[{"href":"https:\/\/vzklaboratory.com\/sr\/wp-json\/wp\/v2\/media?parent=4349"}],"wp:term":[{"taxonomy":"product_brand","embeddable":true,"href":"https:\/\/vzklaboratory.com\/sr\/wp-json\/wp\/v2\/product_brand?post=4349"},{"taxonomy":"product_cat","embeddable":true,"href":"https:\/\/vzklaboratory.com\/sr\/wp-json\/wp\/v2\/product_cat?post=4349"},{"taxonomy":"product_tag","embeddable":true,"href":"https:\/\/vzklaboratory.com\/sr\/wp-json\/wp\/v2\/product_tag?post=4349"}],"curies":[{"name":"wp","href":"https:\/\/api.w.org\/{rel}","templated":true}]}}