{"id":4338,"date":"2025-10-19T23:09:12","date_gmt":"2025-10-19T21:09:12","guid":{"rendered":"https:\/\/vzk.cubesdev.rs\/our-products\/uncategorized\/vzk-sprej-za-decu-spf50-250ml\/"},"modified":"2025-10-19T23:09:16","modified_gmt":"2025-10-19T21:09:16","slug":"vzk-sprej-za-decu-spf50-250ml","status":"publish","type":"product","link":"https:\/\/vzklaboratory.com\/sr\/na\u0161i-proizvodi\/tip-koze\/decija-koza\/vzk-sprej-za-decu-spf50-250ml\/","title":{"rendered":"VZK SPREJ ZA DECU SPF50+ 250ml"},"content":{"rendered":"<p>Sprej-losion sa aloe verom i vitaminom E, posebno formulisan za za\u0161titu osetljive de\u010dje ko\u017ee tokom izlaganja suncu.<\/p>\n","protected":false},"excerpt":{"rendered":"<p>Sprej-losion sa aloe verom i vitaminom E, posebno formulisan za za\u0161titu osetljive de\u010dje ko\u017ee tokom izlaganja suncu.<\/p>\n","protected":false},"featured_media":4337,"comment_status":"open","ping_status":"closed","template":"","meta":{"_acf_changed":false,"_seopress_robots_primary_cat":"","_seopress_titles_title":"","_seopress_titles_desc":"","_seopress_robots_index":""},"product_brand":[],"product_cat":[386,392,132,148,149,138,102,137],"product_tag":[],"class_list":{"0":"post-4338","1":"product","2":"type-product","3":"status-publish","4":"has-post-thumbnail","6":"product_cat-decija-koza","7":"product_cat-sun-care-program","8":"product_cat-nega-koze","9":"product_cat-spf-zastita","10":"product_cat-tip-koze","11":"product_cat-potrebe-koze","12":"product_cat-linije-proizvoda","13":"product_cat-zastita-od-sunca","15":"first","16":"instock","17":"shipping-taxable","18":"purchasable","19":"product-type-simple"},"acf":[],"_links":{"self":[{"href":"https:\/\/vzklaboratory.com\/sr\/wp-json\/wp\/v2\/product\/4338","targetHints":{"allow":["GET"]}}],"collection":[{"href":"https:\/\/vzklaboratory.com\/sr\/wp-json\/wp\/v2\/product"}],"about":[{"href":"https:\/\/vzklaboratory.com\/sr\/wp-json\/wp\/v2\/types\/product"}],"replies":[{"embeddable":true,"href":"https:\/\/vzklaboratory.com\/sr\/wp-json\/wp\/v2\/comments?post=4338"}],"wp:featuredmedia":[{"embeddable":true,"href":"https:\/\/vzklaboratory.com\/sr\/wp-json\/wp\/v2\/media\/4337"}],"wp:attachment":[{"href":"https:\/\/vzklaboratory.com\/sr\/wp-json\/wp\/v2\/media?parent=4338"}],"wp:term":[{"taxonomy":"product_brand","embeddable":true,"href":"https:\/\/vzklaboratory.com\/sr\/wp-json\/wp\/v2\/product_brand?post=4338"},{"taxonomy":"product_cat","embeddable":true,"href":"https:\/\/vzklaboratory.com\/sr\/wp-json\/wp\/v2\/product_cat?post=4338"},{"taxonomy":"product_tag","embeddable":true,"href":"https:\/\/vzklaboratory.com\/sr\/wp-json\/wp\/v2\/product_tag?post=4338"}],"curies":[{"name":"wp","href":"https:\/\/api.w.org\/{rel}","templated":true}]}}