{"id":4221,"date":"2025-10-19T23:07:59","date_gmt":"2025-10-19T21:07:59","guid":{"rendered":"https:\/\/vzk.cubesdev.rs\/our-products\/uncategorized\/vzk-sos-uljana-kupka-400ml\/"},"modified":"2025-10-19T23:08:03","modified_gmt":"2025-10-19T21:08:03","slug":"vzk-sos-uljana-kupka-400ml","status":"publish","type":"product","link":"https:\/\/vzklaboratory.com\/sr\/na\u0161i-proizvodi\/linije-proizvoda\/sos-sr\/vzk-sos-uljana-kupka-400ml\/","title":{"rendered":"VZK SOS ULJANA KUPKA 400ML"},"content":{"rendered":"<p>Blaga i umiruju\u0107a formulacija namenjena kupanju i tu\u0161iranju, ubla\u017eava neprijatnosti izazvane osetljivom i suvom ko\u017eom sklonom iritacijama i crvenilu. Sadr\u017ei pantenol, aloe veru, alantoin i glicerin, koji dokazano umiruju iritacije, crvenilo i ose\u0107aj nelagodnosti ko\u017ee, ostavljaju\u0107i je mekom i ne\u017enom na dodir.<\/p>\n","protected":false},"excerpt":{"rendered":"<p>Blaga i umiruju\u0107a formulacija namenjena kupanju i tu\u0161iranju, ubla\u017eava neprijatnosti izazvane osetljivom i suvom ko\u017eom sklonom iritacijama i crvenilu. Sadr\u017ei pantenol, aloe veru, alantoin i glicerin, koji dokazano umiruju iritacije, crvenilo i ose\u0107aj nelagodnosti ko\u017ee, ostavljaju\u0107i je mekom i ne\u017enom na dodir.<\/p>\n","protected":false},"featured_media":4220,"comment_status":"open","ping_status":"closed","template":"","meta":{"_acf_changed":false,"_seopress_robots_primary_cat":"","_seopress_titles_title":"","_seopress_titles_desc":"","_seopress_robots_index":""},"product_brand":[],"product_cat":[408,132,149,138,102,136,156,153,151,141,140],"product_tag":[],"class_list":{"0":"post-4221","1":"product","2":"type-product","3":"status-publish","4":"has-post-thumbnail","6":"product_cat-sos-sr","7":"product_cat-nega-koze","8":"product_cat-tip-koze","9":"product_cat-potrebe-koze","10":"product_cat-linije-proizvoda","11":"product_cat-sos-nega","12":"product_cat-osetljiva-koza","13":"product_cat-suva-koza","14":"product_cat-svi-tipovi-koze","15":"product_cat-protiv-svraba-i-zatezanja","16":"product_cat-protiv-iritacije","18":"first","19":"instock","20":"shipping-taxable","21":"purchasable","22":"product-type-simple"},"acf":[],"_links":{"self":[{"href":"https:\/\/vzklaboratory.com\/sr\/wp-json\/wp\/v2\/product\/4221","targetHints":{"allow":["GET"]}}],"collection":[{"href":"https:\/\/vzklaboratory.com\/sr\/wp-json\/wp\/v2\/product"}],"about":[{"href":"https:\/\/vzklaboratory.com\/sr\/wp-json\/wp\/v2\/types\/product"}],"replies":[{"embeddable":true,"href":"https:\/\/vzklaboratory.com\/sr\/wp-json\/wp\/v2\/comments?post=4221"}],"wp:featuredmedia":[{"embeddable":true,"href":"https:\/\/vzklaboratory.com\/sr\/wp-json\/wp\/v2\/media\/4220"}],"wp:attachment":[{"href":"https:\/\/vzklaboratory.com\/sr\/wp-json\/wp\/v2\/media?parent=4221"}],"wp:term":[{"taxonomy":"product_brand","embeddable":true,"href":"https:\/\/vzklaboratory.com\/sr\/wp-json\/wp\/v2\/product_brand?post=4221"},{"taxonomy":"product_cat","embeddable":true,"href":"https:\/\/vzklaboratory.com\/sr\/wp-json\/wp\/v2\/product_cat?post=4221"},{"taxonomy":"product_tag","embeddable":true,"href":"https:\/\/vzklaboratory.com\/sr\/wp-json\/wp\/v2\/product_tag?post=4221"}],"curies":[{"name":"wp","href":"https:\/\/api.w.org\/{rel}","templated":true}]}}