{"id":4211,"date":"2025-10-19T23:07:55","date_gmt":"2025-10-19T21:07:55","guid":{"rendered":"https:\/\/vzk.cubesdev.rs\/our-products\/uncategorized\/vzk-sos-mleko-za-negu-tela-200ml\/"},"modified":"2025-10-19T23:07:58","modified_gmt":"2025-10-19T21:07:58","slug":"vzk-sos-mleko-za-negu-tela-200ml","status":"publish","type":"product","link":"https:\/\/vzklaboratory.com\/sr\/na\u0161i-proizvodi\/linije-proizvoda\/sos-sr\/vzk-sos-mleko-za-negu-tela-200ml\/","title":{"rendered":"VZK SOS MLEKO ZA NEGU TELA 200ML"},"content":{"rendered":"<p>Sadr\u017ei hidriraju\u0107i kompleks odabranih sastojaka koji neguju i \u0161tite ko\u017eu. Namenjen je za svakodnevnu negu ko\u017ee celog tela. Odgovara svim tipovima ko\u017ee, a posebno suvoj i osetljivoj, lako se nanosi i ko\u017ea ga brzo upija. Mo\u017ee se koristiti i za ko\u017eu iritiranu prekomernim sun\u010danjem, koju umiruje i osve\u017eava.<\/p>\n","protected":false},"excerpt":{"rendered":"<p>Sadr\u017ei hidriraju\u0107i kompleks odabranih sastojaka koji neguju i \u0161tite ko\u017eu. Namenjen je za svakodnevnu negu ko\u017ee celog tela. Odgovara svim tipovima ko\u017ee, a posebno suvoj i osetljivoj, lako se nanosi i ko\u017ea ga brzo upija. Mo\u017ee se koristiti i za ko\u017eu iritiranu prekomernim sun\u010danjem, koju umiruje i osve\u017eava.<\/p>\n","protected":false},"featured_media":4210,"comment_status":"open","ping_status":"closed","template":"","meta":{"_acf_changed":false,"_seopress_robots_primary_cat":"","_seopress_titles_title":"","_seopress_titles_desc":"","_seopress_robots_index":""},"product_brand":[],"product_cat":[408,132,149,138,136,102,156,153,151,141,140],"product_tag":[],"class_list":{"0":"post-4211","1":"product","2":"type-product","3":"status-publish","4":"has-post-thumbnail","6":"product_cat-sos-sr","7":"product_cat-nega-koze","8":"product_cat-tip-koze","9":"product_cat-potrebe-koze","10":"product_cat-sos-nega","11":"product_cat-linije-proizvoda","12":"product_cat-osetljiva-koza","13":"product_cat-suva-koza","14":"product_cat-svi-tipovi-koze","15":"product_cat-protiv-svraba-i-zatezanja","16":"product_cat-protiv-iritacije","18":"first","19":"instock","20":"shipping-taxable","21":"purchasable","22":"product-type-simple"},"acf":[],"_links":{"self":[{"href":"https:\/\/vzklaboratory.com\/sr\/wp-json\/wp\/v2\/product\/4211","targetHints":{"allow":["GET"]}}],"collection":[{"href":"https:\/\/vzklaboratory.com\/sr\/wp-json\/wp\/v2\/product"}],"about":[{"href":"https:\/\/vzklaboratory.com\/sr\/wp-json\/wp\/v2\/types\/product"}],"replies":[{"embeddable":true,"href":"https:\/\/vzklaboratory.com\/sr\/wp-json\/wp\/v2\/comments?post=4211"}],"wp:featuredmedia":[{"embeddable":true,"href":"https:\/\/vzklaboratory.com\/sr\/wp-json\/wp\/v2\/media\/4210"}],"wp:attachment":[{"href":"https:\/\/vzklaboratory.com\/sr\/wp-json\/wp\/v2\/media?parent=4211"}],"wp:term":[{"taxonomy":"product_brand","embeddable":true,"href":"https:\/\/vzklaboratory.com\/sr\/wp-json\/wp\/v2\/product_brand?post=4211"},{"taxonomy":"product_cat","embeddable":true,"href":"https:\/\/vzklaboratory.com\/sr\/wp-json\/wp\/v2\/product_cat?post=4211"},{"taxonomy":"product_tag","embeddable":true,"href":"https:\/\/vzklaboratory.com\/sr\/wp-json\/wp\/v2\/product_tag?post=4211"}],"curies":[{"name":"wp","href":"https:\/\/api.w.org\/{rel}","templated":true}]}}