{"id":4200,"date":"2025-10-19T23:07:49","date_gmt":"2025-10-19T21:07:49","guid":{"rendered":"https:\/\/vzk.cubesdev.rs\/our-products\/uncategorized\/vzk-sos-krema-za-ruke-50ml\/"},"modified":"2025-10-19T23:07:54","modified_gmt":"2025-10-19T21:07:54","slug":"vzk-sos-krema-za-ruke-50ml","status":"publish","type":"product","link":"https:\/\/vzklaboratory.com\/sr\/na\u0161i-proizvodi\/linije-proizvoda\/sos-sr\/vzk-sos-krema-za-ruke-50ml\/","title":{"rendered":"VZK SOS KREMA ZA RUKE 50ml"},"content":{"rendered":"<p>Koncentrovana formula na bazi glicerina i triglicerida maslinovog ulja, omek\u0161ava grubu i suvu ko\u017eu ruku, pru\u017eaju\u0107i prijatan ose\u0107aj.<\/p>\n","protected":false},"excerpt":{"rendered":"<p>Koncentrovana formula na bazi glicerina i triglicerida maslinovog ulja, omek\u0161ava grubu i suvu ko\u017eu ruku, pru\u017eaju\u0107i prijatan ose\u0107aj.<\/p>\n","protected":false},"featured_media":4199,"comment_status":"open","ping_status":"closed","template":"","meta":{"_acf_changed":false,"_seopress_robots_primary_cat":"","_seopress_titles_title":"","_seopress_titles_desc":"","_seopress_robots_index":""},"product_brand":[],"product_cat":[408,132,149,138,102,136,153,141,140],"product_tag":[],"class_list":{"0":"post-4200","1":"product","2":"type-product","3":"status-publish","4":"has-post-thumbnail","6":"product_cat-sos-sr","7":"product_cat-nega-koze","8":"product_cat-tip-koze","9":"product_cat-potrebe-koze","10":"product_cat-linije-proizvoda","11":"product_cat-sos-nega","12":"product_cat-suva-koza","13":"product_cat-protiv-svraba-i-zatezanja","14":"product_cat-protiv-iritacije","16":"first","17":"instock","18":"shipping-taxable","19":"purchasable","20":"product-type-simple"},"acf":[],"_links":{"self":[{"href":"https:\/\/vzklaboratory.com\/sr\/wp-json\/wp\/v2\/product\/4200","targetHints":{"allow":["GET"]}}],"collection":[{"href":"https:\/\/vzklaboratory.com\/sr\/wp-json\/wp\/v2\/product"}],"about":[{"href":"https:\/\/vzklaboratory.com\/sr\/wp-json\/wp\/v2\/types\/product"}],"replies":[{"embeddable":true,"href":"https:\/\/vzklaboratory.com\/sr\/wp-json\/wp\/v2\/comments?post=4200"}],"wp:featuredmedia":[{"embeddable":true,"href":"https:\/\/vzklaboratory.com\/sr\/wp-json\/wp\/v2\/media\/4199"}],"wp:attachment":[{"href":"https:\/\/vzklaboratory.com\/sr\/wp-json\/wp\/v2\/media?parent=4200"}],"wp:term":[{"taxonomy":"product_brand","embeddable":true,"href":"https:\/\/vzklaboratory.com\/sr\/wp-json\/wp\/v2\/product_brand?post=4200"},{"taxonomy":"product_cat","embeddable":true,"href":"https:\/\/vzklaboratory.com\/sr\/wp-json\/wp\/v2\/product_cat?post=4200"},{"taxonomy":"product_tag","embeddable":true,"href":"https:\/\/vzklaboratory.com\/sr\/wp-json\/wp\/v2\/product_tag?post=4200"}],"curies":[{"name":"wp","href":"https:\/\/api.w.org\/{rel}","templated":true}]}}