{"id":4188,"date":"2025-10-19T23:07:32","date_gmt":"2025-10-19T21:07:32","guid":{"rendered":"https:\/\/vzk.cubesdev.rs\/our-products\/uncategorized\/vzk-sensitive-pena-za-umivanje-150ml\/"},"modified":"2025-10-19T23:07:48","modified_gmt":"2025-10-19T21:07:48","slug":"vzk-sensitive-pena-za-umivanje-150ml","status":"publish","type":"product","link":"https:\/\/vzklaboratory.com\/sr\/na\u0161i-proizvodi\/potrebe-koze\/ciscenje-lica\/vzk-sensitive-pena-za-umivanje-150ml\/","title":{"rendered":"VZK SENSITIVE PENA ZA UMIVANJE 150ML"},"content":{"rendered":"<p>Blaga formulacija namenjena za \u010di\u0161\u0107enje i negu osetljive ko\u017ee lica \u010dak i one sklone iritacijama. Bazirana je na dejstvu ekstrakta crvene alge koji umiruje ko\u017eu i umanjuje ose\u0107aj zatezanja i nelagodnosti. Efikasno uklanja ne\u010disto\u0107e i ostatke \u0161minke, ostavljaju\u0107i ko\u017eu \u010distom i sve\u017eom.<\/p>\n","protected":false},"excerpt":{"rendered":"<p>Blaga formulacija namenjena za \u010di\u0161\u0107enje i negu osetljive ko\u017ee lica \u010dak i one sklone iritacijama. Bazirana je na dejstvu ekstrakta crvene alge koji umiruje ko\u017eu i umanjuje ose\u0107aj zatezanja i nelagodnosti. Efikasno uklanja ne\u010disto\u0107e i ostatke \u0161minke, ostavljaju\u0107i ko\u017eu \u010distom i sve\u017eom.<\/p>\n","protected":false},"featured_media":4169,"comment_status":"open","ping_status":"closed","template":"","meta":{"_acf_changed":false,"_seopress_robots_primary_cat":"","_seopress_titles_title":"","_seopress_titles_desc":"","_seopress_robots_index":""},"product_brand":[],"product_cat":[378,132,135,149,105,138,102,156,140],"product_tag":[],"class_list":{"0":"post-4188","1":"product","2":"type-product","3":"status-publish","4":"has-post-thumbnail","6":"product_cat-ciscenje-lica","7":"product_cat-nega-koze","8":"product_cat-nega-lica","9":"product_cat-tip-koze","10":"product_cat-vzk-sensitive","11":"product_cat-potrebe-koze","12":"product_cat-linije-proizvoda","13":"product_cat-osetljiva-koza","14":"product_cat-protiv-iritacije","16":"first","17":"instock","18":"shipping-taxable","19":"purchasable","20":"product-type-simple"},"acf":[],"_links":{"self":[{"href":"https:\/\/vzklaboratory.com\/sr\/wp-json\/wp\/v2\/product\/4188","targetHints":{"allow":["GET"]}}],"collection":[{"href":"https:\/\/vzklaboratory.com\/sr\/wp-json\/wp\/v2\/product"}],"about":[{"href":"https:\/\/vzklaboratory.com\/sr\/wp-json\/wp\/v2\/types\/product"}],"replies":[{"embeddable":true,"href":"https:\/\/vzklaboratory.com\/sr\/wp-json\/wp\/v2\/comments?post=4188"}],"wp:featuredmedia":[{"embeddable":true,"href":"https:\/\/vzklaboratory.com\/sr\/wp-json\/wp\/v2\/media\/4169"}],"wp:attachment":[{"href":"https:\/\/vzklaboratory.com\/sr\/wp-json\/wp\/v2\/media?parent=4188"}],"wp:term":[{"taxonomy":"product_brand","embeddable":true,"href":"https:\/\/vzklaboratory.com\/sr\/wp-json\/wp\/v2\/product_brand?post=4188"},{"taxonomy":"product_cat","embeddable":true,"href":"https:\/\/vzklaboratory.com\/sr\/wp-json\/wp\/v2\/product_cat?post=4188"},{"taxonomy":"product_tag","embeddable":true,"href":"https:\/\/vzklaboratory.com\/sr\/wp-json\/wp\/v2\/product_tag?post=4188"}],"curies":[{"name":"wp","href":"https:\/\/api.w.org\/{rel}","templated":true}]}}