{"id":4135,"date":"2025-10-19T23:07:13","date_gmt":"2025-10-19T21:07:13","guid":{"rendered":"https:\/\/vzk.cubesdev.rs\/our-products\/uncategorized\/vzk-sensitive-micelarna-voda-100ml\/"},"modified":"2025-10-19T23:07:17","modified_gmt":"2025-10-19T21:07:17","slug":"vzk-sensitive-micelarna-voda-100ml","status":"publish","type":"product","link":"https:\/\/vzklaboratory.com\/sr\/na\u0161i-proizvodi\/potrebe-koze\/ciscenje-lica\/vzk-sensitive-micelarna-voda-100ml\/","title":{"rendered":"VZK SENSITIVE MICELARNA VODA 100ML"},"content":{"rendered":"<p>Micelarna voda za osetljivu ko\u017eu formulisana je kao 3 u 1 preparat &#8211; efikasno sredstvo za \u010di\u0161\u0107enje ko\u017ee, skidanje \u0161minke i umiruju\u0107i tonik.<\/p>\n","protected":false},"excerpt":{"rendered":"<p>Micelarna voda za osetljivu ko\u017eu formulisana je kao 3 u 1 preparat &#8211; efikasno sredstvo za \u010di\u0161\u0107enje ko\u017ee, skidanje \u0161minke i umiruju\u0107i tonik.<\/p>\n","protected":false},"featured_media":4134,"comment_status":"open","ping_status":"closed","template":"","meta":{"_acf_changed":false,"_seopress_robots_primary_cat":"","_seopress_titles_title":"","_seopress_titles_desc":"","_seopress_robots_index":""},"product_brand":[],"product_cat":[378,135,132,149,138,105,102,156,140],"product_tag":[],"class_list":{"0":"post-4135","1":"product","2":"type-product","3":"status-publish","4":"has-post-thumbnail","6":"product_cat-ciscenje-lica","7":"product_cat-nega-lica","8":"product_cat-nega-koze","9":"product_cat-tip-koze","10":"product_cat-potrebe-koze","11":"product_cat-vzk-sensitive","12":"product_cat-linije-proizvoda","13":"product_cat-osetljiva-koza","14":"product_cat-protiv-iritacije","16":"first","17":"instock","18":"shipping-taxable","19":"purchasable","20":"product-type-simple"},"acf":[],"_links":{"self":[{"href":"https:\/\/vzklaboratory.com\/sr\/wp-json\/wp\/v2\/product\/4135","targetHints":{"allow":["GET"]}}],"collection":[{"href":"https:\/\/vzklaboratory.com\/sr\/wp-json\/wp\/v2\/product"}],"about":[{"href":"https:\/\/vzklaboratory.com\/sr\/wp-json\/wp\/v2\/types\/product"}],"replies":[{"embeddable":true,"href":"https:\/\/vzklaboratory.com\/sr\/wp-json\/wp\/v2\/comments?post=4135"}],"wp:featuredmedia":[{"embeddable":true,"href":"https:\/\/vzklaboratory.com\/sr\/wp-json\/wp\/v2\/media\/4134"}],"wp:attachment":[{"href":"https:\/\/vzklaboratory.com\/sr\/wp-json\/wp\/v2\/media?parent=4135"}],"wp:term":[{"taxonomy":"product_brand","embeddable":true,"href":"https:\/\/vzklaboratory.com\/sr\/wp-json\/wp\/v2\/product_brand?post=4135"},{"taxonomy":"product_cat","embeddable":true,"href":"https:\/\/vzklaboratory.com\/sr\/wp-json\/wp\/v2\/product_cat?post=4135"},{"taxonomy":"product_tag","embeddable":true,"href":"https:\/\/vzklaboratory.com\/sr\/wp-json\/wp\/v2\/product_tag?post=4135"}],"curies":[{"name":"wp","href":"https:\/\/api.w.org\/{rel}","templated":true}]}}