{"id":4123,"date":"2025-10-19T23:06:30","date_gmt":"2025-10-19T21:06:30","guid":{"rendered":"https:\/\/vzk.cubesdev.rs\/our-products\/uncategorized\/vzk-sensitive-krema-za-lice-50ml\/"},"modified":"2025-10-19T23:07:11","modified_gmt":"2025-10-19T21:07:11","slug":"vzk-sensitive-krema-za-lice-50ml","status":"publish","type":"product","link":"https:\/\/vzklaboratory.com\/sr\/na\u0161i-proizvodi\/nega-koze\/nega-lica\/vzk-sensitive-krema-za-lice-50ml\/","title":{"rendered":"VZK SENSITIVE KREMA ZA LICE 50ML"},"content":{"rendered":"<p>Krema za lice blage i nemasne formulacije namenjena osetljivoj ko\u017ei koja je sklona preteranoj reakciji na spoljne stimulanse. Olak\u0161ava nelagodnost i umanjuje crvenilo prouzrokovano spoljnim uticajima. Sadr\u017ei skvalan, pantenol i bisabolol koji umiruju ko\u017eu lica, smanjuju ose\u0107aj zatezanja i nelagodnosti, pru\u017eaju\u0107i joj potrebnu negu i hidrataciju.<\/p>\n","protected":false},"excerpt":{"rendered":"<p>Krema za lice blage i nemasne formulacije namenjena osetljivoj ko\u017ei koja je sklona preteranoj reakciji na spoljne stimulanse. Olak\u0161ava nelagodnost i umanjuje crvenilo prouzrokovano spoljnim uticajima. Sadr\u017ei skvalan, pantenol i bisabolol koji umiruju ko\u017eu lica, smanjuju ose\u0107aj zatezanja i nelagodnosti, pru\u017eaju\u0107i joj potrebnu negu i hidrataciju.<\/p>\n","protected":false},"featured_media":4068,"comment_status":"open","ping_status":"closed","template":"","meta":{"_acf_changed":false,"_seopress_robots_primary_cat":"","_seopress_titles_title":"","_seopress_titles_desc":"","_seopress_robots_index":""},"product_brand":[],"product_cat":[132,135,149,105,138,102,156,140],"product_tag":[],"class_list":{"0":"post-4123","1":"product","2":"type-product","3":"status-publish","4":"has-post-thumbnail","6":"product_cat-nega-koze","7":"product_cat-nega-lica","8":"product_cat-tip-koze","9":"product_cat-vzk-sensitive","10":"product_cat-potrebe-koze","11":"product_cat-linije-proizvoda","12":"product_cat-osetljiva-koza","13":"product_cat-protiv-iritacije","15":"first","16":"instock","17":"shipping-taxable","18":"purchasable","19":"product-type-simple"},"acf":[],"_links":{"self":[{"href":"https:\/\/vzklaboratory.com\/sr\/wp-json\/wp\/v2\/product\/4123","targetHints":{"allow":["GET"]}}],"collection":[{"href":"https:\/\/vzklaboratory.com\/sr\/wp-json\/wp\/v2\/product"}],"about":[{"href":"https:\/\/vzklaboratory.com\/sr\/wp-json\/wp\/v2\/types\/product"}],"replies":[{"embeddable":true,"href":"https:\/\/vzklaboratory.com\/sr\/wp-json\/wp\/v2\/comments?post=4123"}],"wp:featuredmedia":[{"embeddable":true,"href":"https:\/\/vzklaboratory.com\/sr\/wp-json\/wp\/v2\/media\/4068"}],"wp:attachment":[{"href":"https:\/\/vzklaboratory.com\/sr\/wp-json\/wp\/v2\/media?parent=4123"}],"wp:term":[{"taxonomy":"product_brand","embeddable":true,"href":"https:\/\/vzklaboratory.com\/sr\/wp-json\/wp\/v2\/product_brand?post=4123"},{"taxonomy":"product_cat","embeddable":true,"href":"https:\/\/vzklaboratory.com\/sr\/wp-json\/wp\/v2\/product_cat?post=4123"},{"taxonomy":"product_tag","embeddable":true,"href":"https:\/\/vzklaboratory.com\/sr\/wp-json\/wp\/v2\/product_tag?post=4123"}],"curies":[{"name":"wp","href":"https:\/\/api.w.org\/{rel}","templated":true}]}}