{"id":4011,"date":"2025-10-19T23:05:51","date_gmt":"2025-10-19T21:05:51","guid":{"rendered":"https:\/\/vzk.cubesdev.rs\/our-products\/uncategorized\/vzk-ricinus-ulje-40ml\/"},"modified":"2025-10-19T23:05:59","modified_gmt":"2025-10-19T21:05:59","slug":"vzk-ricinus-ulje-40ml","status":"publish","type":"product","link":"https:\/\/vzklaboratory.com\/sr\/na\u0161i-proizvodi\/nega-koze\/kucna-apoteka\/vzk-ricinus-ulje-40ml\/","title":{"rendered":"VZK RICINUS ULJE 40ML"},"content":{"rendered":"<p>Ricinusovo ulje se koristi za negu suve i osetljive ko\u017ee, kose i noktiju. Ono ko\u017ei daje vla\u017enost, \u010dine\u0107i je mekom i glatkom. Takodje, neguje suvu kosu, poma\u017ee ja\u010danju dlake i \u010dini je otpornijom na fizi\u010dka i hemijska o\u0161te\u0107enja. Ricinusovo ulje neguje i nokte i pobolj\u0161ava njihovu \u010dvrstinu. Dodatak vitamina E \u0161titi ko\u017eu, kosu i nokte i \u010dini ih otpornijom na spolja\u0161nje uticaje.<\/p>\n","protected":false},"excerpt":{"rendered":"<p>Ricinusovo ulje se koristi za negu suve i osetljive ko\u017ee, kose i noktiju. Ono ko\u017ei daje vla\u017enost, \u010dine\u0107i je mekom i glatkom. Takodje, neguje suvu kosu, poma\u017ee ja\u010danju dlake i \u010dini je otpornijom na fizi\u010dka i hemijska o\u0161te\u0107enja. Ricinusovo ulje neguje i nokte i pobolj\u0161ava njihovu \u010dvrstinu. Dodatak vitamina E \u0161titi ko\u017eu, kosu i nokte [&hellip;]<\/p>\n","protected":false},"featured_media":4004,"comment_status":"open","ping_status":"closed","template":"","meta":{"_acf_changed":false,"_seopress_robots_primary_cat":"","_seopress_titles_title":"","_seopress_titles_desc":"","_seopress_robots_index":""},"product_brand":[],"product_cat":[334,132,149,138,102],"product_tag":[],"class_list":{"0":"post-4011","1":"product","2":"type-product","3":"status-publish","4":"has-post-thumbnail","6":"product_cat-kucna-apoteka","7":"product_cat-nega-koze","8":"product_cat-tip-koze","9":"product_cat-potrebe-koze","10":"product_cat-linije-proizvoda","12":"first","13":"instock","14":"shipping-taxable","15":"purchasable","16":"product-type-simple"},"acf":[],"_links":{"self":[{"href":"https:\/\/vzklaboratory.com\/sr\/wp-json\/wp\/v2\/product\/4011","targetHints":{"allow":["GET"]}}],"collection":[{"href":"https:\/\/vzklaboratory.com\/sr\/wp-json\/wp\/v2\/product"}],"about":[{"href":"https:\/\/vzklaboratory.com\/sr\/wp-json\/wp\/v2\/types\/product"}],"replies":[{"embeddable":true,"href":"https:\/\/vzklaboratory.com\/sr\/wp-json\/wp\/v2\/comments?post=4011"}],"wp:featuredmedia":[{"embeddable":true,"href":"https:\/\/vzklaboratory.com\/sr\/wp-json\/wp\/v2\/media\/4004"}],"wp:attachment":[{"href":"https:\/\/vzklaboratory.com\/sr\/wp-json\/wp\/v2\/media?parent=4011"}],"wp:term":[{"taxonomy":"product_brand","embeddable":true,"href":"https:\/\/vzklaboratory.com\/sr\/wp-json\/wp\/v2\/product_brand?post=4011"},{"taxonomy":"product_cat","embeddable":true,"href":"https:\/\/vzklaboratory.com\/sr\/wp-json\/wp\/v2\/product_cat?post=4011"},{"taxonomy":"product_tag","embeddable":true,"href":"https:\/\/vzklaboratory.com\/sr\/wp-json\/wp\/v2\/product_tag?post=4011"}],"curies":[{"name":"wp","href":"https:\/\/api.w.org\/{rel}","templated":true}]}}