{"id":3994,"date":"2025-10-19T23:05:42","date_gmt":"2025-10-19T21:05:42","guid":{"rendered":"https:\/\/vzk.cubesdev.rs\/our-products\/uncategorized\/vzk-revitalizujuci-serum-za-lice-sa-retinolom-30ml\/"},"modified":"2025-10-19T23:05:50","modified_gmt":"2025-10-19T21:05:50","slug":"vzk-revitalizujuci-serum-za-lice-sa-retinolom-30ml","status":"publish","type":"product","link":"https:\/\/vzklaboratory.com\/sr\/na\u0161i-proizvodi\/linije-proizvoda\/retinol\/vzk-revitalizujuci-serum-za-lice-sa-retinolom-30ml\/","title":{"rendered":"VZK REVITALIZUJU\u0106I SERUM ZA LICE SA RETINOLOM 30ML"},"content":{"rendered":"<p>Koncentrovani serum sa anti-age kompleksom Vitamina A (Retinolom i Retinalom) i hijaluronske kiseline, daje ko\u017ei lica sjaj i energiju, doprinosi zna\u010dajnom pobolj\u0161anju teksture ko\u017ee, umanjuje vidljivost bora i tankih linija i pru\u017ea uo\u010dljive rezultate u borbi protiv starenja ko\u017ee, bez neugodnih nuspojave kao \u0161to su crvenilo, suvo\u0107a i lju\u0161tenje ko\u017ee. Hijaluronska kiselina hidrira ko\u017eu i ubla\u017eava izgled postoje\u0107ih bora, dok ulje jojobe neguje ko\u017eu lica i \u0161titi je od negativnih spolja\u0161njih uticaja.<\/p>\n","protected":false},"excerpt":{"rendered":"<p>Koncentrovani serum sa anti-age kompleksom Vitamina A (Retinolom i Retinalom) i hijaluronske kiseline, daje ko\u017ei lica sjaj i energiju, doprinosi zna\u010dajnom pobolj\u0161anju teksture ko\u017ee, umanjuje vidljivost bora i tankih linija i pru\u017ea uo\u010dljive rezultate u borbi protiv starenja ko\u017ee, bez neugodnih nuspojave kao \u0161to su crvenilo, suvo\u0107a i lju\u0161tenje ko\u017ee. Hijaluronska kiselina hidrira ko\u017eu i [&hellip;]<\/p>\n","protected":false},"featured_media":3987,"comment_status":"open","ping_status":"closed","template":"","meta":{"_acf_changed":false,"_seopress_robots_primary_cat":"","_seopress_titles_title":"","_seopress_titles_desc":"","_seopress_robots_index":""},"product_brand":[],"product_cat":[340,154,132,135,142,149,138,147,102,146,151],"product_tag":[],"class_list":{"0":"post-3994","1":"product","2":"type-product","3":"status-publish","4":"has-post-thumbnail","6":"product_cat-retinol","7":"product_cat-normalna-koza","8":"product_cat-nega-koze","9":"product_cat-nega-lica","10":"product_cat-protiv-bora","11":"product_cat-tip-koze","12":"product_cat-potrebe-koze","13":"product_cat-obnavaljanje-i-revitalizacija","14":"product_cat-linije-proizvoda","15":"product_cat-hidratacija","16":"product_cat-svi-tipovi-koze","18":"first","19":"instock","20":"shipping-taxable","21":"purchasable","22":"product-type-simple"},"acf":[],"_links":{"self":[{"href":"https:\/\/vzklaboratory.com\/sr\/wp-json\/wp\/v2\/product\/3994","targetHints":{"allow":["GET"]}}],"collection":[{"href":"https:\/\/vzklaboratory.com\/sr\/wp-json\/wp\/v2\/product"}],"about":[{"href":"https:\/\/vzklaboratory.com\/sr\/wp-json\/wp\/v2\/types\/product"}],"replies":[{"embeddable":true,"href":"https:\/\/vzklaboratory.com\/sr\/wp-json\/wp\/v2\/comments?post=3994"}],"wp:featuredmedia":[{"embeddable":true,"href":"https:\/\/vzklaboratory.com\/sr\/wp-json\/wp\/v2\/media\/3987"}],"wp:attachment":[{"href":"https:\/\/vzklaboratory.com\/sr\/wp-json\/wp\/v2\/media?parent=3994"}],"wp:term":[{"taxonomy":"product_brand","embeddable":true,"href":"https:\/\/vzklaboratory.com\/sr\/wp-json\/wp\/v2\/product_brand?post=3994"},{"taxonomy":"product_cat","embeddable":true,"href":"https:\/\/vzklaboratory.com\/sr\/wp-json\/wp\/v2\/product_cat?post=3994"},{"taxonomy":"product_tag","embeddable":true,"href":"https:\/\/vzklaboratory.com\/sr\/wp-json\/wp\/v2\/product_tag?post=3994"}],"curies":[{"name":"wp","href":"https:\/\/api.w.org\/{rel}","templated":true}]}}