{"id":3977,"date":"2025-10-19T23:05:21","date_gmt":"2025-10-19T21:05:21","guid":{"rendered":"https:\/\/vzk.cubesdev.rs\/our-products\/uncategorized\/vzk-renewal-kremasta-kupka-sa-ceramidima-400ml\/"},"modified":"2025-10-19T23:05:41","modified_gmt":"2025-10-19T21:05:41","slug":"vzk-renewal-kremasta-kupka-sa-ceramidima-400ml","status":"publish","type":"product","link":"https:\/\/vzklaboratory.com\/sr\/na\u0161i-proizvodi\/linije-proizvoda\/ceramides\/vzk-renewal-kremasta-kupka-sa-ceramidima-400ml\/","title":{"rendered":"VZK RENEWAL KREMASTA KUPKA SA CERAMIDIMA 400ML"},"content":{"rendered":"<p>Ne\u017ena kremasta formulacija omogu\u0107ava temeljno \u010di\u0161\u0107enje, uklanjaju\u0107i ne\u010disto\u0107e bez o\u0161te\u0107enja za\u0161titnog sloja ko\u017ee. Formulacija oboga\u0107ena visokokvalitetnim ceramidima pru\u017ea ko\u017ei potrebnu podr\u0161ku za o\u010duvanje vla\u017enosti i prirodne barijere, istovremeno elimini\u0161u\u0107i neprijatan ose\u0107aj zatezanja nakon tu\u0161iranja. Dodatak bademovog i jojobinog ulja omek\u0161ava ko\u017eu i pru\u017ea dugotrajan ose\u0107aj hidratacije. Pogodno za negu svih tipova ko\u017ee, posebno suve i osetljive.<\/p>\n","protected":false},"excerpt":{"rendered":"<p>Ne\u017ena kremasta formulacija omogu\u0107ava temeljno \u010di\u0161\u0107enje, uklanjaju\u0107i ne\u010disto\u0107e bez o\u0161te\u0107enja za\u0161titnog sloja ko\u017ee. Formulacija oboga\u0107ena visokokvalitetnim ceramidima pru\u017ea ko\u017ei potrebnu podr\u0161ku za o\u010duvanje vla\u017enosti i prirodne barijere, istovremeno elimini\u0161u\u0107i neprijatan ose\u0107aj zatezanja nakon tu\u0161iranja. Dodatak bademovog i jojobinog ulja omek\u0161ava ko\u017eu i pru\u017ea dugotrajan ose\u0107aj hidratacije. Pogodno za negu svih tipova ko\u017ee, posebno suve i [&hellip;]<\/p>\n","protected":false},"featured_media":3964,"comment_status":"open","ping_status":"closed","template":"","meta":{"_acf_changed":false,"_seopress_robots_primary_cat":"","_seopress_titles_title":"","_seopress_titles_desc":"","_seopress_robots_index":""},"product_brand":[],"product_cat":[391,378,132,135,134,149,138,147,102,156,153,141],"product_tag":[],"class_list":{"0":"post-3977","1":"product","2":"type-product","3":"status-publish","4":"has-post-thumbnail","6":"product_cat-ceramides","7":"product_cat-ciscenje-lica","8":"product_cat-nega-koze","9":"product_cat-nega-lica","10":"product_cat-nega-tela","11":"product_cat-tip-koze","12":"product_cat-potrebe-koze","13":"product_cat-obnavaljanje-i-revitalizacija","14":"product_cat-linije-proizvoda","15":"product_cat-osetljiva-koza","16":"product_cat-suva-koza","17":"product_cat-protiv-svraba-i-zatezanja","19":"first","20":"instock","21":"shipping-taxable","22":"purchasable","23":"product-type-simple"},"acf":[],"_links":{"self":[{"href":"https:\/\/vzklaboratory.com\/sr\/wp-json\/wp\/v2\/product\/3977","targetHints":{"allow":["GET"]}}],"collection":[{"href":"https:\/\/vzklaboratory.com\/sr\/wp-json\/wp\/v2\/product"}],"about":[{"href":"https:\/\/vzklaboratory.com\/sr\/wp-json\/wp\/v2\/types\/product"}],"replies":[{"embeddable":true,"href":"https:\/\/vzklaboratory.com\/sr\/wp-json\/wp\/v2\/comments?post=3977"}],"wp:featuredmedia":[{"embeddable":true,"href":"https:\/\/vzklaboratory.com\/sr\/wp-json\/wp\/v2\/media\/3964"}],"wp:attachment":[{"href":"https:\/\/vzklaboratory.com\/sr\/wp-json\/wp\/v2\/media?parent=3977"}],"wp:term":[{"taxonomy":"product_brand","embeddable":true,"href":"https:\/\/vzklaboratory.com\/sr\/wp-json\/wp\/v2\/product_brand?post=3977"},{"taxonomy":"product_cat","embeddable":true,"href":"https:\/\/vzklaboratory.com\/sr\/wp-json\/wp\/v2\/product_cat?post=3977"},{"taxonomy":"product_tag","embeddable":true,"href":"https:\/\/vzklaboratory.com\/sr\/wp-json\/wp\/v2\/product_tag?post=3977"}],"curies":[{"name":"wp","href":"https:\/\/api.w.org\/{rel}","templated":true}]}}