{"id":3941,"date":"2025-10-19T23:04:48","date_gmt":"2025-10-19T21:04:48","guid":{"rendered":"https:\/\/vzk.cubesdev.rs\/our-products\/uncategorized\/vzk-renewal-krema-sa-ceramidima-50ml\/"},"modified":"2025-10-19T23:05:19","modified_gmt":"2025-10-19T21:05:19","slug":"vzk-renewal-krema-sa-ceramidima-50ml","status":"publish","type":"product","link":"https:\/\/vzklaboratory.com\/sr\/na\u0161i-proizvodi\/linije-proizvoda\/ceramides\/vzk-renewal-krema-sa-ceramidima-50ml\/","title":{"rendered":"VZK RENEWAL KREMA SA CERAMIDIMA 50ML"},"content":{"rendered":"<p>Krema za lice sa kompleksom visokokvalitetnih ceramida pru\u017ea ko\u017ei potrebnu podr\u0161ku za o\u010duvanje vla\u017enosti i njenog prirodnog barijernog sloja. Zahvaljuju\u0107i Amaretine\u00ae intenzivno neguje ko\u017eu lica i poma\u017ee u borbi protiv iritacija i crvenila, \u010dine\u0107i je blistavom i sjajnom. Sadr\u017ei za\u0161titni faktor SPF 15, koji \u0161titi ko\u017eu lica od preranog starenja, izazvanog \u0161tetnim sun\u010devim zracima.<\/p>\n","protected":false},"excerpt":{"rendered":"<p>Krema za lice sa kompleksom visokokvalitetnih ceramida pru\u017ea ko\u017ei potrebnu podr\u0161ku za o\u010duvanje vla\u017enosti i njenog prirodnog barijernog sloja. Zahvaljuju\u0107i Amaretine\u00ae intenzivno neguje ko\u017eu lica i poma\u017ee u borbi protiv iritacija i crvenila, \u010dine\u0107i je blistavom i sjajnom. Sadr\u017ei za\u0161titni faktor SPF 15, koji \u0161titi ko\u017eu lica od preranog starenja, izazvanog \u0161tetnim sun\u010devim zracima.<\/p>\n","protected":false},"featured_media":3904,"comment_status":"open","ping_status":"closed","template":"","meta":{"_acf_changed":false,"_seopress_robots_primary_cat":"","_seopress_titles_title":"","_seopress_titles_desc":"","_seopress_robots_index":""},"product_brand":[],"product_cat":[391,132,135,148,149,147,138,102,156,153,141],"product_tag":[],"class_list":{"0":"post-3941","1":"product","2":"type-product","3":"status-publish","4":"has-post-thumbnail","6":"product_cat-ceramides","7":"product_cat-nega-koze","8":"product_cat-nega-lica","9":"product_cat-spf-zastita","10":"product_cat-tip-koze","11":"product_cat-obnavaljanje-i-revitalizacija","12":"product_cat-potrebe-koze","13":"product_cat-linije-proizvoda","14":"product_cat-osetljiva-koza","15":"product_cat-suva-koza","16":"product_cat-protiv-svraba-i-zatezanja","18":"first","19":"instock","20":"shipping-taxable","21":"purchasable","22":"product-type-simple"},"acf":[],"_links":{"self":[{"href":"https:\/\/vzklaboratory.com\/sr\/wp-json\/wp\/v2\/product\/3941","targetHints":{"allow":["GET"]}}],"collection":[{"href":"https:\/\/vzklaboratory.com\/sr\/wp-json\/wp\/v2\/product"}],"about":[{"href":"https:\/\/vzklaboratory.com\/sr\/wp-json\/wp\/v2\/types\/product"}],"replies":[{"embeddable":true,"href":"https:\/\/vzklaboratory.com\/sr\/wp-json\/wp\/v2\/comments?post=3941"}],"wp:featuredmedia":[{"embeddable":true,"href":"https:\/\/vzklaboratory.com\/sr\/wp-json\/wp\/v2\/media\/3904"}],"wp:attachment":[{"href":"https:\/\/vzklaboratory.com\/sr\/wp-json\/wp\/v2\/media?parent=3941"}],"wp:term":[{"taxonomy":"product_brand","embeddable":true,"href":"https:\/\/vzklaboratory.com\/sr\/wp-json\/wp\/v2\/product_brand?post=3941"},{"taxonomy":"product_cat","embeddable":true,"href":"https:\/\/vzklaboratory.com\/sr\/wp-json\/wp\/v2\/product_cat?post=3941"},{"taxonomy":"product_tag","embeddable":true,"href":"https:\/\/vzklaboratory.com\/sr\/wp-json\/wp\/v2\/product_tag?post=3941"}],"curies":[{"name":"wp","href":"https:\/\/api.w.org\/{rel}","templated":true}]}}