{"id":3887,"date":"2025-10-19T23:04:34","date_gmt":"2025-10-19T21:04:34","guid":{"rendered":"https:\/\/vzk.cubesdev.rs\/our-products\/uncategorized\/vzk-renewal-buter-za-telo-sa-ceramidima-200ml\/"},"modified":"2025-10-19T23:04:46","modified_gmt":"2025-10-19T21:04:46","slug":"vzk-renewal-buter-za-telo-sa-ceramidima-200ml","status":"publish","type":"product","link":"https:\/\/vzklaboratory.com\/sr\/na\u0161i-proizvodi\/linije-proizvoda\/ceramides\/vzk-renewal-buter-za-telo-sa-ceramidima-200ml\/","title":{"rendered":"VZK RENEWAL BUTER ZA TELO SA CERAMIDIMA 200ML"},"content":{"rendered":"<p>Formulacija oboga\u0107ena visokokvalitetnim ceramidima, pru\u017ea ko\u017ei neophodnu podr\u0161ku za o\u010duvanje vla\u017enosti i njenog prirodnog barijernog sloja istovremeno otklanjaju\u0107i neprijatan ose\u0107aj zatezanja. Dodatak \u0161i butera i skvalana omek\u0161ava ko\u017eu, pru\u017eaju\u0107i ose\u0107aj dugotrajne hidratacije. Pogodan za negu svih tipova ko\u017ee, a posebno suve i osetljive.<\/p>\n","protected":false},"excerpt":{"rendered":"<p>Formulacija oboga\u0107ena visokokvalitetnim ceramidima, pru\u017ea ko\u017ei neophodnu podr\u0161ku za o\u010duvanje vla\u017enosti i njenog prirodnog barijernog sloja istovremeno otklanjaju\u0107i neprijatan ose\u0107aj zatezanja. Dodatak \u0161i butera i skvalana omek\u0161ava ko\u017eu, pru\u017eaju\u0107i ose\u0107aj dugotrajne hidratacije. Pogodan za negu svih tipova ko\u017ee, a posebno suve i osetljive.<\/p>\n","protected":false},"featured_media":3874,"comment_status":"open","ping_status":"closed","template":"","meta":{"_acf_changed":false,"_seopress_robots_primary_cat":"","_seopress_titles_title":"","_seopress_titles_desc":"","_seopress_robots_index":""},"product_brand":[],"product_cat":[391,132,134,149,138,147,102,156,153,141],"product_tag":[],"class_list":{"0":"post-3887","1":"product","2":"type-product","3":"status-publish","4":"has-post-thumbnail","6":"product_cat-ceramides","7":"product_cat-nega-koze","8":"product_cat-nega-tela","9":"product_cat-tip-koze","10":"product_cat-potrebe-koze","11":"product_cat-obnavaljanje-i-revitalizacija","12":"product_cat-linije-proizvoda","13":"product_cat-osetljiva-koza","14":"product_cat-suva-koza","15":"product_cat-protiv-svraba-i-zatezanja","17":"first","18":"instock","19":"shipping-taxable","20":"purchasable","21":"product-type-simple"},"acf":[],"_links":{"self":[{"href":"https:\/\/vzklaboratory.com\/sr\/wp-json\/wp\/v2\/product\/3887","targetHints":{"allow":["GET"]}}],"collection":[{"href":"https:\/\/vzklaboratory.com\/sr\/wp-json\/wp\/v2\/product"}],"about":[{"href":"https:\/\/vzklaboratory.com\/sr\/wp-json\/wp\/v2\/types\/product"}],"replies":[{"embeddable":true,"href":"https:\/\/vzklaboratory.com\/sr\/wp-json\/wp\/v2\/comments?post=3887"}],"wp:featuredmedia":[{"embeddable":true,"href":"https:\/\/vzklaboratory.com\/sr\/wp-json\/wp\/v2\/media\/3874"}],"wp:attachment":[{"href":"https:\/\/vzklaboratory.com\/sr\/wp-json\/wp\/v2\/media?parent=3887"}],"wp:term":[{"taxonomy":"product_brand","embeddable":true,"href":"https:\/\/vzklaboratory.com\/sr\/wp-json\/wp\/v2\/product_brand?post=3887"},{"taxonomy":"product_cat","embeddable":true,"href":"https:\/\/vzklaboratory.com\/sr\/wp-json\/wp\/v2\/product_cat?post=3887"},{"taxonomy":"product_tag","embeddable":true,"href":"https:\/\/vzklaboratory.com\/sr\/wp-json\/wp\/v2\/product_tag?post=3887"}],"curies":[{"name":"wp","href":"https:\/\/api.w.org\/{rel}","templated":true}]}}