{"id":3863,"date":"2025-10-19T23:04:04","date_gmt":"2025-10-19T21:04:04","guid":{"rendered":"https:\/\/vzk.cubesdev.rs\/our-products\/uncategorized\/vzk-renewal-antirid-sa-ceramidima-15ml\/"},"modified":"2025-10-19T23:04:33","modified_gmt":"2025-10-19T21:04:33","slug":"vzk-renewal-antirid-sa-ceramidima-15ml","status":"publish","type":"product","link":"https:\/\/vzklaboratory.com\/sr\/na\u0161i-proizvodi\/linije-proizvoda\/ceramides\/vzk-renewal-antirid-sa-ceramidima-15ml\/","title":{"rendered":"VZK RENEWAL ANTIRID SA CERAMIDIMA 15ML"},"content":{"rendered":"<p>Krema za negu ko\u017ee oko o\u010diju i o\u010dnih kapaka oboga\u0107ena visokokvalitetnim ceramidima, hidrira ko\u017eu, i pru\u017ea joj potrebnu podr\u0161ku za o\u010duvanje njenog prirodnog barijernog sloja, istovremeno ubla\u017eavaju\u0107i posledice umora, stresa i starenja. Zahvaljuju\u0107i Amaretine\u00ae intenzivno neguje ko\u017eu i poma\u017ee u borbi protiv iritacija i crvenila.<\/p>\n","protected":false},"excerpt":{"rendered":"<p>Krema za negu ko\u017ee oko o\u010diju i o\u010dnih kapaka oboga\u0107ena visokokvalitetnim ceramidima, hidrira ko\u017eu, i pru\u017ea joj potrebnu podr\u0161ku za o\u010duvanje njenog prirodnog barijernog sloja, istovremeno ubla\u017eavaju\u0107i posledice umora, stresa i starenja. Zahvaljuju\u0107i Amaretine\u00ae intenzivno neguje ko\u017eu i poma\u017ee u borbi protiv iritacija i crvenila.<\/p>\n","protected":false},"featured_media":3820,"comment_status":"open","ping_status":"closed","template":"","meta":{"_acf_changed":false,"_seopress_robots_primary_cat":"","_seopress_titles_title":"","_seopress_titles_desc":"","_seopress_robots_index":""},"product_brand":[],"product_cat":[391,132,135,149,138,147,102,156,153],"product_tag":[],"class_list":{"0":"post-3863","1":"product","2":"type-product","3":"status-publish","4":"has-post-thumbnail","6":"product_cat-ceramides","7":"product_cat-nega-koze","8":"product_cat-nega-lica","9":"product_cat-tip-koze","10":"product_cat-potrebe-koze","11":"product_cat-obnavaljanje-i-revitalizacija","12":"product_cat-linije-proizvoda","13":"product_cat-osetljiva-koza","14":"product_cat-suva-koza","16":"first","17":"instock","18":"shipping-taxable","19":"purchasable","20":"product-type-simple"},"acf":[],"_links":{"self":[{"href":"https:\/\/vzklaboratory.com\/sr\/wp-json\/wp\/v2\/product\/3863","targetHints":{"allow":["GET"]}}],"collection":[{"href":"https:\/\/vzklaboratory.com\/sr\/wp-json\/wp\/v2\/product"}],"about":[{"href":"https:\/\/vzklaboratory.com\/sr\/wp-json\/wp\/v2\/types\/product"}],"replies":[{"embeddable":true,"href":"https:\/\/vzklaboratory.com\/sr\/wp-json\/wp\/v2\/comments?post=3863"}],"wp:featuredmedia":[{"embeddable":true,"href":"https:\/\/vzklaboratory.com\/sr\/wp-json\/wp\/v2\/media\/3820"}],"wp:attachment":[{"href":"https:\/\/vzklaboratory.com\/sr\/wp-json\/wp\/v2\/media?parent=3863"}],"wp:term":[{"taxonomy":"product_brand","embeddable":true,"href":"https:\/\/vzklaboratory.com\/sr\/wp-json\/wp\/v2\/product_brand?post=3863"},{"taxonomy":"product_cat","embeddable":true,"href":"https:\/\/vzklaboratory.com\/sr\/wp-json\/wp\/v2\/product_cat?post=3863"},{"taxonomy":"product_tag","embeddable":true,"href":"https:\/\/vzklaboratory.com\/sr\/wp-json\/wp\/v2\/product_tag?post=3863"}],"curies":[{"name":"wp","href":"https:\/\/api.w.org\/{rel}","templated":true}]}}