{"id":3799,"date":"2025-10-19T23:03:53","date_gmt":"2025-10-19T21:03:53","guid":{"rendered":"https:\/\/vzk.cubesdev.rs\/our-products\/uncategorized\/vzk-prebiotik-krema-za-kombinovanu-i-masnu-kozu-50ml\/"},"modified":"2025-10-19T23:03:57","modified_gmt":"2025-10-19T21:03:57","slug":"vzk-prebiotik-krema-za-kombinovanu-i-masnu-kozu-50ml","status":"publish","type":"product","link":"https:\/\/vzklaboratory.com\/sr\/na\u0161i-proizvodi\/linije-proizvoda\/prebiotic-postbiotic\/vzk-prebiotik-krema-za-kombinovanu-i-masnu-kozu-50ml\/","title":{"rendered":"VZK PREBIOTIK KREMA ZA KOMBINOVANU I MASNU KO\u017dU 50ML"},"content":{"rendered":"<p>Krema za lice sa prebiotikom odr\u017eava prirodni balans mikrobioma ko\u017ee, koji je \u0161titi od negativnih spolja\u0161njih uticaja, iritacija i crvenila. Nemasna formulacija namenjena je nezi i hidrataciji kombinovane i masne ko\u017ee.<\/p>\n","protected":false},"excerpt":{"rendered":"<p>Krema za lice sa prebiotikom odr\u017eava prirodni balans mikrobioma ko\u017ee, koji je \u0161titi od negativnih spolja\u0161njih uticaja, iritacija i crvenila. Nemasna formulacija namenjena je nezi i hidrataciji kombinovane i masne ko\u017ee.<\/p>\n","protected":false},"featured_media":3798,"comment_status":"open","ping_status":"closed","template":"","meta":{"_acf_changed":false,"_seopress_robots_primary_cat":"","_seopress_titles_title":"","_seopress_titles_desc":"","_seopress_robots_index":""},"product_brand":[],"product_cat":[390,132,135,149,138,155,102,152,140],"product_tag":[],"class_list":{"0":"post-3799","1":"product","2":"type-product","3":"status-publish","4":"has-post-thumbnail","6":"product_cat-prebiotic-postbiotic","7":"product_cat-nega-koze","8":"product_cat-nega-lica","9":"product_cat-tip-koze","10":"product_cat-potrebe-koze","11":"product_cat-masna-koza","12":"product_cat-linije-proizvoda","13":"product_cat-kombinovana-koza","14":"product_cat-protiv-iritacije","16":"first","17":"instock","18":"shipping-taxable","19":"purchasable","20":"product-type-simple"},"acf":[],"_links":{"self":[{"href":"https:\/\/vzklaboratory.com\/sr\/wp-json\/wp\/v2\/product\/3799","targetHints":{"allow":["GET"]}}],"collection":[{"href":"https:\/\/vzklaboratory.com\/sr\/wp-json\/wp\/v2\/product"}],"about":[{"href":"https:\/\/vzklaboratory.com\/sr\/wp-json\/wp\/v2\/types\/product"}],"replies":[{"embeddable":true,"href":"https:\/\/vzklaboratory.com\/sr\/wp-json\/wp\/v2\/comments?post=3799"}],"wp:featuredmedia":[{"embeddable":true,"href":"https:\/\/vzklaboratory.com\/sr\/wp-json\/wp\/v2\/media\/3798"}],"wp:attachment":[{"href":"https:\/\/vzklaboratory.com\/sr\/wp-json\/wp\/v2\/media?parent=3799"}],"wp:term":[{"taxonomy":"product_brand","embeddable":true,"href":"https:\/\/vzklaboratory.com\/sr\/wp-json\/wp\/v2\/product_brand?post=3799"},{"taxonomy":"product_cat","embeddable":true,"href":"https:\/\/vzklaboratory.com\/sr\/wp-json\/wp\/v2\/product_cat?post=3799"},{"taxonomy":"product_tag","embeddable":true,"href":"https:\/\/vzklaboratory.com\/sr\/wp-json\/wp\/v2\/product_tag?post=3799"}],"curies":[{"name":"wp","href":"https:\/\/api.w.org\/{rel}","templated":true}]}}