{"id":3788,"date":"2025-10-19T23:03:48","date_gmt":"2025-10-19T21:03:48","guid":{"rendered":"https:\/\/vzk.cubesdev.rs\/our-products\/uncategorized\/vzk-prebiotik-gel-za-umivanje-100ml\/"},"modified":"2025-10-19T23:03:52","modified_gmt":"2025-10-19T21:03:52","slug":"vzk-prebiotik-gel-za-umivanje-100ml","status":"publish","type":"product","link":"https:\/\/vzklaboratory.com\/sr\/na\u0161i-proizvodi\/potrebe-koze\/ciscenje-lica\/vzk-prebiotik-gel-za-umivanje-100ml\/","title":{"rendered":"VZK PREBIOTIK GEL ZA UMIVANJE 100ML"},"content":{"rendered":"<p>Posebno formulisan gel sa prebiotikom za \u010di\u0161\u0107enje svih tipova ko\u017ee bez prekomernog isu\u0161ivanja. Ne\u017eno uklanja masno\u0107u, ne\u010disto\u0107e, ostatke \u0161minke sa lica i odr\u017eava prirodni balans mikrobioma ko\u017ee, koji je \u0161titi od negativnih spolja\u0161njih uticaja, iritacija i crvenila.<\/p>\n","protected":false},"excerpt":{"rendered":"<p>Posebno formulisan gel sa prebiotikom za \u010di\u0161\u0107enje svih tipova ko\u017ee bez prekomernog isu\u0161ivanja. Ne\u017eno uklanja masno\u0107u, ne\u010disto\u0107e, ostatke \u0161minke sa lica i odr\u017eava prirodni balans mikrobioma ko\u017ee, koji je \u0161titi od negativnih spolja\u0161njih uticaja, iritacija i crvenila.<\/p>\n","protected":false},"featured_media":3787,"comment_status":"open","ping_status":"closed","template":"","meta":{"_acf_changed":false,"_seopress_robots_primary_cat":"","_seopress_titles_title":"","_seopress_titles_desc":"","_seopress_robots_index":""},"product_brand":[],"product_cat":[378,390,132,135,154,149,138,102,151,140],"product_tag":[],"class_list":{"0":"post-3788","1":"product","2":"type-product","3":"status-publish","4":"has-post-thumbnail","6":"product_cat-ciscenje-lica","7":"product_cat-prebiotic-postbiotic","8":"product_cat-nega-koze","9":"product_cat-nega-lica","10":"product_cat-normalna-koza","11":"product_cat-tip-koze","12":"product_cat-potrebe-koze","13":"product_cat-linije-proizvoda","14":"product_cat-svi-tipovi-koze","15":"product_cat-protiv-iritacije","17":"first","18":"instock","19":"shipping-taxable","20":"purchasable","21":"product-type-simple"},"acf":[],"_links":{"self":[{"href":"https:\/\/vzklaboratory.com\/sr\/wp-json\/wp\/v2\/product\/3788","targetHints":{"allow":["GET"]}}],"collection":[{"href":"https:\/\/vzklaboratory.com\/sr\/wp-json\/wp\/v2\/product"}],"about":[{"href":"https:\/\/vzklaboratory.com\/sr\/wp-json\/wp\/v2\/types\/product"}],"replies":[{"embeddable":true,"href":"https:\/\/vzklaboratory.com\/sr\/wp-json\/wp\/v2\/comments?post=3788"}],"wp:featuredmedia":[{"embeddable":true,"href":"https:\/\/vzklaboratory.com\/sr\/wp-json\/wp\/v2\/media\/3787"}],"wp:attachment":[{"href":"https:\/\/vzklaboratory.com\/sr\/wp-json\/wp\/v2\/media?parent=3788"}],"wp:term":[{"taxonomy":"product_brand","embeddable":true,"href":"https:\/\/vzklaboratory.com\/sr\/wp-json\/wp\/v2\/product_brand?post=3788"},{"taxonomy":"product_cat","embeddable":true,"href":"https:\/\/vzklaboratory.com\/sr\/wp-json\/wp\/v2\/product_cat?post=3788"},{"taxonomy":"product_tag","embeddable":true,"href":"https:\/\/vzklaboratory.com\/sr\/wp-json\/wp\/v2\/product_tag?post=3788"}],"curies":[{"name":"wp","href":"https:\/\/api.w.org\/{rel}","templated":true}]}}