{"id":3777,"date":"2025-10-19T23:03:40","date_gmt":"2025-10-19T21:03:40","guid":{"rendered":"https:\/\/vzk.cubesdev.rs\/our-products\/uncategorized\/vzk-postbiotik-nocna-maska-50ml\/"},"modified":"2025-10-19T23:03:47","modified_gmt":"2025-10-19T21:03:47","slug":"vzk-postbiotik-nocna-maska-50ml","status":"publish","type":"product","link":"https:\/\/vzklaboratory.com\/sr\/na\u0161i-proizvodi\/linije-proizvoda\/prebiotic-postbiotic\/vzk-postbiotik-nocna-maska-50ml\/","title":{"rendered":"VZK POSTBIOTIK NO\u0106NA MASKA 50ML"},"content":{"rendered":"<p>Hranljiva no\u0107na maska sa jedinstvenom kombinacijom sastojaka koji pozitivno deluju na mikrobiom ko\u017ee, koji prirodno \u0161titi ko\u017eu od negativnih spolja\u0161njih uticaja, iritacija i crvenila. Spre\u010dava gubitak vlage tokom no\u0107i, doprinosi ja\u010danju prirodne barijere ko\u017ee i pobolj\u0161ava izgled ko\u017ee lica, \u010dine\u0107i je mekom i glatkom. Sadr\u017ei kofein i niacinamid, koji doprinose ujedna\u010davanju tena i smanjenju crvenila ko\u017ee.<\/p>\n","protected":false},"excerpt":{"rendered":"<p>Hranljiva no\u0107na maska sa jedinstvenom kombinacijom sastojaka koji pozitivno deluju na mikrobiom ko\u017ee, koji prirodno \u0161titi ko\u017eu od negativnih spolja\u0161njih uticaja, iritacija i crvenila. Spre\u010dava gubitak vlage tokom no\u0107i, doprinosi ja\u010danju prirodne barijere ko\u017ee i pobolj\u0161ava izgled ko\u017ee lica, \u010dine\u0107i je mekom i glatkom. Sadr\u017ei kofein i niacinamid, koji doprinose ujedna\u010davanju tena i smanjenju crvenila [&hellip;]<\/p>\n","protected":false},"featured_media":3770,"comment_status":"open","ping_status":"closed","template":"","meta":{"_acf_changed":false,"_seopress_robots_primary_cat":"","_seopress_titles_title":"","_seopress_titles_desc":"","_seopress_robots_index":""},"product_brand":[],"product_cat":[390,154,132,135,149,147,138,102,146,151],"product_tag":[],"class_list":{"0":"post-3777","1":"product","2":"type-product","3":"status-publish","4":"has-post-thumbnail","6":"product_cat-prebiotic-postbiotic","7":"product_cat-normalna-koza","8":"product_cat-nega-koze","9":"product_cat-nega-lica","10":"product_cat-tip-koze","11":"product_cat-obnavaljanje-i-revitalizacija","12":"product_cat-potrebe-koze","13":"product_cat-linije-proizvoda","14":"product_cat-hidratacija","15":"product_cat-svi-tipovi-koze","17":"first","18":"instock","19":"shipping-taxable","20":"purchasable","21":"product-type-simple"},"acf":[],"_links":{"self":[{"href":"https:\/\/vzklaboratory.com\/sr\/wp-json\/wp\/v2\/product\/3777","targetHints":{"allow":["GET"]}}],"collection":[{"href":"https:\/\/vzklaboratory.com\/sr\/wp-json\/wp\/v2\/product"}],"about":[{"href":"https:\/\/vzklaboratory.com\/sr\/wp-json\/wp\/v2\/types\/product"}],"replies":[{"embeddable":true,"href":"https:\/\/vzklaboratory.com\/sr\/wp-json\/wp\/v2\/comments?post=3777"}],"wp:featuredmedia":[{"embeddable":true,"href":"https:\/\/vzklaboratory.com\/sr\/wp-json\/wp\/v2\/media\/3770"}],"wp:attachment":[{"href":"https:\/\/vzklaboratory.com\/sr\/wp-json\/wp\/v2\/media?parent=3777"}],"wp:term":[{"taxonomy":"product_brand","embeddable":true,"href":"https:\/\/vzklaboratory.com\/sr\/wp-json\/wp\/v2\/product_brand?post=3777"},{"taxonomy":"product_cat","embeddable":true,"href":"https:\/\/vzklaboratory.com\/sr\/wp-json\/wp\/v2\/product_cat?post=3777"},{"taxonomy":"product_tag","embeddable":true,"href":"https:\/\/vzklaboratory.com\/sr\/wp-json\/wp\/v2\/product_tag?post=3777"}],"curies":[{"name":"wp","href":"https:\/\/api.w.org\/{rel}","templated":true}]}}