{"id":3760,"date":"2025-10-19T23:03:31","date_gmt":"2025-10-19T21:03:31","guid":{"rendered":"https:\/\/vzk.cubesdev.rs\/our-products\/uncategorized\/vzk-pantenol-rastvor-5-125ml\/"},"modified":"2025-10-19T23:03:39","modified_gmt":"2025-10-19T21:03:39","slug":"vzk-pantenol-rastvor-5-125ml","status":"publish","type":"product","link":"https:\/\/vzklaboratory.com\/sr\/na\u0161i-proizvodi\/linije-proizvoda\/panthenol\/vzk-pantenol-rastvor-5-125ml\/","title":{"rendered":"VZK PANTENOL RASTVOR 5%, 125ML"},"content":{"rendered":"<p>Sadr\u017ei pantenol koji je neophodan za oporavak ko\u017ee, sluzoko\u017ee, kose i noktiju.<\/p>\n<p>PREPORU\u010cUJE SE ZA:<br \/>\n&#8211; optimalnu hidrataciju ko\u017ee<br \/>\n&#8211; svakodnevnu negu i za\u0161titu ko\u017ee<br \/>\n&#8211; smanjenje opadanja kose, kao i za pobolj\u0161anje stanja kose o\u0161te\u0107ene razli\u010ditim fizickim i hemijskim uticajima (feniranje, farbanje, \u010de\u0161ljanje&#8230;)<br \/>\n&#8211; smanjenje iritacija nakon prekomernog sun\u010danja, brijanja i depilacije<\/p>\n","protected":false},"excerpt":{"rendered":"<p>Sadr\u017ei pantenol koji je neophodan za oporavak ko\u017ee, sluzoko\u017ee, kose i noktiju. PREPORU\u010cUJE SE ZA: &#8211; optimalnu hidrataciju ko\u017ee &#8211; svakodnevnu negu i za\u0161titu ko\u017ee &#8211; smanjenje opadanja kose, kao i za pobolj\u0161anje stanja kose o\u0161te\u0107ene razli\u010ditim fizickim i hemijskim uticajima (feniranje, farbanje, \u010de\u0161ljanje&#8230;) &#8211; smanjenje iritacija nakon prekomernog sun\u010danja, brijanja i depilacije<\/p>\n","protected":false},"featured_media":3759,"comment_status":"open","ping_status":"closed","template":"","meta":{"_acf_changed":false,"_seopress_robots_primary_cat":"","_seopress_titles_title":"","_seopress_titles_desc":"","_seopress_robots_index":""},"product_brand":[],"product_cat":[388,334,132,149,138,102],"product_tag":[],"class_list":{"0":"post-3760","1":"product","2":"type-product","3":"status-publish","4":"has-post-thumbnail","6":"product_cat-panthenol","7":"product_cat-kucna-apoteka","8":"product_cat-nega-koze","9":"product_cat-tip-koze","10":"product_cat-potrebe-koze","11":"product_cat-linije-proizvoda","13":"first","14":"instock","15":"shipping-taxable","16":"purchasable","17":"product-type-simple"},"acf":[],"_links":{"self":[{"href":"https:\/\/vzklaboratory.com\/sr\/wp-json\/wp\/v2\/product\/3760","targetHints":{"allow":["GET"]}}],"collection":[{"href":"https:\/\/vzklaboratory.com\/sr\/wp-json\/wp\/v2\/product"}],"about":[{"href":"https:\/\/vzklaboratory.com\/sr\/wp-json\/wp\/v2\/types\/product"}],"replies":[{"embeddable":true,"href":"https:\/\/vzklaboratory.com\/sr\/wp-json\/wp\/v2\/comments?post=3760"}],"wp:featuredmedia":[{"embeddable":true,"href":"https:\/\/vzklaboratory.com\/sr\/wp-json\/wp\/v2\/media\/3759"}],"wp:attachment":[{"href":"https:\/\/vzklaboratory.com\/sr\/wp-json\/wp\/v2\/media?parent=3760"}],"wp:term":[{"taxonomy":"product_brand","embeddable":true,"href":"https:\/\/vzklaboratory.com\/sr\/wp-json\/wp\/v2\/product_brand?post=3760"},{"taxonomy":"product_cat","embeddable":true,"href":"https:\/\/vzklaboratory.com\/sr\/wp-json\/wp\/v2\/product_cat?post=3760"},{"taxonomy":"product_tag","embeddable":true,"href":"https:\/\/vzklaboratory.com\/sr\/wp-json\/wp\/v2\/product_tag?post=3760"}],"curies":[{"name":"wp","href":"https:\/\/api.w.org\/{rel}","templated":true}]}}