{"id":3689,"date":"2025-10-19T23:02:42","date_gmt":"2025-10-19T21:02:42","guid":{"rendered":"https:\/\/vzk.cubesdev.rs\/our-products\/uncategorized\/vzk-pantenol-krem-gel-50ml\/"},"modified":"2025-10-19T23:02:58","modified_gmt":"2025-10-19T21:02:58","slug":"vzk-pantenol-krem-gel-50ml","status":"publish","type":"product","link":"https:\/\/vzklaboratory.com\/sr\/na\u0161i-proizvodi\/nega-koze\/kucna-apoteka\/vzk-pantenol-krem-gel-50ml\/","title":{"rendered":"VZK PANTENOL KREM GEL 50ML"},"content":{"rendered":"<p>Nemasna formulacija sa pantenolom i uljem jojobe podr\u017eava pravilno funkcionisanje zdrave ko\u017ee, umanjuje iritacije, neguje ko\u017eu i pru\u017ea joj za\u0161titu. Lako se upija, \u010dine\u0107i ko\u017eu mekom i ne\u017enom.<\/p>\n","protected":false},"excerpt":{"rendered":"<p>Nemasna formulacija sa pantenolom i uljem jojobe podr\u017eava pravilno funkcionisanje zdrave ko\u017ee, umanjuje iritacije, neguje ko\u017eu i pru\u017ea joj za\u0161titu. Lako se upija, \u010dine\u0107i ko\u017eu mekom i ne\u017enom.<\/p>\n","protected":false},"featured_media":3670,"comment_status":"open","ping_status":"closed","template":"","meta":{"_acf_changed":false,"_seopress_robots_primary_cat":"","_seopress_titles_title":"","_seopress_titles_desc":"","_seopress_robots_index":""},"product_brand":[],"product_cat":[334,336,388,132,149,138,102,143],"product_tag":[],"class_list":{"0":"post-3689","1":"product","2":"type-product","3":"status-publish","4":"has-post-thumbnail","6":"product_cat-kucna-apoteka","7":"product_cat-basic-hydration","8":"product_cat-panthenol","9":"product_cat-nega-koze","10":"product_cat-tip-koze","11":"product_cat-potrebe-koze","12":"product_cat-linije-proizvoda","13":"product_cat-osnovna-nega","15":"first","16":"instock","17":"shipping-taxable","18":"purchasable","19":"product-type-simple"},"acf":[],"_links":{"self":[{"href":"https:\/\/vzklaboratory.com\/sr\/wp-json\/wp\/v2\/product\/3689","targetHints":{"allow":["GET"]}}],"collection":[{"href":"https:\/\/vzklaboratory.com\/sr\/wp-json\/wp\/v2\/product"}],"about":[{"href":"https:\/\/vzklaboratory.com\/sr\/wp-json\/wp\/v2\/types\/product"}],"replies":[{"embeddable":true,"href":"https:\/\/vzklaboratory.com\/sr\/wp-json\/wp\/v2\/comments?post=3689"}],"wp:featuredmedia":[{"embeddable":true,"href":"https:\/\/vzklaboratory.com\/sr\/wp-json\/wp\/v2\/media\/3670"}],"wp:attachment":[{"href":"https:\/\/vzklaboratory.com\/sr\/wp-json\/wp\/v2\/media?parent=3689"}],"wp:term":[{"taxonomy":"product_brand","embeddable":true,"href":"https:\/\/vzklaboratory.com\/sr\/wp-json\/wp\/v2\/product_brand?post=3689"},{"taxonomy":"product_cat","embeddable":true,"href":"https:\/\/vzklaboratory.com\/sr\/wp-json\/wp\/v2\/product_cat?post=3689"},{"taxonomy":"product_tag","embeddable":true,"href":"https:\/\/vzklaboratory.com\/sr\/wp-json\/wp\/v2\/product_tag?post=3689"}],"curies":[{"name":"wp","href":"https:\/\/api.w.org\/{rel}","templated":true}]}}