{"id":3660,"date":"2025-10-19T23:02:33","date_gmt":"2025-10-19T21:02:33","guid":{"rendered":"https:\/\/vzk.cubesdev.rs\/our-products\/uncategorized\/vzk-nocna-krema-za-lice-sa-retinolom-50ml\/"},"modified":"2025-10-19T23:02:41","modified_gmt":"2025-10-19T21:02:41","slug":"vzk-nocna-krema-za-lice-sa-retinolom-50ml","status":"publish","type":"product","link":"https:\/\/vzklaboratory.com\/sr\/na\u0161i-proizvodi\/linije-proizvoda\/retinol\/vzk-nocna-krema-za-lice-sa-retinolom-50ml\/","title":{"rendered":"VZK NO\u0106NA KREMA ZA LICE SA RETINOLOM 50ML"},"content":{"rendered":"<p>Formulacija oboga\u0107ena me\u0161avinom ulja jojobe, pantenola i uree intenzivno hidrira ko\u017eu lica tokom no\u0107i. Blagotvorno delovanje vitamina A i E dodatno doprinosi umanjenju vidljivih znakova umora, daju\u0107i blistav i osve\u017een ten tokom dana.<\/p>\n","protected":false},"excerpt":{"rendered":"<p>Formulacija oboga\u0107ena me\u0161avinom ulja jojobe, pantenola i uree intenzivno hidrira ko\u017eu lica tokom no\u0107i. Blagotvorno delovanje vitamina A i E dodatno doprinosi umanjenju vidljivih znakova umora, daju\u0107i blistav i osve\u017een ten tokom dana.<\/p>\n","protected":false},"featured_media":3653,"comment_status":"open","ping_status":"closed","template":"","meta":{"_acf_changed":false,"_seopress_robots_primary_cat":"","_seopress_titles_title":"","_seopress_titles_desc":"","_seopress_robots_index":""},"product_brand":[],"product_cat":[340,132,135,142,154,149,138,146,102,151],"product_tag":[],"class_list":{"0":"post-3660","1":"product","2":"type-product","3":"status-publish","4":"has-post-thumbnail","6":"product_cat-retinol","7":"product_cat-nega-koze","8":"product_cat-nega-lica","9":"product_cat-protiv-bora","10":"product_cat-normalna-koza","11":"product_cat-tip-koze","12":"product_cat-potrebe-koze","13":"product_cat-hidratacija","14":"product_cat-linije-proizvoda","15":"product_cat-svi-tipovi-koze","17":"first","18":"instock","19":"shipping-taxable","20":"purchasable","21":"product-type-simple"},"acf":[],"_links":{"self":[{"href":"https:\/\/vzklaboratory.com\/sr\/wp-json\/wp\/v2\/product\/3660","targetHints":{"allow":["GET"]}}],"collection":[{"href":"https:\/\/vzklaboratory.com\/sr\/wp-json\/wp\/v2\/product"}],"about":[{"href":"https:\/\/vzklaboratory.com\/sr\/wp-json\/wp\/v2\/types\/product"}],"replies":[{"embeddable":true,"href":"https:\/\/vzklaboratory.com\/sr\/wp-json\/wp\/v2\/comments?post=3660"}],"wp:featuredmedia":[{"embeddable":true,"href":"https:\/\/vzklaboratory.com\/sr\/wp-json\/wp\/v2\/media\/3653"}],"wp:attachment":[{"href":"https:\/\/vzklaboratory.com\/sr\/wp-json\/wp\/v2\/media?parent=3660"}],"wp:term":[{"taxonomy":"product_brand","embeddable":true,"href":"https:\/\/vzklaboratory.com\/sr\/wp-json\/wp\/v2\/product_brand?post=3660"},{"taxonomy":"product_cat","embeddable":true,"href":"https:\/\/vzklaboratory.com\/sr\/wp-json\/wp\/v2\/product_cat?post=3660"},{"taxonomy":"product_tag","embeddable":true,"href":"https:\/\/vzklaboratory.com\/sr\/wp-json\/wp\/v2\/product_tag?post=3660"}],"curies":[{"name":"wp","href":"https:\/\/api.w.org\/{rel}","templated":true}]}}