{"id":3630,"date":"2025-10-19T23:02:18","date_gmt":"2025-10-19T21:02:18","guid":{"rendered":"https:\/\/vzk.cubesdev.rs\/our-products\/uncategorized\/vzk-niacinamid-serum-30ml\/"},"modified":"2025-10-19T23:02:26","modified_gmt":"2025-10-19T21:02:26","slug":"vzk-niacinamid-serum-30ml","status":"publish","type":"product","link":"https:\/\/vzklaboratory.com\/sr\/na\u0161i-proizvodi\/linije-proizvoda\/niacinamide\/vzk-niacinamid-serum-30ml\/","title":{"rendered":"VZK NIACINAMID SERUM 30ML"},"content":{"rendered":"<p>Koncentrovani serum sa niacinamidom (vitaminom B3) daje ko\u017ei lica sjaj i energiju. Zahvaljuju\u0107i visokoj koncentraciji niacinamida doprinosi regulaciji proizvodnje sebuma, smanjenju crvenila i pobolj\u0161anju teksture ko\u017ee. Dodatak hijaluronske kiseline ubla\u017eava izgled postoje\u0107ih bora, dok pantenol neguje ko\u017eu lica i \u0161titi je od negativnih spolja\u0161njih uticaja.<\/p>\n","protected":false},"excerpt":{"rendered":"<p>Koncentrovani serum sa niacinamidom (vitaminom B3) daje ko\u017ei lica sjaj i energiju. Zahvaljuju\u0107i visokoj koncentraciji niacinamida doprinosi regulaciji proizvodnje sebuma, smanjenju crvenila i pobolj\u0161anju teksture ko\u017ee. Dodatak hijaluronske kiseline ubla\u017eava izgled postoje\u0107ih bora, dok pantenol neguje ko\u017eu lica i \u0161titi je od negativnih spolja\u0161njih uticaja.<\/p>\n","protected":false},"featured_media":3623,"comment_status":"open","ping_status":"closed","template":"","meta":{"_acf_changed":false,"_seopress_robots_primary_cat":"","_seopress_titles_title":"","_seopress_titles_desc":"","_seopress_robots_index":""},"product_brand":[],"product_cat":[389,154,132,135,149,138,146,152,102,145,144,151],"product_tag":[],"class_list":{"0":"post-3630","1":"product","2":"type-product","3":"status-publish","4":"has-post-thumbnail","6":"product_cat-niacinamide","7":"product_cat-normalna-koza","8":"product_cat-nega-koze","9":"product_cat-nega-lica","10":"product_cat-tip-koze","11":"product_cat-potrebe-koze","12":"product_cat-hidratacija","13":"product_cat-kombinovana-koza","14":"product_cat-linije-proizvoda","15":"product_cat-ujednacavanje-tena-i-teksture","16":"product_cat-kontrola-sjaja","17":"product_cat-svi-tipovi-koze","19":"first","20":"instock","21":"shipping-taxable","22":"purchasable","23":"product-type-simple"},"acf":[],"_links":{"self":[{"href":"https:\/\/vzklaboratory.com\/sr\/wp-json\/wp\/v2\/product\/3630","targetHints":{"allow":["GET"]}}],"collection":[{"href":"https:\/\/vzklaboratory.com\/sr\/wp-json\/wp\/v2\/product"}],"about":[{"href":"https:\/\/vzklaboratory.com\/sr\/wp-json\/wp\/v2\/types\/product"}],"replies":[{"embeddable":true,"href":"https:\/\/vzklaboratory.com\/sr\/wp-json\/wp\/v2\/comments?post=3630"}],"wp:featuredmedia":[{"embeddable":true,"href":"https:\/\/vzklaboratory.com\/sr\/wp-json\/wp\/v2\/media\/3623"}],"wp:attachment":[{"href":"https:\/\/vzklaboratory.com\/sr\/wp-json\/wp\/v2\/media?parent=3630"}],"wp:term":[{"taxonomy":"product_brand","embeddable":true,"href":"https:\/\/vzklaboratory.com\/sr\/wp-json\/wp\/v2\/product_brand?post=3630"},{"taxonomy":"product_cat","embeddable":true,"href":"https:\/\/vzklaboratory.com\/sr\/wp-json\/wp\/v2\/product_cat?post=3630"},{"taxonomy":"product_tag","embeddable":true,"href":"https:\/\/vzklaboratory.com\/sr\/wp-json\/wp\/v2\/product_tag?post=3630"}],"curies":[{"name":"wp","href":"https:\/\/api.w.org\/{rel}","templated":true}]}}