{"id":3612,"date":"2025-10-19T23:02:13","date_gmt":"2025-10-19T21:02:13","guid":{"rendered":"https:\/\/vzk.cubesdev.rs\/our-products\/uncategorized\/vzk-niacinamid-losion-200ml\/"},"modified":"2025-10-19T23:02:17","modified_gmt":"2025-10-19T21:02:17","slug":"vzk-niacinamid-losion-200ml","status":"publish","type":"product","link":"https:\/\/vzklaboratory.com\/sr\/na\u0161i-proizvodi\/potrebe-koze\/ciscenje-lica\/vzk-niacinamid-losion-200ml\/","title":{"rendered":"VZK NIACINAMID LOSION 200ML"},"content":{"rendered":"<p>Losion za lice sa niacinamidom (vitaminom B3) temeljno i ne\u017eno \u010disti ko\u017eu lica, daju\u0107i joj sjaj i energiju. Sadr\u017ei niacinamid koji doprinosi ujedna\u010davanju tena i smanjenju crvenila. Zahvaljuju\u0107i blagim svojstvima ne iritira ko\u017eu i \u0161titi je od isu\u0161ivanja. Pogodan za svakodnevno \u010di\u0161\u0107enje svih tipova ko\u017ee, a posebno ko\u017ee sklone nepravilnostima i flekama.<\/p>\n","protected":false},"excerpt":{"rendered":"<p>Losion za lice sa niacinamidom (vitaminom B3) temeljno i ne\u017eno \u010disti ko\u017eu lica, daju\u0107i joj sjaj i energiju. Sadr\u017ei niacinamid koji doprinosi ujedna\u010davanju tena i smanjenju crvenila. Zahvaljuju\u0107i blagim svojstvima ne iritira ko\u017eu i \u0161titi je od isu\u0161ivanja. Pogodan za svakodnevno \u010di\u0161\u0107enje svih tipova ko\u017ee, a posebno ko\u017ee sklone nepravilnostima i flekama.<\/p>\n","protected":false},"featured_media":3611,"comment_status":"open","ping_status":"closed","template":"","meta":{"_acf_changed":false,"_seopress_robots_primary_cat":"","_seopress_titles_title":"","_seopress_titles_desc":"","_seopress_robots_index":""},"product_brand":[],"product_cat":[378,389,154,132,135,149,138,152,102,146,145,144,151],"product_tag":[],"class_list":{"0":"post-3612","1":"product","2":"type-product","3":"status-publish","4":"has-post-thumbnail","6":"product_cat-ciscenje-lica","7":"product_cat-niacinamide","8":"product_cat-normalna-koza","9":"product_cat-nega-koze","10":"product_cat-nega-lica","11":"product_cat-tip-koze","12":"product_cat-potrebe-koze","13":"product_cat-kombinovana-koza","14":"product_cat-linije-proizvoda","15":"product_cat-hidratacija","16":"product_cat-ujednacavanje-tena-i-teksture","17":"product_cat-kontrola-sjaja","18":"product_cat-svi-tipovi-koze","20":"first","21":"instock","22":"shipping-taxable","23":"purchasable","24":"product-type-simple"},"acf":[],"_links":{"self":[{"href":"https:\/\/vzklaboratory.com\/sr\/wp-json\/wp\/v2\/product\/3612","targetHints":{"allow":["GET"]}}],"collection":[{"href":"https:\/\/vzklaboratory.com\/sr\/wp-json\/wp\/v2\/product"}],"about":[{"href":"https:\/\/vzklaboratory.com\/sr\/wp-json\/wp\/v2\/types\/product"}],"replies":[{"embeddable":true,"href":"https:\/\/vzklaboratory.com\/sr\/wp-json\/wp\/v2\/comments?post=3612"}],"wp:featuredmedia":[{"embeddable":true,"href":"https:\/\/vzklaboratory.com\/sr\/wp-json\/wp\/v2\/media\/3611"}],"wp:attachment":[{"href":"https:\/\/vzklaboratory.com\/sr\/wp-json\/wp\/v2\/media?parent=3612"}],"wp:term":[{"taxonomy":"product_brand","embeddable":true,"href":"https:\/\/vzklaboratory.com\/sr\/wp-json\/wp\/v2\/product_brand?post=3612"},{"taxonomy":"product_cat","embeddable":true,"href":"https:\/\/vzklaboratory.com\/sr\/wp-json\/wp\/v2\/product_cat?post=3612"},{"taxonomy":"product_tag","embeddable":true,"href":"https:\/\/vzklaboratory.com\/sr\/wp-json\/wp\/v2\/product_tag?post=3612"}],"curies":[{"name":"wp","href":"https:\/\/api.w.org\/{rel}","templated":true}]}}