{"id":3583,"date":"2025-10-19T23:01:55","date_gmt":"2025-10-19T21:01:55","guid":{"rendered":"https:\/\/vzk.cubesdev.rs\/our-products\/uncategorized\/vzk-niacinamid-antirid-15ml\/"},"modified":"2025-11-25T15:24:15","modified_gmt":"2025-11-25T14:24:15","slug":"vzk-niacinamid-antirid-15ml","status":"publish","type":"product","link":"https:\/\/vzklaboratory.com\/sr\/na\u0161i-proizvodi\/linije-proizvoda\/niacinamide\/vzk-niacinamid-antirid-15ml\/","title":{"rendered":"VZK NIACINAMID ANTIRID 15ML"},"content":{"rendered":"<p>Krema za negu o\u010diju i kapaka oboga\u0107ena visokim sadr\u017eajem niacinamida (vitamin B3), hijaluronske kiseline i kofeina, koja trostrukim delovanjem pobolj\u0161ava izgled ne\u017ene ko\u017ee oko o\u010diju.<\/p>\n","protected":false},"excerpt":{"rendered":"<p>Krema za negu o\u010diju i kapaka oboga\u0107ena visokim sadr\u017eajem niacinamida (vitamin B3), hijaluronske kiseline i kofeina, koja trostrukim delovanjem pobolj\u0161ava izgled ne\u017ene ko\u017ee oko o\u010diju.<\/p>\n","protected":false},"featured_media":3576,"comment_status":"open","ping_status":"closed","template":"","meta":{"_acf_changed":false,"_seopress_robots_primary_cat":"none","_seopress_titles_title":"","_seopress_titles_desc":"","_seopress_robots_index":""},"product_brand":[],"product_cat":[389,154,132,135,149,138,152,102,146,145,144,151],"product_tag":[],"class_list":{"0":"post-3583","1":"product","2":"type-product","3":"status-publish","4":"has-post-thumbnail","6":"product_cat-niacinamide","7":"product_cat-normalna-koza","8":"product_cat-nega-koze","9":"product_cat-nega-lica","10":"product_cat-tip-koze","11":"product_cat-potrebe-koze","12":"product_cat-kombinovana-koza","13":"product_cat-linije-proizvoda","14":"product_cat-hidratacija","15":"product_cat-ujednacavanje-tena-i-teksture","16":"product_cat-kontrola-sjaja","17":"product_cat-svi-tipovi-koze","19":"first","20":"instock","21":"shipping-taxable","22":"purchasable","23":"product-type-simple"},"acf":[],"_links":{"self":[{"href":"https:\/\/vzklaboratory.com\/sr\/wp-json\/wp\/v2\/product\/3583","targetHints":{"allow":["GET"]}}],"collection":[{"href":"https:\/\/vzklaboratory.com\/sr\/wp-json\/wp\/v2\/product"}],"about":[{"href":"https:\/\/vzklaboratory.com\/sr\/wp-json\/wp\/v2\/types\/product"}],"replies":[{"embeddable":true,"href":"https:\/\/vzklaboratory.com\/sr\/wp-json\/wp\/v2\/comments?post=3583"}],"wp:featuredmedia":[{"embeddable":true,"href":"https:\/\/vzklaboratory.com\/sr\/wp-json\/wp\/v2\/media\/3576"}],"wp:attachment":[{"href":"https:\/\/vzklaboratory.com\/sr\/wp-json\/wp\/v2\/media?parent=3583"}],"wp:term":[{"taxonomy":"product_brand","embeddable":true,"href":"https:\/\/vzklaboratory.com\/sr\/wp-json\/wp\/v2\/product_brand?post=3583"},{"taxonomy":"product_cat","embeddable":true,"href":"https:\/\/vzklaboratory.com\/sr\/wp-json\/wp\/v2\/product_cat?post=3583"},{"taxonomy":"product_tag","embeddable":true,"href":"https:\/\/vzklaboratory.com\/sr\/wp-json\/wp\/v2\/product_tag?post=3583"}],"curies":[{"name":"wp","href":"https:\/\/api.w.org\/{rel}","templated":true}]}}