{"id":3567,"date":"2025-10-19T23:01:54","date_gmt":"2025-10-19T21:01:54","guid":{"rendered":"https:\/\/vzk.cubesdev.rs\/our-products\/uncategorized\/vzk-mleko-za-telo-sa-pantenolom-200ml\/"},"modified":"2025-10-19T23:01:55","modified_gmt":"2025-10-19T21:01:55","slug":"vzk-mleko-za-telo-sa-pantenolom-200ml","status":"publish","type":"product","link":"https:\/\/vzklaboratory.com\/sr\/na\u0161i-proizvodi\/linije-proizvoda\/panthenol\/vzk-mleko-za-telo-sa-pantenolom-200ml\/","title":{"rendered":"VZK MLEKO ZA TELO SA PANTENOLOM 200ML"},"content":{"rendered":"<p>Formulacija sa pa\u017eljivo odabranim kompleksom za hidrataciju zasnovanim na pantenolu, pru\u017ea dugotrajnu hidrataciju i negu ko\u017ee tela. Pogodna za sve tipove ko\u017ee, posebno za vrlo suvu i osetljivu ko\u017eu.<\/p>\n","protected":false},"excerpt":{"rendered":"<p>Formulacija sa pa\u017eljivo odabranim kompleksom za hidrataciju zasnovanim na pantenolu, pru\u017ea dugotrajnu hidrataciju i negu ko\u017ee tela. Pogodna za sve tipove ko\u017ee, posebno za vrlo suvu i osetljivu ko\u017eu.<\/p>\n","protected":false},"featured_media":6416,"comment_status":"open","ping_status":"closed","template":"","meta":{"_acf_changed":false,"_seopress_robots_primary_cat":"","_seopress_titles_title":"","_seopress_titles_desc":"","_seopress_robots_index":""},"product_brand":[],"product_cat":[388,336,132,134,149,138,102,156,143,151],"product_tag":[],"class_list":{"0":"post-3567","1":"product","2":"type-product","3":"status-publish","4":"has-post-thumbnail","6":"product_cat-panthenol","7":"product_cat-basic-hydration","8":"product_cat-nega-koze","9":"product_cat-nega-tela","10":"product_cat-tip-koze","11":"product_cat-potrebe-koze","12":"product_cat-linije-proizvoda","13":"product_cat-osetljiva-koza","14":"product_cat-osnovna-nega","15":"product_cat-svi-tipovi-koze","17":"first","18":"instock","19":"shipping-taxable","20":"purchasable","21":"product-type-simple"},"acf":[],"_links":{"self":[{"href":"https:\/\/vzklaboratory.com\/sr\/wp-json\/wp\/v2\/product\/3567","targetHints":{"allow":["GET"]}}],"collection":[{"href":"https:\/\/vzklaboratory.com\/sr\/wp-json\/wp\/v2\/product"}],"about":[{"href":"https:\/\/vzklaboratory.com\/sr\/wp-json\/wp\/v2\/types\/product"}],"replies":[{"embeddable":true,"href":"https:\/\/vzklaboratory.com\/sr\/wp-json\/wp\/v2\/comments?post=3567"}],"wp:featuredmedia":[{"embeddable":true,"href":"https:\/\/vzklaboratory.com\/sr\/wp-json\/wp\/v2\/media\/6416"}],"wp:attachment":[{"href":"https:\/\/vzklaboratory.com\/sr\/wp-json\/wp\/v2\/media?parent=3567"}],"wp:term":[{"taxonomy":"product_brand","embeddable":true,"href":"https:\/\/vzklaboratory.com\/sr\/wp-json\/wp\/v2\/product_brand?post=3567"},{"taxonomy":"product_cat","embeddable":true,"href":"https:\/\/vzklaboratory.com\/sr\/wp-json\/wp\/v2\/product_cat?post=3567"},{"taxonomy":"product_tag","embeddable":true,"href":"https:\/\/vzklaboratory.com\/sr\/wp-json\/wp\/v2\/product_tag?post=3567"}],"curies":[{"name":"wp","href":"https:\/\/api.w.org\/{rel}","templated":true}]}}