{"id":3562,"date":"2025-10-19T23:01:49","date_gmt":"2025-10-19T21:01:49","guid":{"rendered":"https:\/\/vzk.cubesdev.rs\/our-products\/uncategorized\/vzk-mleko-za-ciscenje-lica-150ml\/"},"modified":"2025-10-19T23:01:53","modified_gmt":"2025-10-19T21:01:53","slug":"vzk-mleko-za-ciscenje-lica-150ml","status":"publish","type":"product","link":"https:\/\/vzklaboratory.com\/sr\/na\u0161i-proizvodi\/potrebe-koze\/ciscenje-lica\/vzk-mleko-za-ciscenje-lica-150ml\/","title":{"rendered":"VZK MLEKO ZA \u010cI\u0160\u0106ENJE LICA 150ML"},"content":{"rendered":"<p>Mleko na bazi visoko pre\u010di\u0161\u0107enih ulja mineralnog porekla uz dodatak supstanci sa hidratantnim svojstvima, efikasno uklanja \u0161minku i ne\u010disto\u0107e sa povr\u0161ine lica, ne remete\u0107i njen prirodni hidrolipidni balans.<\/p>\n","protected":false},"excerpt":{"rendered":"<p>Mleko na bazi visoko pre\u010di\u0161\u0107enih ulja mineralnog porekla uz dodatak supstanci sa hidratantnim svojstvima, efikasno uklanja \u0161minku i ne\u010disto\u0107e sa povr\u0161ine lica, ne remete\u0107i njen prirodni hidrolipidni balans.<\/p>\n","protected":false},"featured_media":3561,"comment_status":"open","ping_status":"closed","template":"","meta":{"_acf_changed":false,"_seopress_robots_primary_cat":"","_seopress_titles_title":"","_seopress_titles_desc":"","_seopress_robots_index":""},"product_brand":[],"product_cat":[378,336,132,135,149,138,102,143],"product_tag":[],"class_list":{"0":"post-3562","1":"product","2":"type-product","3":"status-publish","4":"has-post-thumbnail","6":"product_cat-ciscenje-lica","7":"product_cat-basic-hydration","8":"product_cat-nega-koze","9":"product_cat-nega-lica","10":"product_cat-tip-koze","11":"product_cat-potrebe-koze","12":"product_cat-linije-proizvoda","13":"product_cat-osnovna-nega","15":"first","16":"instock","17":"shipping-taxable","18":"purchasable","19":"product-type-simple"},"acf":[],"_links":{"self":[{"href":"https:\/\/vzklaboratory.com\/sr\/wp-json\/wp\/v2\/product\/3562","targetHints":{"allow":["GET"]}}],"collection":[{"href":"https:\/\/vzklaboratory.com\/sr\/wp-json\/wp\/v2\/product"}],"about":[{"href":"https:\/\/vzklaboratory.com\/sr\/wp-json\/wp\/v2\/types\/product"}],"replies":[{"embeddable":true,"href":"https:\/\/vzklaboratory.com\/sr\/wp-json\/wp\/v2\/comments?post=3562"}],"wp:featuredmedia":[{"embeddable":true,"href":"https:\/\/vzklaboratory.com\/sr\/wp-json\/wp\/v2\/media\/3561"}],"wp:attachment":[{"href":"https:\/\/vzklaboratory.com\/sr\/wp-json\/wp\/v2\/media?parent=3562"}],"wp:term":[{"taxonomy":"product_brand","embeddable":true,"href":"https:\/\/vzklaboratory.com\/sr\/wp-json\/wp\/v2\/product_brand?post=3562"},{"taxonomy":"product_cat","embeddable":true,"href":"https:\/\/vzklaboratory.com\/sr\/wp-json\/wp\/v2\/product_cat?post=3562"},{"taxonomy":"product_tag","embeddable":true,"href":"https:\/\/vzklaboratory.com\/sr\/wp-json\/wp\/v2\/product_tag?post=3562"}],"curies":[{"name":"wp","href":"https:\/\/api.w.org\/{rel}","templated":true}]}}