{"id":3551,"date":"2025-10-19T23:01:44","date_gmt":"2025-10-19T21:01:44","guid":{"rendered":"https:\/\/vzk.cubesdev.rs\/our-products\/uncategorized\/vzk-mineral-sunscreen-100ml-2\/"},"modified":"2025-10-19T23:01:48","modified_gmt":"2025-10-19T21:01:48","slug":"vzk-mineral-sunscreen-100ml-2","status":"publish","type":"product","link":"https:\/\/vzklaboratory.com\/sr\/na\u0161i-proizvodi\/linije-proizvoda\/sun-care-program\/vzk-mineral-sunscreen-100ml-2\/","title":{"rendered":"VZK MINERAL SUNSCREEN 100ML"},"content":{"rendered":"<p>Formulacija sa mineralnim filterima, namenjena osetljivoj ko\u017ei, omogu\u0107ava visoku toleranciju i optimalnu za\u0161titu od \u0161tetnih sun\u010devih zraka. Sadr\u017ei za\u0161titni faktor SPF 50+, koji \u0161titi ko\u017eu od preranog starenja, izazvanog \u0161tetnim sun\u010devim zracima, kao i glicerin i jojoba ulje koji je intenzivno neguju i hidriraju. Posebno pogodna za ko\u017eu netolerantnu na hemijske faktore za\u0161tite i parfeme.<\/p>\n","protected":false},"excerpt":{"rendered":"<p>Formulacija sa mineralnim filterima, namenjena osetljivoj ko\u017ei, omogu\u0107ava visoku toleranciju i optimalnu za\u0161titu od \u0161tetnih sun\u010devih zraka. Sadr\u017ei za\u0161titni faktor SPF 50+, koji \u0161titi ko\u017eu od preranog starenja, izazvanog \u0161tetnim sun\u010devim zracima, kao i glicerin i jojoba ulje koji je intenzivno neguju i hidriraju. Posebno pogodna za ko\u017eu netolerantnu na hemijske faktore za\u0161tite i parfeme.<\/p>\n","protected":false},"featured_media":3550,"comment_status":"open","ping_status":"closed","template":"","meta":{"_acf_changed":false,"_seopress_robots_primary_cat":"","_seopress_titles_title":"","_seopress_titles_desc":"","_seopress_robots_index":""},"product_brand":[],"product_cat":[392,132,148,149,138,102,137],"product_tag":[],"class_list":{"0":"post-3551","1":"product","2":"type-product","3":"status-publish","4":"has-post-thumbnail","6":"product_cat-sun-care-program","7":"product_cat-nega-koze","8":"product_cat-spf-zastita","9":"product_cat-tip-koze","10":"product_cat-potrebe-koze","11":"product_cat-linije-proizvoda","12":"product_cat-zastita-od-sunca","14":"first","15":"instock","16":"shipping-taxable","17":"purchasable","18":"product-type-simple"},"acf":[],"_links":{"self":[{"href":"https:\/\/vzklaboratory.com\/sr\/wp-json\/wp\/v2\/product\/3551","targetHints":{"allow":["GET"]}}],"collection":[{"href":"https:\/\/vzklaboratory.com\/sr\/wp-json\/wp\/v2\/product"}],"about":[{"href":"https:\/\/vzklaboratory.com\/sr\/wp-json\/wp\/v2\/types\/product"}],"replies":[{"embeddable":true,"href":"https:\/\/vzklaboratory.com\/sr\/wp-json\/wp\/v2\/comments?post=3551"}],"wp:featuredmedia":[{"embeddable":true,"href":"https:\/\/vzklaboratory.com\/sr\/wp-json\/wp\/v2\/media\/3550"}],"wp:attachment":[{"href":"https:\/\/vzklaboratory.com\/sr\/wp-json\/wp\/v2\/media?parent=3551"}],"wp:term":[{"taxonomy":"product_brand","embeddable":true,"href":"https:\/\/vzklaboratory.com\/sr\/wp-json\/wp\/v2\/product_brand?post=3551"},{"taxonomy":"product_cat","embeddable":true,"href":"https:\/\/vzklaboratory.com\/sr\/wp-json\/wp\/v2\/product_cat?post=3551"},{"taxonomy":"product_tag","embeddable":true,"href":"https:\/\/vzklaboratory.com\/sr\/wp-json\/wp\/v2\/product_tag?post=3551"}],"curies":[{"name":"wp","href":"https:\/\/api.w.org\/{rel}","templated":true}]}}