{"id":3539,"date":"2025-10-19T23:01:39","date_gmt":"2025-10-19T21:01:39","guid":{"rendered":"https:\/\/vzk.cubesdev.rs\/our-products\/uncategorized\/vzk-micelarni-gel-za-umivanje-200ml\/"},"modified":"2025-10-19T23:01:43","modified_gmt":"2025-10-19T21:01:43","slug":"vzk-micelarni-gel-za-umivanje-200ml","status":"publish","type":"product","link":"https:\/\/vzklaboratory.com\/sr\/na\u0161i-proizvodi\/linije-proizvoda\/basic-hydration\/vzk-micelarni-gel-za-umivanje-200ml\/","title":{"rendered":"VZK MICELARNI GEL ZA UMIVANJE 200ML"},"content":{"rendered":"<p>Formulisan kao 3 u 1 proizvod namenjen svim tipovima ko\u017ee. Efikasno sredstvo za \u010di\u0161\u0107enje ko\u017ee lica, skidanje \u0161minke i umiruju\u0107i tonik, na bazi ekstrakta krastavca koji umiruje ko\u017eu i umanjuje ose\u0107aj zatezanja. Ne\u017eno uklanja masno\u0107u, ne\u010disto\u0107e i ostatke \u0161minke sa lica, bez prekomernog isu\u0161ivanja.<\/p>\n","protected":false},"excerpt":{"rendered":"<p>Formulisan kao 3 u 1 proizvod namenjen svim tipovima ko\u017ee. Efikasno sredstvo za \u010di\u0161\u0107enje ko\u017ee lica, skidanje \u0161minke i umiruju\u0107i tonik, na bazi ekstrakta krastavca koji umiruje ko\u017eu i umanjuje ose\u0107aj zatezanja. Ne\u017eno uklanja masno\u0107u, ne\u010disto\u0107e i ostatke \u0161minke sa lica, bez prekomernog isu\u0161ivanja.<\/p>\n","protected":false},"featured_media":6775,"comment_status":"open","ping_status":"closed","template":"","meta":{"_acf_changed":false,"_seopress_robots_primary_cat":"","_seopress_titles_title":"","_seopress_titles_desc":"","_seopress_robots_index":""},"product_brand":[],"product_cat":[336,378,132,135,149,138,102,143],"product_tag":[],"class_list":{"0":"post-3539","1":"product","2":"type-product","3":"status-publish","4":"has-post-thumbnail","6":"product_cat-basic-hydration","7":"product_cat-ciscenje-lica","8":"product_cat-nega-koze","9":"product_cat-nega-lica","10":"product_cat-tip-koze","11":"product_cat-potrebe-koze","12":"product_cat-linije-proizvoda","13":"product_cat-osnovna-nega","15":"first","16":"instock","17":"shipping-taxable","18":"purchasable","19":"product-type-simple"},"acf":[],"_links":{"self":[{"href":"https:\/\/vzklaboratory.com\/sr\/wp-json\/wp\/v2\/product\/3539","targetHints":{"allow":["GET"]}}],"collection":[{"href":"https:\/\/vzklaboratory.com\/sr\/wp-json\/wp\/v2\/product"}],"about":[{"href":"https:\/\/vzklaboratory.com\/sr\/wp-json\/wp\/v2\/types\/product"}],"replies":[{"embeddable":true,"href":"https:\/\/vzklaboratory.com\/sr\/wp-json\/wp\/v2\/comments?post=3539"}],"wp:featuredmedia":[{"embeddable":true,"href":"https:\/\/vzklaboratory.com\/sr\/wp-json\/wp\/v2\/media\/6775"}],"wp:attachment":[{"href":"https:\/\/vzklaboratory.com\/sr\/wp-json\/wp\/v2\/media?parent=3539"}],"wp:term":[{"taxonomy":"product_brand","embeddable":true,"href":"https:\/\/vzklaboratory.com\/sr\/wp-json\/wp\/v2\/product_brand?post=3539"},{"taxonomy":"product_cat","embeddable":true,"href":"https:\/\/vzklaboratory.com\/sr\/wp-json\/wp\/v2\/product_cat?post=3539"},{"taxonomy":"product_tag","embeddable":true,"href":"https:\/\/vzklaboratory.com\/sr\/wp-json\/wp\/v2\/product_tag?post=3539"}],"curies":[{"name":"wp","href":"https:\/\/api.w.org\/{rel}","templated":true}]}}