{"id":3528,"date":"2025-10-19T23:01:30","date_gmt":"2025-10-19T21:01:30","guid":{"rendered":"https:\/\/vzk.cubesdev.rs\/our-products\/uncategorized\/vzk-micelarna-voda-400ml\/"},"modified":"2025-10-19T23:01:38","modified_gmt":"2025-10-19T21:01:38","slug":"vzk-micelarna-voda-400ml","status":"publish","type":"product","link":"https:\/\/vzklaboratory.com\/sr\/na\u0161i-proizvodi\/linije-proizvoda\/basic-hydration\/vzk-micelarna-voda-400ml\/","title":{"rendered":"VZK MICELARNA VODA 400ML"},"content":{"rendered":"<p>Efikasno sredstvo za \u010di\u0161\u0107enje ko\u017ee lica. Ne\u017eno uklanja masno\u0107u, ostatke \u0161minke i ne\u010disto\u0107e bez prekomernog isu\u0161ivanja ko\u017ee. Umiruje i hidrira ko\u017eu. Pogodno za sve tipove ko\u017ee.<\/p>\n","protected":false},"excerpt":{"rendered":"<p>Efikasno sredstvo za \u010di\u0161\u0107enje ko\u017ee lica. Ne\u017eno uklanja masno\u0107u, ostatke \u0161minke i ne\u010disto\u0107e bez prekomernog isu\u0161ivanja ko\u017ee. Umiruje i hidrira ko\u017eu. Pogodno za sve tipove ko\u017ee.<\/p>\n","protected":false},"featured_media":3521,"comment_status":"open","ping_status":"closed","template":"","meta":{"_acf_changed":false,"_seopress_robots_primary_cat":"","_seopress_titles_title":"","_seopress_titles_desc":"","_seopress_robots_index":""},"product_brand":[],"product_cat":[336,378,132,135,149,138,102,143],"product_tag":[],"class_list":{"0":"post-3528","1":"product","2":"type-product","3":"status-publish","4":"has-post-thumbnail","6":"product_cat-basic-hydration","7":"product_cat-ciscenje-lica","8":"product_cat-nega-koze","9":"product_cat-nega-lica","10":"product_cat-tip-koze","11":"product_cat-potrebe-koze","12":"product_cat-linije-proizvoda","13":"product_cat-osnovna-nega","15":"first","16":"instock","17":"shipping-taxable","18":"purchasable","19":"product-type-simple"},"acf":[],"_links":{"self":[{"href":"https:\/\/vzklaboratory.com\/sr\/wp-json\/wp\/v2\/product\/3528","targetHints":{"allow":["GET"]}}],"collection":[{"href":"https:\/\/vzklaboratory.com\/sr\/wp-json\/wp\/v2\/product"}],"about":[{"href":"https:\/\/vzklaboratory.com\/sr\/wp-json\/wp\/v2\/types\/product"}],"replies":[{"embeddable":true,"href":"https:\/\/vzklaboratory.com\/sr\/wp-json\/wp\/v2\/comments?post=3528"}],"wp:featuredmedia":[{"embeddable":true,"href":"https:\/\/vzklaboratory.com\/sr\/wp-json\/wp\/v2\/media\/3521"}],"wp:attachment":[{"href":"https:\/\/vzklaboratory.com\/sr\/wp-json\/wp\/v2\/media?parent=3528"}],"wp:term":[{"taxonomy":"product_brand","embeddable":true,"href":"https:\/\/vzklaboratory.com\/sr\/wp-json\/wp\/v2\/product_brand?post=3528"},{"taxonomy":"product_cat","embeddable":true,"href":"https:\/\/vzklaboratory.com\/sr\/wp-json\/wp\/v2\/product_cat?post=3528"},{"taxonomy":"product_tag","embeddable":true,"href":"https:\/\/vzklaboratory.com\/sr\/wp-json\/wp\/v2\/product_tag?post=3528"}],"curies":[{"name":"wp","href":"https:\/\/api.w.org\/{rel}","templated":true}]}}