{"id":3499,"date":"2025-10-19T23:00:52","date_gmt":"2025-10-19T21:00:52","guid":{"rendered":"https:\/\/vzk.cubesdev.rs\/our-products\/uncategorized\/vzk-matirajuci-fluid-za-lice-50ml\/"},"modified":"2025-10-19T23:01:24","modified_gmt":"2025-10-19T21:01:24","slug":"vzk-matirajuci-fluid-za-lice-50ml","status":"publish","type":"product","link":"https:\/\/vzklaboratory.com\/sr\/na\u0161i-proizvodi\/nega-koze\/nega-lica\/vzk-matirajuci-fluid-za-lice-50ml\/","title":{"rendered":"VZK MATIRAJU\u0106I FLUID ZA LICE 50ML"},"content":{"rendered":"<p>Lagani fluid namenjen masnoj ko\u017ei lica sklonoj nesavr\u0161enostima. Nemasna tekstura trenutno matira ko\u017eu, umanjuje vidljivost pora, kontroli\u0161e sjaj ko\u017ee i poma\u017ee kod regulacije lu\u010denja sebuma. Glicerin trenutno hidrira ko\u017eu, dok Uvaxine\u2122 poma\u017ee kod za\u0161tite lica od \u0161tetnih UV zraka i prekomernog starenja izazvanog negativnim sun\u010devim uticajem.<\/p>\n","protected":false},"excerpt":{"rendered":"<p>Lagani fluid namenjen masnoj ko\u017ei lica sklonoj nesavr\u0161enostima. Nemasna tekstura trenutno matira ko\u017eu, umanjuje vidljivost pora, kontroli\u0161e sjaj ko\u017ee i poma\u017ee kod regulacije lu\u010denja sebuma. Glicerin trenutno hidrira ko\u017eu, dok Uvaxine\u2122 poma\u017ee kod za\u0161tite lica od \u0161tetnih UV zraka i prekomernog starenja izazvanog negativnim sun\u010devim uticajem.<\/p>\n","protected":false},"featured_media":3456,"comment_status":"open","ping_status":"closed","template":"","meta":{"_acf_changed":false,"_seopress_robots_primary_cat":"","_seopress_titles_title":"","_seopress_titles_desc":"","_seopress_robots_index":""},"product_brand":[],"product_cat":[135,132,149,150,104,138,155,102,144,139],"product_tag":[],"class_list":{"0":"post-3499","1":"product","2":"type-product","3":"status-publish","4":"has-post-thumbnail","6":"product_cat-nega-lica","7":"product_cat-nega-koze","8":"product_cat-tip-koze","9":"product_cat-koza-sklona-aknama","10":"product_cat-vzk-problematic-skin","11":"product_cat-potrebe-koze","12":"product_cat-masna-koza","13":"product_cat-linije-proizvoda","14":"product_cat-kontrola-sjaja","15":"product_cat-kontrola-akni","17":"first","18":"instock","19":"shipping-taxable","20":"purchasable","21":"product-type-simple"},"acf":[],"_links":{"self":[{"href":"https:\/\/vzklaboratory.com\/sr\/wp-json\/wp\/v2\/product\/3499","targetHints":{"allow":["GET"]}}],"collection":[{"href":"https:\/\/vzklaboratory.com\/sr\/wp-json\/wp\/v2\/product"}],"about":[{"href":"https:\/\/vzklaboratory.com\/sr\/wp-json\/wp\/v2\/types\/product"}],"replies":[{"embeddable":true,"href":"https:\/\/vzklaboratory.com\/sr\/wp-json\/wp\/v2\/comments?post=3499"}],"wp:featuredmedia":[{"embeddable":true,"href":"https:\/\/vzklaboratory.com\/sr\/wp-json\/wp\/v2\/media\/3456"}],"wp:attachment":[{"href":"https:\/\/vzklaboratory.com\/sr\/wp-json\/wp\/v2\/media?parent=3499"}],"wp:term":[{"taxonomy":"product_brand","embeddable":true,"href":"https:\/\/vzklaboratory.com\/sr\/wp-json\/wp\/v2\/product_brand?post=3499"},{"taxonomy":"product_cat","embeddable":true,"href":"https:\/\/vzklaboratory.com\/sr\/wp-json\/wp\/v2\/product_cat?post=3499"},{"taxonomy":"product_tag","embeddable":true,"href":"https:\/\/vzklaboratory.com\/sr\/wp-json\/wp\/v2\/product_tag?post=3499"}],"curies":[{"name":"wp","href":"https:\/\/api.w.org\/{rel}","templated":true}]}}