{"id":3445,"date":"2025-10-19T23:00:23","date_gmt":"2025-10-19T21:00:23","guid":{"rendered":"https:\/\/vzk.cubesdev.rs\/our-products\/uncategorized\/vzk-losion-za-ciscenje-problematicne-koze-100ml\/"},"modified":"2025-10-19T23:00:51","modified_gmt":"2025-10-19T21:00:51","slug":"vzk-losion-za-ciscenje-problematicne-koze-100ml","status":"publish","type":"product","link":"https:\/\/vzklaboratory.com\/sr\/na\u0161i-proizvodi\/potrebe-koze\/ciscenje-lica\/vzk-losion-za-ciscenje-problematicne-koze-100ml\/","title":{"rendered":"VZK LOSION ZA \u010cI\u0160\u0106ENJE PROBLEMATI\u010cNE KO\u017dE 100ML"},"content":{"rendered":"<p>Formulacija na bazi alfa i beta-hidroksi kiselina namenjena \u010di\u0161\u0107enju masne i problemati\u010dne ko\u017ee lica, vrata, dekoltea i le\u0111a.<\/p>\n","protected":false},"excerpt":{"rendered":"<p>Formulacija na bazi alfa i beta-hidroksi kiselina namenjena \u010di\u0161\u0107enju masne i problemati\u010dne ko\u017ee lica, vrata, dekoltea i le\u0111a.<\/p>\n","protected":false},"featured_media":3408,"comment_status":"open","ping_status":"closed","template":"","meta":{"_acf_changed":false,"_seopress_robots_primary_cat":"","_seopress_titles_title":"","_seopress_titles_desc":"","_seopress_robots_index":""},"product_brand":[],"product_cat":[378,132,135,149,150,104,155,138,102,144,139],"product_tag":[],"class_list":{"0":"post-3445","1":"product","2":"type-product","3":"status-publish","4":"has-post-thumbnail","6":"product_cat-ciscenje-lica","7":"product_cat-nega-koze","8":"product_cat-nega-lica","9":"product_cat-tip-koze","10":"product_cat-koza-sklona-aknama","11":"product_cat-vzk-problematic-skin","12":"product_cat-masna-koza","13":"product_cat-potrebe-koze","14":"product_cat-linije-proizvoda","15":"product_cat-kontrola-sjaja","16":"product_cat-kontrola-akni","18":"first","19":"instock","20":"shipping-taxable","21":"purchasable","22":"product-type-simple"},"acf":[],"_links":{"self":[{"href":"https:\/\/vzklaboratory.com\/sr\/wp-json\/wp\/v2\/product\/3445","targetHints":{"allow":["GET"]}}],"collection":[{"href":"https:\/\/vzklaboratory.com\/sr\/wp-json\/wp\/v2\/product"}],"about":[{"href":"https:\/\/vzklaboratory.com\/sr\/wp-json\/wp\/v2\/types\/product"}],"replies":[{"embeddable":true,"href":"https:\/\/vzklaboratory.com\/sr\/wp-json\/wp\/v2\/comments?post=3445"}],"wp:featuredmedia":[{"embeddable":true,"href":"https:\/\/vzklaboratory.com\/sr\/wp-json\/wp\/v2\/media\/3408"}],"wp:attachment":[{"href":"https:\/\/vzklaboratory.com\/sr\/wp-json\/wp\/v2\/media?parent=3445"}],"wp:term":[{"taxonomy":"product_brand","embeddable":true,"href":"https:\/\/vzklaboratory.com\/sr\/wp-json\/wp\/v2\/product_brand?post=3445"},{"taxonomy":"product_cat","embeddable":true,"href":"https:\/\/vzklaboratory.com\/sr\/wp-json\/wp\/v2\/product_cat?post=3445"},{"taxonomy":"product_tag","embeddable":true,"href":"https:\/\/vzklaboratory.com\/sr\/wp-json\/wp\/v2\/product_tag?post=3445"}],"curies":[{"name":"wp","href":"https:\/\/api.w.org\/{rel}","templated":true}]}}