{"id":3347,"date":"2025-10-19T22:59:44","date_gmt":"2025-10-19T20:59:44","guid":{"rendered":"https:\/\/vzk.cubesdev.rs\/our-products\/uncategorized\/vzk-krema-za-osetljivu-kozu-lica-spf50-50ml\/"},"modified":"2025-10-19T22:59:52","modified_gmt":"2025-10-19T20:59:52","slug":"vzk-krema-za-osetljivu-kozu-lica-spf50-50ml","status":"publish","type":"product","link":"https:\/\/vzklaboratory.com\/sr\/na\u0161i-proizvodi\/linije-proizvoda\/sun-care-program\/vzk-krema-za-osetljivu-kozu-lica-spf50-50ml\/","title":{"rendered":"VZK KREMA ZA OSETLJIVU KO\u017dU LICA SPF50+ 50ML"},"content":{"rendered":"<p>Specijalna formulacija sa visokim za\u0161titnim faktorom koja \u0161titi osetljivu ko\u017eu lica od sun\u010devog zra\u010denja.<\/p>\n","protected":false},"excerpt":{"rendered":"<p>Specijalna formulacija sa visokim za\u0161titnim faktorom koja \u0161titi osetljivu ko\u017eu lica od sun\u010devog zra\u010denja.<\/p>\n","protected":false},"featured_media":3340,"comment_status":"open","ping_status":"closed","template":"","meta":{"_acf_changed":false,"_seopress_robots_primary_cat":"","_seopress_titles_title":"","_seopress_titles_desc":"","_seopress_robots_index":""},"product_brand":[],"product_cat":[392,132,148,149,138,102,156,137],"product_tag":[],"class_list":{"0":"post-3347","1":"product","2":"type-product","3":"status-publish","4":"has-post-thumbnail","6":"product_cat-sun-care-program","7":"product_cat-nega-koze","8":"product_cat-spf-zastita","9":"product_cat-tip-koze","10":"product_cat-potrebe-koze","11":"product_cat-linije-proizvoda","12":"product_cat-osetljiva-koza","13":"product_cat-zastita-od-sunca","15":"first","16":"instock","17":"shipping-taxable","18":"purchasable","19":"product-type-simple"},"acf":[],"_links":{"self":[{"href":"https:\/\/vzklaboratory.com\/sr\/wp-json\/wp\/v2\/product\/3347","targetHints":{"allow":["GET"]}}],"collection":[{"href":"https:\/\/vzklaboratory.com\/sr\/wp-json\/wp\/v2\/product"}],"about":[{"href":"https:\/\/vzklaboratory.com\/sr\/wp-json\/wp\/v2\/types\/product"}],"replies":[{"embeddable":true,"href":"https:\/\/vzklaboratory.com\/sr\/wp-json\/wp\/v2\/comments?post=3347"}],"wp:featuredmedia":[{"embeddable":true,"href":"https:\/\/vzklaboratory.com\/sr\/wp-json\/wp\/v2\/media\/3340"}],"wp:attachment":[{"href":"https:\/\/vzklaboratory.com\/sr\/wp-json\/wp\/v2\/media?parent=3347"}],"wp:term":[{"taxonomy":"product_brand","embeddable":true,"href":"https:\/\/vzklaboratory.com\/sr\/wp-json\/wp\/v2\/product_brand?post=3347"},{"taxonomy":"product_cat","embeddable":true,"href":"https:\/\/vzklaboratory.com\/sr\/wp-json\/wp\/v2\/product_cat?post=3347"},{"taxonomy":"product_tag","embeddable":true,"href":"https:\/\/vzklaboratory.com\/sr\/wp-json\/wp\/v2\/product_tag?post=3347"}],"curies":[{"name":"wp","href":"https:\/\/api.w.org\/{rel}","templated":true}]}}