{"id":3284,"date":"2025-10-19T22:58:55","date_gmt":"2025-10-19T20:58:55","guid":{"rendered":"https:\/\/vzk.cubesdev.rs\/our-products\/uncategorized\/vzk-krema-za-suncanje-spf50-200ml\/"},"modified":"2025-10-19T22:59:15","modified_gmt":"2025-10-19T20:59:15","slug":"vzk-krema-za-suncanje-spf50-200ml","status":"publish","type":"product","link":"https:\/\/vzklaboratory.com\/sr\/na\u0161i-proizvodi\/linije-proizvoda\/sun-care-program\/vzk-krema-za-suncanje-spf50-200ml\/","title":{"rendered":"VZK KREMA ZA SUN\u010cANJE SPF50 200ML"},"content":{"rendered":"<p>Posebna formulacija sa visokim faktorom za\u0161tite od sunca, sadr\u017ei glicerin i \u0161i buter koji neguju i hidriraju ko\u017eu.<\/p>\n","protected":false},"excerpt":{"rendered":"<p>Posebna formulacija sa visokim faktorom za\u0161tite od sunca, sadr\u017ei glicerin i \u0161i buter koji neguju i hidriraju ko\u017eu.<\/p>\n","protected":false},"featured_media":3271,"comment_status":"open","ping_status":"closed","template":"","meta":{"_acf_changed":false,"_seopress_robots_primary_cat":"","_seopress_titles_title":"","_seopress_titles_desc":"","_seopress_robots_index":""},"product_brand":[],"product_cat":[392,132,148,149,138,102,137],"product_tag":[],"class_list":{"0":"post-3284","1":"product","2":"type-product","3":"status-publish","4":"has-post-thumbnail","6":"product_cat-sun-care-program","7":"product_cat-nega-koze","8":"product_cat-spf-zastita","9":"product_cat-tip-koze","10":"product_cat-potrebe-koze","11":"product_cat-linije-proizvoda","12":"product_cat-zastita-od-sunca","14":"first","15":"instock","16":"shipping-taxable","17":"purchasable","18":"product-type-simple"},"acf":[],"_links":{"self":[{"href":"https:\/\/vzklaboratory.com\/sr\/wp-json\/wp\/v2\/product\/3284","targetHints":{"allow":["GET"]}}],"collection":[{"href":"https:\/\/vzklaboratory.com\/sr\/wp-json\/wp\/v2\/product"}],"about":[{"href":"https:\/\/vzklaboratory.com\/sr\/wp-json\/wp\/v2\/types\/product"}],"replies":[{"embeddable":true,"href":"https:\/\/vzklaboratory.com\/sr\/wp-json\/wp\/v2\/comments?post=3284"}],"wp:featuredmedia":[{"embeddable":true,"href":"https:\/\/vzklaboratory.com\/sr\/wp-json\/wp\/v2\/media\/3271"}],"wp:attachment":[{"href":"https:\/\/vzklaboratory.com\/sr\/wp-json\/wp\/v2\/media?parent=3284"}],"wp:term":[{"taxonomy":"product_brand","embeddable":true,"href":"https:\/\/vzklaboratory.com\/sr\/wp-json\/wp\/v2\/product_brand?post=3284"},{"taxonomy":"product_cat","embeddable":true,"href":"https:\/\/vzklaboratory.com\/sr\/wp-json\/wp\/v2\/product_cat?post=3284"},{"taxonomy":"product_tag","embeddable":true,"href":"https:\/\/vzklaboratory.com\/sr\/wp-json\/wp\/v2\/product_tag?post=3284"}],"curies":[{"name":"wp","href":"https:\/\/api.w.org\/{rel}","templated":true}]}}