{"id":3218,"date":"2025-10-19T22:58:29","date_gmt":"2025-10-19T20:58:29","guid":{"rendered":"https:\/\/vzk.cubesdev.rs\/our-products\/uncategorized\/vzk-krema-za-prevenciju-strija-150ml\/"},"modified":"2025-10-19T22:58:36","modified_gmt":"2025-10-19T20:58:36","slug":"vzk-krema-za-prevenciju-strija-150ml","status":"publish","type":"product","link":"https:\/\/vzklaboratory.com\/sr\/na\u0161i-proizvodi\/nega-koze\/kucna-apoteka\/vzk-krema-za-prevenciju-strija-150ml\/","title":{"rendered":"VZK KREMA ZA PREVENCIJU STRIJA 150ML"},"content":{"rendered":"<p>Posebna formulacija na bazi \u0161i i kakao butera, ulja badema, alantoina i tokoferola, spre\u010dava pojavu strija i ubla\u017eava vizuelne efekte ve\u0107 postoje\u0107ih, nastalih kao posledica trudno\u0107e, ubrzanog rasta u pubertetu i promena te\u017eine.<\/p>\n","protected":false},"excerpt":{"rendered":"<p>Posebna formulacija na bazi \u0161i i kakao butera, ulja badema, alantoina i tokoferola, spre\u010dava pojavu strija i ubla\u017eava vizuelne efekte ve\u0107 postoje\u0107ih, nastalih kao posledica trudno\u0107e, ubrzanog rasta u pubertetu i promena te\u017eine.<\/p>\n","protected":false},"featured_media":3211,"comment_status":"open","ping_status":"closed","template":"","meta":{"_acf_changed":false,"_seopress_robots_primary_cat":"","_seopress_titles_title":"","_seopress_titles_desc":"","_seopress_robots_index":""},"product_brand":[],"product_cat":[334,336,132,149,138,102,143,151],"product_tag":[],"class_list":{"0":"post-3218","1":"product","2":"type-product","3":"status-publish","4":"has-post-thumbnail","6":"product_cat-kucna-apoteka","7":"product_cat-basic-hydration","8":"product_cat-nega-koze","9":"product_cat-tip-koze","10":"product_cat-potrebe-koze","11":"product_cat-linije-proizvoda","12":"product_cat-osnovna-nega","13":"product_cat-svi-tipovi-koze","15":"first","16":"instock","17":"shipping-taxable","18":"purchasable","19":"product-type-simple"},"acf":[],"_links":{"self":[{"href":"https:\/\/vzklaboratory.com\/sr\/wp-json\/wp\/v2\/product\/3218","targetHints":{"allow":["GET"]}}],"collection":[{"href":"https:\/\/vzklaboratory.com\/sr\/wp-json\/wp\/v2\/product"}],"about":[{"href":"https:\/\/vzklaboratory.com\/sr\/wp-json\/wp\/v2\/types\/product"}],"replies":[{"embeddable":true,"href":"https:\/\/vzklaboratory.com\/sr\/wp-json\/wp\/v2\/comments?post=3218"}],"wp:featuredmedia":[{"embeddable":true,"href":"https:\/\/vzklaboratory.com\/sr\/wp-json\/wp\/v2\/media\/3211"}],"wp:attachment":[{"href":"https:\/\/vzklaboratory.com\/sr\/wp-json\/wp\/v2\/media?parent=3218"}],"wp:term":[{"taxonomy":"product_brand","embeddable":true,"href":"https:\/\/vzklaboratory.com\/sr\/wp-json\/wp\/v2\/product_brand?post=3218"},{"taxonomy":"product_cat","embeddable":true,"href":"https:\/\/vzklaboratory.com\/sr\/wp-json\/wp\/v2\/product_cat?post=3218"},{"taxonomy":"product_tag","embeddable":true,"href":"https:\/\/vzklaboratory.com\/sr\/wp-json\/wp\/v2\/product_tag?post=3218"}],"curies":[{"name":"wp","href":"https:\/\/api.w.org\/{rel}","templated":true}]}}