{"id":3201,"date":"2025-10-19T22:58:20","date_gmt":"2025-10-19T20:58:20","guid":{"rendered":"https:\/\/vzk.cubesdev.rs\/our-products\/uncategorized\/vzk-krema-za-podrucje-oko-ociju-sa-retinolom-15ml\/"},"modified":"2025-10-19T22:58:28","modified_gmt":"2025-10-19T20:58:28","slug":"vzk-krema-za-podrucje-oko-ociju-sa-retinolom-15ml","status":"publish","type":"product","link":"https:\/\/vzklaboratory.com\/sr\/na\u0161i-proizvodi\/linije-proizvoda\/retinol\/vzk-krema-za-podrucje-oko-ociju-sa-retinolom-15ml\/","title":{"rendered":"VZK KREMA ZA PODRU\u010cJE OKO O\u010cIJU SA RETINOLOM 15ML"},"content":{"rendered":"<p>Krema za negu ko\u017ee oko o\u010diju i o\u010dnih kapaka oboga\u0107ena vitaminom A, niacinamidom i kofeinom, hidrira i neguje ko\u017eu, istovremeno ubla\u017eavaju\u0107i posledice umora, stresa i starenja. Niacinamid ubla\u017eava izgled tamnih krugova, retinol umanjuje izgled bora, dok kofein ubla\u017eava izgled ote\u010denih podo\u010dnjaka.<\/p>\n","protected":false},"excerpt":{"rendered":"<p>Krema za negu ko\u017ee oko o\u010diju i o\u010dnih kapaka oboga\u0107ena vitaminom A, niacinamidom i kofeinom, hidrira i neguje ko\u017eu, istovremeno ubla\u017eavaju\u0107i posledice umora, stresa i starenja. Niacinamid ubla\u017eava izgled tamnih krugova, retinol umanjuje izgled bora, dok kofein ubla\u017eava izgled ote\u010denih podo\u010dnjaka.<\/p>\n","protected":false},"featured_media":3194,"comment_status":"open","ping_status":"closed","template":"","meta":{"_acf_changed":false,"_seopress_robots_primary_cat":"","_seopress_titles_title":"","_seopress_titles_desc":"","_seopress_robots_index":""},"product_brand":[],"product_cat":[340,154,132,135,142,149,138,102,146,151],"product_tag":[],"class_list":{"0":"post-3201","1":"product","2":"type-product","3":"status-publish","4":"has-post-thumbnail","6":"product_cat-retinol","7":"product_cat-normalna-koza","8":"product_cat-nega-koze","9":"product_cat-nega-lica","10":"product_cat-protiv-bora","11":"product_cat-tip-koze","12":"product_cat-potrebe-koze","13":"product_cat-linije-proizvoda","14":"product_cat-hidratacija","15":"product_cat-svi-tipovi-koze","17":"first","18":"instock","19":"shipping-taxable","20":"purchasable","21":"product-type-simple"},"acf":[],"_links":{"self":[{"href":"https:\/\/vzklaboratory.com\/sr\/wp-json\/wp\/v2\/product\/3201","targetHints":{"allow":["GET"]}}],"collection":[{"href":"https:\/\/vzklaboratory.com\/sr\/wp-json\/wp\/v2\/product"}],"about":[{"href":"https:\/\/vzklaboratory.com\/sr\/wp-json\/wp\/v2\/types\/product"}],"replies":[{"embeddable":true,"href":"https:\/\/vzklaboratory.com\/sr\/wp-json\/wp\/v2\/comments?post=3201"}],"wp:featuredmedia":[{"embeddable":true,"href":"https:\/\/vzklaboratory.com\/sr\/wp-json\/wp\/v2\/media\/3194"}],"wp:attachment":[{"href":"https:\/\/vzklaboratory.com\/sr\/wp-json\/wp\/v2\/media?parent=3201"}],"wp:term":[{"taxonomy":"product_brand","embeddable":true,"href":"https:\/\/vzklaboratory.com\/sr\/wp-json\/wp\/v2\/product_brand?post=3201"},{"taxonomy":"product_cat","embeddable":true,"href":"https:\/\/vzklaboratory.com\/sr\/wp-json\/wp\/v2\/product_cat?post=3201"},{"taxonomy":"product_tag","embeddable":true,"href":"https:\/\/vzklaboratory.com\/sr\/wp-json\/wp\/v2\/product_tag?post=3201"}],"curies":[{"name":"wp","href":"https:\/\/api.w.org\/{rel}","templated":true}]}}