{"id":3162,"date":"2025-10-19T22:57:59","date_gmt":"2025-10-19T20:57:59","guid":{"rendered":"https:\/\/vzk.cubesdev.rs\/our-products\/uncategorized\/vzk-krema-sa-uljem-zutog-nocurka-50ml\/"},"modified":"2025-11-23T20:06:09","modified_gmt":"2025-11-23T19:06:09","slug":"vzk-krema-sa-uljem-zutog-nocurka-50ml","status":"publish","type":"product","link":"https:\/\/vzklaboratory.com\/sr\/na\u0161i-proizvodi\/nega-koze\/kucna-apoteka\/vzk-krema-sa-uljem-zutog-nocurka-50ml\/","title":{"rendered":"VZK KREMA SA ULJEM \u017dUTOG NO\u0106URKA 50ml"},"content":{"rendered":"<p>Ulje no\u0107urka, zahvaljuju\u0107i visokom sadr\u017eaju nezasi\u0107enih masnih kiselina, poma\u017ee ko\u017ei da izgradi prirodnu barijeru protiv \u0161tetnih spolja\u0161njih faktora. Dugotrajna svakodnevna upotreba kreme doprinosi smanjenju iritacija i crvenila ko\u017ee.<\/p>\n","protected":false},"excerpt":{"rendered":"<p>Ulje no\u0107urka, zahvaljuju\u0107i visokom sadr\u017eaju nezasi\u0107enih masnih kiselina, poma\u017ee ko\u017ei da izgradi prirodnu barijeru protiv \u0161tetnih spolja\u0161njih faktora. Dugotrajna svakodnevna upotreba kreme doprinosi smanjenju iritacija i crvenila ko\u017ee.<\/p>\n","protected":false},"featured_media":3161,"comment_status":"open","ping_status":"closed","template":"","meta":{"_acf_changed":false,"_seopress_robots_primary_cat":"none","_seopress_titles_title":"","_seopress_titles_desc":"","_seopress_robots_index":""},"product_brand":[],"product_cat":[334,336,132,149,138,102,156,143,151],"product_tag":[],"class_list":{"0":"post-3162","1":"product","2":"type-product","3":"status-publish","4":"has-post-thumbnail","6":"product_cat-kucna-apoteka","7":"product_cat-basic-hydration","8":"product_cat-nega-koze","9":"product_cat-tip-koze","10":"product_cat-potrebe-koze","11":"product_cat-linije-proizvoda","12":"product_cat-osetljiva-koza","13":"product_cat-osnovna-nega","14":"product_cat-svi-tipovi-koze","16":"first","17":"instock","18":"shipping-taxable","19":"purchasable","20":"product-type-simple"},"acf":[],"_links":{"self":[{"href":"https:\/\/vzklaboratory.com\/sr\/wp-json\/wp\/v2\/product\/3162","targetHints":{"allow":["GET"]}}],"collection":[{"href":"https:\/\/vzklaboratory.com\/sr\/wp-json\/wp\/v2\/product"}],"about":[{"href":"https:\/\/vzklaboratory.com\/sr\/wp-json\/wp\/v2\/types\/product"}],"replies":[{"embeddable":true,"href":"https:\/\/vzklaboratory.com\/sr\/wp-json\/wp\/v2\/comments?post=3162"}],"wp:featuredmedia":[{"embeddable":true,"href":"https:\/\/vzklaboratory.com\/sr\/wp-json\/wp\/v2\/media\/3161"}],"wp:attachment":[{"href":"https:\/\/vzklaboratory.com\/sr\/wp-json\/wp\/v2\/media?parent=3162"}],"wp:term":[{"taxonomy":"product_brand","embeddable":true,"href":"https:\/\/vzklaboratory.com\/sr\/wp-json\/wp\/v2\/product_brand?post=3162"},{"taxonomy":"product_cat","embeddable":true,"href":"https:\/\/vzklaboratory.com\/sr\/wp-json\/wp\/v2\/product_cat?post=3162"},{"taxonomy":"product_tag","embeddable":true,"href":"https:\/\/vzklaboratory.com\/sr\/wp-json\/wp\/v2\/product_tag?post=3162"}],"curies":[{"name":"wp","href":"https:\/\/api.w.org\/{rel}","templated":true}]}}