{"id":3112,"date":"2025-10-19T22:57:36","date_gmt":"2025-10-19T20:57:36","guid":{"rendered":"https:\/\/vzk.cubesdev.rs\/our-products\/uncategorized\/vzk-kantarion-ulje-40ml\/"},"modified":"2025-10-19T22:57:43","modified_gmt":"2025-10-19T20:57:43","slug":"vzk-kantarion-ulje-40ml","status":"publish","type":"product","link":"https:\/\/vzklaboratory.com\/sr\/na\u0161i-proizvodi\/nega-koze\/kucna-apoteka\/vzk-kantarion-ulje-40ml\/","title":{"rendered":"VZK KANTARION ULJE 40ml"},"content":{"rendered":"<p>Kantarionovo ulje se koristi za negu suve i osetljive ko\u017ee. Mo\u017ee se koristiti za relaksaciju i masa\u017eu, a zbog svog umiruju\u0107eg delovanja, preporu\u010duje se i za negu ko\u017ee nakon du\u017eeg izlaganja suncu. Uz dodatak vitamina E \u010dini ko\u017eu mekom i glatkom, pobolj\u0161avaju\u0107i njenu vla\u017enost.<\/p>\n","protected":false},"excerpt":{"rendered":"<p>Kantarionovo ulje se koristi za negu suve i osetljive ko\u017ee. Mo\u017ee se koristiti za relaksaciju i masa\u017eu, a zbog svog umiruju\u0107eg delovanja, preporu\u010duje se i za negu ko\u017ee nakon du\u017eeg izlaganja suncu. Uz dodatak vitamina E \u010dini ko\u017eu mekom i glatkom, pobolj\u0161avaju\u0107i njenu vla\u017enost.<\/p>\n","protected":false},"featured_media":3105,"comment_status":"open","ping_status":"closed","template":"","meta":{"_acf_changed":false,"_seopress_robots_primary_cat":"","_seopress_titles_title":"","_seopress_titles_desc":"","_seopress_robots_index":""},"product_brand":[],"product_cat":[334,132,149,138,102],"product_tag":[],"class_list":{"0":"post-3112","1":"product","2":"type-product","3":"status-publish","4":"has-post-thumbnail","6":"product_cat-kucna-apoteka","7":"product_cat-nega-koze","8":"product_cat-tip-koze","9":"product_cat-potrebe-koze","10":"product_cat-linije-proizvoda","12":"first","13":"instock","14":"shipping-taxable","15":"purchasable","16":"product-type-simple"},"acf":[],"_links":{"self":[{"href":"https:\/\/vzklaboratory.com\/sr\/wp-json\/wp\/v2\/product\/3112","targetHints":{"allow":["GET"]}}],"collection":[{"href":"https:\/\/vzklaboratory.com\/sr\/wp-json\/wp\/v2\/product"}],"about":[{"href":"https:\/\/vzklaboratory.com\/sr\/wp-json\/wp\/v2\/types\/product"}],"replies":[{"embeddable":true,"href":"https:\/\/vzklaboratory.com\/sr\/wp-json\/wp\/v2\/comments?post=3112"}],"wp:featuredmedia":[{"embeddable":true,"href":"https:\/\/vzklaboratory.com\/sr\/wp-json\/wp\/v2\/media\/3105"}],"wp:attachment":[{"href":"https:\/\/vzklaboratory.com\/sr\/wp-json\/wp\/v2\/media?parent=3112"}],"wp:term":[{"taxonomy":"product_brand","embeddable":true,"href":"https:\/\/vzklaboratory.com\/sr\/wp-json\/wp\/v2\/product_brand?post=3112"},{"taxonomy":"product_cat","embeddable":true,"href":"https:\/\/vzklaboratory.com\/sr\/wp-json\/wp\/v2\/product_cat?post=3112"},{"taxonomy":"product_tag","embeddable":true,"href":"https:\/\/vzklaboratory.com\/sr\/wp-json\/wp\/v2\/product_tag?post=3112"}],"curies":[{"name":"wp","href":"https:\/\/api.w.org\/{rel}","templated":true}]}}