{"id":3096,"date":"2025-10-19T22:57:31","date_gmt":"2025-10-19T20:57:31","guid":{"rendered":"https:\/\/vzk.cubesdev.rs\/our-products\/uncategorized\/vzk-intimna-pena-250ml\/"},"modified":"2025-10-19T22:57:35","modified_gmt":"2025-10-19T20:57:35","slug":"vzk-intimna-pena-250ml","status":"publish","type":"product","link":"https:\/\/vzklaboratory.com\/sr\/na\u0161i-proizvodi\/linije-proizvoda\/basic-hydration\/vzk-intimna-pena-250ml\/","title":{"rendered":"VZK INTIMNA PENA 250ML"},"content":{"rendered":"<p>Preporu\u010duje se za svakodnevnu negu i higijenu intimnog podru\u010dja. Blaga formulacija zasnovana na umiruju\u0107em dejstvu aloe vere, pogodna za sve tipove ko\u017ee. Mle\u010dna kiselina poma\u017ee u odr\u017eavanju prirodnog pH vrednosti ko\u017ee, doprinose\u0107i ose\u0107aju udobnosti i sve\u017eine.<\/p>\n","protected":false},"excerpt":{"rendered":"<p>Preporu\u010duje se za svakodnevnu negu i higijenu intimnog podru\u010dja. Blaga formulacija zasnovana na umiruju\u0107em dejstvu aloe vere, pogodna za sve tipove ko\u017ee. Mle\u010dna kiselina poma\u017ee u odr\u017eavanju prirodnog pH vrednosti ko\u017ee, doprinose\u0107i ose\u0107aju udobnosti i sve\u017eine.<\/p>\n","protected":false},"featured_media":3095,"comment_status":"open","ping_status":"closed","template":"","meta":{"_acf_changed":false,"_seopress_robots_primary_cat":"","_seopress_titles_title":"","_seopress_titles_desc":"","_seopress_robots_index":""},"product_brand":[],"product_cat":[336,132,154,134,149,138,102,156,143],"product_tag":[],"class_list":{"0":"post-3096","1":"product","2":"type-product","3":"status-publish","4":"has-post-thumbnail","6":"product_cat-basic-hydration","7":"product_cat-nega-koze","8":"product_cat-normalna-koza","9":"product_cat-nega-tela","10":"product_cat-tip-koze","11":"product_cat-potrebe-koze","12":"product_cat-linije-proizvoda","13":"product_cat-osetljiva-koza","14":"product_cat-osnovna-nega","16":"first","17":"instock","18":"shipping-taxable","19":"purchasable","20":"product-type-simple"},"acf":[],"_links":{"self":[{"href":"https:\/\/vzklaboratory.com\/sr\/wp-json\/wp\/v2\/product\/3096","targetHints":{"allow":["GET"]}}],"collection":[{"href":"https:\/\/vzklaboratory.com\/sr\/wp-json\/wp\/v2\/product"}],"about":[{"href":"https:\/\/vzklaboratory.com\/sr\/wp-json\/wp\/v2\/types\/product"}],"replies":[{"embeddable":true,"href":"https:\/\/vzklaboratory.com\/sr\/wp-json\/wp\/v2\/comments?post=3096"}],"wp:featuredmedia":[{"embeddable":true,"href":"https:\/\/vzklaboratory.com\/sr\/wp-json\/wp\/v2\/media\/3095"}],"wp:attachment":[{"href":"https:\/\/vzklaboratory.com\/sr\/wp-json\/wp\/v2\/media?parent=3096"}],"wp:term":[{"taxonomy":"product_brand","embeddable":true,"href":"https:\/\/vzklaboratory.com\/sr\/wp-json\/wp\/v2\/product_brand?post=3096"},{"taxonomy":"product_cat","embeddable":true,"href":"https:\/\/vzklaboratory.com\/sr\/wp-json\/wp\/v2\/product_cat?post=3096"},{"taxonomy":"product_tag","embeddable":true,"href":"https:\/\/vzklaboratory.com\/sr\/wp-json\/wp\/v2\/product_tag?post=3096"}],"curies":[{"name":"wp","href":"https:\/\/api.w.org\/{rel}","templated":true}]}}