{"id":3063,"date":"2025-10-19T22:57:13","date_gmt":"2025-10-19T20:57:13","guid":{"rendered":"https:\/\/vzk.cubesdev.rs\/our-products\/uncategorized\/vzk-hydra-glow-krema-50ml\/"},"modified":"2025-10-19T22:57:20","modified_gmt":"2025-10-19T20:57:20","slug":"vzk-hydra-glow-krema-50ml","status":"publish","type":"product","link":"https:\/\/vzklaboratory.com\/sr\/na\u0161i-proizvodi\/linije-proizvoda\/hydra-glow\/vzk-hydra-glow-krema-50ml\/","title":{"rendered":"VZK HYDRA GLOW KREMA 50ML"},"content":{"rendered":"<p>Umiruju\u0107a hidratantna krema za lice, neguje i poma\u017ee kod obnove za\u0161titne barijere ko\u017ee. Pa\u017eljivo je osmi\u0161ljena kao odbrana ko\u017ee od negativnih spolja\u0161njih uticaja, \u0161titi ko\u017eu od isu\u0161ivanja i iritacija. Zahvaljuju\u0107i pa\u017eljivo odabranim sastojcima, krema odr\u017eava ko\u017eu zdravom, sjajnom i glatkom.<\/p>\n","protected":false},"excerpt":{"rendered":"<p>Umiruju\u0107a hidratantna krema za lice, neguje i poma\u017ee kod obnove za\u0161titne barijere ko\u017ee. Pa\u017eljivo je osmi\u0161ljena kao odbrana ko\u017ee od negativnih spolja\u0161njih uticaja, \u0161titi ko\u017eu od isu\u0161ivanja i iritacija. Zahvaljuju\u0107i pa\u017eljivo odabranim sastojcima, krema odr\u017eava ko\u017eu zdravom, sjajnom i glatkom.<\/p>\n","protected":false},"featured_media":3056,"comment_status":"open","ping_status":"closed","template":"","meta":{"_acf_changed":false,"_seopress_robots_primary_cat":"","_seopress_titles_title":"","_seopress_titles_desc":"","_seopress_robots_index":""},"product_brand":[],"product_cat":[341,154,132,135,149,138,102,146,151],"product_tag":[],"class_list":{"0":"post-3063","1":"product","2":"type-product","3":"status-publish","4":"has-post-thumbnail","6":"product_cat-hydra-glow","7":"product_cat-normalna-koza","8":"product_cat-nega-koze","9":"product_cat-nega-lica","10":"product_cat-tip-koze","11":"product_cat-potrebe-koze","12":"product_cat-linije-proizvoda","13":"product_cat-hidratacija","14":"product_cat-svi-tipovi-koze","16":"first","17":"instock","18":"shipping-taxable","19":"purchasable","20":"product-type-simple"},"acf":[],"_links":{"self":[{"href":"https:\/\/vzklaboratory.com\/sr\/wp-json\/wp\/v2\/product\/3063","targetHints":{"allow":["GET"]}}],"collection":[{"href":"https:\/\/vzklaboratory.com\/sr\/wp-json\/wp\/v2\/product"}],"about":[{"href":"https:\/\/vzklaboratory.com\/sr\/wp-json\/wp\/v2\/types\/product"}],"replies":[{"embeddable":true,"href":"https:\/\/vzklaboratory.com\/sr\/wp-json\/wp\/v2\/comments?post=3063"}],"wp:featuredmedia":[{"embeddable":true,"href":"https:\/\/vzklaboratory.com\/sr\/wp-json\/wp\/v2\/media\/3056"}],"wp:attachment":[{"href":"https:\/\/vzklaboratory.com\/sr\/wp-json\/wp\/v2\/media?parent=3063"}],"wp:term":[{"taxonomy":"product_brand","embeddable":true,"href":"https:\/\/vzklaboratory.com\/sr\/wp-json\/wp\/v2\/product_brand?post=3063"},{"taxonomy":"product_cat","embeddable":true,"href":"https:\/\/vzklaboratory.com\/sr\/wp-json\/wp\/v2\/product_cat?post=3063"},{"taxonomy":"product_tag","embeddable":true,"href":"https:\/\/vzklaboratory.com\/sr\/wp-json\/wp\/v2\/product_tag?post=3063"}],"curies":[{"name":"wp","href":"https:\/\/api.w.org\/{rel}","templated":true}]}}