{"id":3046,"date":"2025-10-19T22:57:08","date_gmt":"2025-10-19T20:57:08","guid":{"rendered":"https:\/\/vzk.cubesdev.rs\/our-products\/uncategorized\/vzk-hydra-glow-gel-za-umivanje-200ml\/"},"modified":"2025-10-19T22:57:12","modified_gmt":"2025-10-19T20:57:12","slug":"vzk-hydra-glow-gel-za-umivanje-200ml","status":"publish","type":"product","link":"https:\/\/vzklaboratory.com\/sr\/na\u0161i-proizvodi\/linije-proizvoda\/hydra-glow\/vzk-hydra-glow-gel-za-umivanje-200ml\/","title":{"rendered":"VZK HYDRA GLOW GEL ZA UMIVANJE 200ML"},"content":{"rendered":"<p>Gel za umivanje namenjen \u010di\u0161\u0107enju i nezi svih tipova ko\u017ee. Efikasno \u010disti ko\u017eu, skida \u0161minku i odr\u017eava prirodni balans ko\u017ene barijere. Ne\u017eno uklanja masno\u0107u, ne\u010disto\u0107e i ostatke \u0161minke sa lica, bez prekomernog isu\u0161ivanja.<\/p>\n","protected":false},"excerpt":{"rendered":"<p>Gel za umivanje namenjen \u010di\u0161\u0107enju i nezi svih tipova ko\u017ee. Efikasno \u010disti ko\u017eu, skida \u0161minku i odr\u017eava prirodni balans ko\u017ene barijere. Ne\u017eno uklanja masno\u0107u, ne\u010disto\u0107e i ostatke \u0161minke sa lica, bez prekomernog isu\u0161ivanja.<\/p>\n","protected":false},"featured_media":3045,"comment_status":"open","ping_status":"closed","template":"","meta":{"_acf_changed":false,"_seopress_robots_primary_cat":"","_seopress_titles_title":"","_seopress_titles_desc":"","_seopress_robots_index":""},"product_brand":[],"product_cat":[341,378,154,132,135,149,138,102,146,151],"product_tag":[],"class_list":{"0":"post-3046","1":"product","2":"type-product","3":"status-publish","4":"has-post-thumbnail","6":"product_cat-hydra-glow","7":"product_cat-ciscenje-lica","8":"product_cat-normalna-koza","9":"product_cat-nega-koze","10":"product_cat-nega-lica","11":"product_cat-tip-koze","12":"product_cat-potrebe-koze","13":"product_cat-linije-proizvoda","14":"product_cat-hidratacija","15":"product_cat-svi-tipovi-koze","17":"first","18":"instock","19":"shipping-taxable","20":"purchasable","21":"product-type-simple"},"acf":[],"_links":{"self":[{"href":"https:\/\/vzklaboratory.com\/sr\/wp-json\/wp\/v2\/product\/3046","targetHints":{"allow":["GET"]}}],"collection":[{"href":"https:\/\/vzklaboratory.com\/sr\/wp-json\/wp\/v2\/product"}],"about":[{"href":"https:\/\/vzklaboratory.com\/sr\/wp-json\/wp\/v2\/types\/product"}],"replies":[{"embeddable":true,"href":"https:\/\/vzklaboratory.com\/sr\/wp-json\/wp\/v2\/comments?post=3046"}],"wp:featuredmedia":[{"embeddable":true,"href":"https:\/\/vzklaboratory.com\/sr\/wp-json\/wp\/v2\/media\/3045"}],"wp:attachment":[{"href":"https:\/\/vzklaboratory.com\/sr\/wp-json\/wp\/v2\/media?parent=3046"}],"wp:term":[{"taxonomy":"product_brand","embeddable":true,"href":"https:\/\/vzklaboratory.com\/sr\/wp-json\/wp\/v2\/product_brand?post=3046"},{"taxonomy":"product_cat","embeddable":true,"href":"https:\/\/vzklaboratory.com\/sr\/wp-json\/wp\/v2\/product_cat?post=3046"},{"taxonomy":"product_tag","embeddable":true,"href":"https:\/\/vzklaboratory.com\/sr\/wp-json\/wp\/v2\/product_tag?post=3046"}],"curies":[{"name":"wp","href":"https:\/\/api.w.org\/{rel}","templated":true}]}}