{"id":3035,"date":"2025-10-19T22:57:03","date_gmt":"2025-10-19T20:57:03","guid":{"rendered":"https:\/\/vzk.cubesdev.rs\/our-products\/uncategorized\/vzk-hyaluron-serum-30ml\/"},"modified":"2025-10-19T22:57:07","modified_gmt":"2025-10-19T20:57:07","slug":"vzk-hyaluron-serum-30ml","status":"publish","type":"product","link":"https:\/\/vzklaboratory.com\/sr\/na\u0161i-proizvodi\/tip-koze\/zrela-koza\/vzk-hyaluron-serum-30ml\/","title":{"rendered":"VZK HYALURON SERUM 30ML"},"content":{"rendered":"<p>Koncentrovani serum za lice sa hijaluronskom kiselinom i kofeinom namenjen nezi i hidrataciji ko\u017ee lica. Zahvaljuju\u0107i visokoefikasnim anti-age sastojcima pru\u017ea trenutni efekat zatezanja, umanjuje znake umora i stresa, daju\u0107i ko\u017ei sjaj i energiju. Pogodno za sve tipove ko\u017ee.<\/p>\n","protected":false},"excerpt":{"rendered":"<p>Koncentrovani serum za lice sa hijaluronskom kiselinom i kofeinom namenjen nezi i hidrataciji ko\u017ee lica. Zahvaljuju\u0107i visokoefikasnim anti-age sastojcima pru\u017ea trenutni efekat zatezanja, umanjuje znake umora i stresa, daju\u0107i ko\u017ei sjaj i energiju. Pogodno za sve tipove ko\u017ee.<\/p>\n","protected":false},"featured_media":3034,"comment_status":"open","ping_status":"closed","template":"","meta":{"_acf_changed":false,"_seopress_robots_primary_cat":"","_seopress_titles_title":"","_seopress_titles_desc":"","_seopress_robots_index":""},"product_brand":[],"product_cat":[384,103,132,135,142,149,138,102,146,153,151],"product_tag":[],"class_list":{"0":"post-3035","1":"product","2":"type-product","3":"status-publish","4":"has-post-thumbnail","6":"product_cat-zrela-koza","7":"product_cat-vzk-hyaluron","8":"product_cat-nega-koze","9":"product_cat-nega-lica","10":"product_cat-protiv-bora","11":"product_cat-tip-koze","12":"product_cat-potrebe-koze","13":"product_cat-linije-proizvoda","14":"product_cat-hidratacija","15":"product_cat-suva-koza","16":"product_cat-svi-tipovi-koze","18":"first","19":"instock","20":"shipping-taxable","21":"purchasable","22":"product-type-simple"},"acf":[],"_links":{"self":[{"href":"https:\/\/vzklaboratory.com\/sr\/wp-json\/wp\/v2\/product\/3035","targetHints":{"allow":["GET"]}}],"collection":[{"href":"https:\/\/vzklaboratory.com\/sr\/wp-json\/wp\/v2\/product"}],"about":[{"href":"https:\/\/vzklaboratory.com\/sr\/wp-json\/wp\/v2\/types\/product"}],"replies":[{"embeddable":true,"href":"https:\/\/vzklaboratory.com\/sr\/wp-json\/wp\/v2\/comments?post=3035"}],"wp:featuredmedia":[{"embeddable":true,"href":"https:\/\/vzklaboratory.com\/sr\/wp-json\/wp\/v2\/media\/3034"}],"wp:attachment":[{"href":"https:\/\/vzklaboratory.com\/sr\/wp-json\/wp\/v2\/media?parent=3035"}],"wp:term":[{"taxonomy":"product_brand","embeddable":true,"href":"https:\/\/vzklaboratory.com\/sr\/wp-json\/wp\/v2\/product_brand?post=3035"},{"taxonomy":"product_cat","embeddable":true,"href":"https:\/\/vzklaboratory.com\/sr\/wp-json\/wp\/v2\/product_cat?post=3035"},{"taxonomy":"product_tag","embeddable":true,"href":"https:\/\/vzklaboratory.com\/sr\/wp-json\/wp\/v2\/product_tag?post=3035"}],"curies":[{"name":"wp","href":"https:\/\/api.w.org\/{rel}","templated":true}]}}