{"id":3024,"date":"2025-10-19T22:56:58","date_gmt":"2025-10-19T20:56:58","guid":{"rendered":"https:\/\/vzk.cubesdev.rs\/our-products\/uncategorized\/vzk-hyaluron-nocna-krema-50ml\/"},"modified":"2025-10-19T22:57:02","modified_gmt":"2025-10-19T20:57:02","slug":"vzk-hyaluron-nocna-krema-50ml","status":"publish","type":"product","link":"https:\/\/vzklaboratory.com\/sr\/na\u0161i-proizvodi\/tip-koze\/zrela-koza\/vzk-hyaluron-nocna-krema-50ml\/","title":{"rendered":"VZK HYALURON NO\u0106NA KREMA 50ML"},"content":{"rendered":"<p>No\u0107na krema sa anti-age efektom predstavlja posebnu formulaciju namenjenu nezi i oporavku ko\u017ee lica tokom no\u0107i. Sadr\u017ei hijaluronsku kiselinu, ulja p\u0161eni\u010dnih klica i semenki gro\u017e\u0111a, koji pru\u017eaju intenzivnu negu i hidrataciju, za glatku i zategnutu ko\u017eu. Pogodno za sve tipove ko\u017ee.<\/p>\n","protected":false},"excerpt":{"rendered":"<p>No\u0107na krema sa anti-age efektom predstavlja posebnu formulaciju namenjenu nezi i oporavku ko\u017ee lica tokom no\u0107i. Sadr\u017ei hijaluronsku kiselinu, ulja p\u0161eni\u010dnih klica i semenki gro\u017e\u0111a, koji pru\u017eaju intenzivnu negu i hidrataciju, za glatku i zategnutu ko\u017eu. Pogodno za sve tipove ko\u017ee.<\/p>\n","protected":false},"featured_media":3023,"comment_status":"open","ping_status":"closed","template":"","meta":{"_acf_changed":false,"_seopress_robots_primary_cat":"","_seopress_titles_title":"","_seopress_titles_desc":"","_seopress_robots_index":""},"product_brand":[],"product_cat":[384,103,132,135,142,149,138,146,102,153,151],"product_tag":[],"class_list":{"0":"post-3024","1":"product","2":"type-product","3":"status-publish","4":"has-post-thumbnail","6":"product_cat-zrela-koza","7":"product_cat-vzk-hyaluron","8":"product_cat-nega-koze","9":"product_cat-nega-lica","10":"product_cat-protiv-bora","11":"product_cat-tip-koze","12":"product_cat-potrebe-koze","13":"product_cat-hidratacija","14":"product_cat-linije-proizvoda","15":"product_cat-suva-koza","16":"product_cat-svi-tipovi-koze","18":"first","19":"instock","20":"shipping-taxable","21":"purchasable","22":"product-type-simple"},"acf":[],"_links":{"self":[{"href":"https:\/\/vzklaboratory.com\/sr\/wp-json\/wp\/v2\/product\/3024","targetHints":{"allow":["GET"]}}],"collection":[{"href":"https:\/\/vzklaboratory.com\/sr\/wp-json\/wp\/v2\/product"}],"about":[{"href":"https:\/\/vzklaboratory.com\/sr\/wp-json\/wp\/v2\/types\/product"}],"replies":[{"embeddable":true,"href":"https:\/\/vzklaboratory.com\/sr\/wp-json\/wp\/v2\/comments?post=3024"}],"wp:featuredmedia":[{"embeddable":true,"href":"https:\/\/vzklaboratory.com\/sr\/wp-json\/wp\/v2\/media\/3023"}],"wp:attachment":[{"href":"https:\/\/vzklaboratory.com\/sr\/wp-json\/wp\/v2\/media?parent=3024"}],"wp:term":[{"taxonomy":"product_brand","embeddable":true,"href":"https:\/\/vzklaboratory.com\/sr\/wp-json\/wp\/v2\/product_brand?post=3024"},{"taxonomy":"product_cat","embeddable":true,"href":"https:\/\/vzklaboratory.com\/sr\/wp-json\/wp\/v2\/product_cat?post=3024"},{"taxonomy":"product_tag","embeddable":true,"href":"https:\/\/vzklaboratory.com\/sr\/wp-json\/wp\/v2\/product_tag?post=3024"}],"curies":[{"name":"wp","href":"https:\/\/api.w.org\/{rel}","templated":true}]}}